{"id":9004,"date":"2026-01-20T18:11:25","date_gmt":"2026-01-20T18:11:25","guid":{"rendered":"https:\/\/cdhhgo.org\/home\/?page_id=9004"},"modified":"2026-04-09T23:44:42","modified_gmt":"2026-04-09T23:44:42","slug":"licitaciones-2026","status":"publish","type":"page","link":"https:\/\/cdhhgo.org\/home\/licitaciones-2026\/","title":{"rendered":"Licitaciones 2026"},"content":{"rendered":"\t\t<div data-elementor-type=\"wp-page\" data-elementor-id=\"9004\" class=\"elementor elementor-9004\">\n\t\t\t\t\t\t<section class=\"elementor-section elementor-top-section elementor-element elementor-element-8fa1675 elementor-section-boxed elementor-section-height-default elementor-section-height-default\" data-id=\"8fa1675\" data-element_type=\"section\" data-e-type=\"section\">\n\t\t\t\t\t\t<div class=\"elementor-container elementor-column-gap-default\">\n\t\t\t\t\t<div class=\"elementor-column elementor-col-100 elementor-top-column elementor-element elementor-element-d40e70c\" data-id=\"d40e70c\" data-element_type=\"column\" data-e-type=\"column\">\n\t\t\t<div class=\"elementor-widget-wrap elementor-element-populated\">\n\t\t\t\t\t\t<div class=\"elementor-element elementor-element-d6b6be8 elementor-widget elementor-widget-text-editor\" data-id=\"d6b6be8\" data-element_type=\"widget\" data-e-type=\"widget\" data-widget_type=\"text-editor.default\">\n\t\t\t\t<div class=\"elementor-widget-container\">\n\t\t\t\t\t\t\t\t\t<h5>LICITACI\u00d3N P\u00daBLICA NACIONAL LPN-CDHEH\/01-2026<\/h5><p><a href=\"https:\/\/cdhhgo.org\/home\/wp-content\/uploads\/2026\/01\/BASES_LICITACION_PUBLICA_NACIONAL_LPN-CDHEH-01-2026.pdf\" target=\"_blank\" rel=\"noopener\"><strong>BASES<\/strong><\/a><\/p><p><a href=\"https:\/\/cdhhgo.org\/home\/wp-content\/uploads\/2026\/02\/ACTA_JUNTA_ACLARACIONES_LPN-CDHEH-01-2026.pdf\" target=\"_blank\" rel=\"nofollow noopener\"><strong>JUNTA DE ACLAR<\/strong><strong>A<\/strong><strong>CIONES<\/strong><\/a><\/p><p><a href=\"https:\/\/cdhhgo.org\/home\/wp-content\/uploads\/2026\/02\/ACTA_PRESENTACION_Y_APERTURA_PROPOSICIONES_LPN_CDHEH_01_2026.pdf\" target=\"_blank\" rel=\"nofollow noopener\"><strong>ACTA PRESENTACION Y APERTURA DE PROPOSICIONES<\/strong><\/a><\/p><p><a href=\"\/home\/wp-content\/uploads\/2026\/02\/ACTA_FALLO_LPN_CDHEH_01_2026.pdf\" target=\"_blank\" rel=\"nofollow noopener\"><strong>ACTO DE FALLO<\/strong><\/a><\/p>\t\t\t\t\t\t\t\t<\/div>\n\t\t\t\t<\/div>\n\t\t\t\t\t<\/div>\n\t\t<\/div>\n\t\t\t\t\t<\/div>\n\t\t<\/section>\n\t\t\t\t<section class=\"elementor-section elementor-top-section elementor-element elementor-element-ab9aaa7 elementor-section-boxed elementor-section-height-default elementor-section-height-default\" data-id=\"ab9aaa7\" data-element_type=\"section\" data-e-type=\"section\">\n\t\t\t\t\t\t<div class=\"elementor-container elementor-column-gap-default\">\n\t\t\t\t\t<div class=\"elementor-column elementor-col-100 elementor-top-column elementor-element elementor-element-75d7085\" data-id=\"75d7085\" data-element_type=\"column\" data-e-type=\"column\">\n\t\t\t<div class=\"elementor-widget-wrap elementor-element-populated\">\n\t\t\t\t\t\t<div class=\"elementor-element elementor-element-c3299df elementor-widget elementor-widget-text-editor\" data-id=\"c3299df\" data-element_type=\"widget\" data-e-type=\"widget\" data-widget_type=\"text-editor.default\">\n\t\t\t\t<div class=\"elementor-widget-container\">\n\t\t\t\t\t\t\t\t\t<h5>LICITACI\u00d3N P\u00daBLICA NACIONAL LPN-CDHEH\/02-2026<\/h5><p><a href=\"https:\/\/cdhhgo.org\/home\/wp-content\/uploads\/2026\/03\/BASES_LICITACION_PUBLICA_NACIONAL_LPN-CDHEH-02-2026.pdf\" target=\"_blank\" rel=\"nofollow noopener\"><strong>BASES<\/strong><\/a><\/p><p><a href=\"\/home\/wp-content\/uploads\/2026\/03\/ACTA_JUNTA_ACLARACIONES_LPN-CDHEH-02-2026.pdf\" target=\"_blank\" rel=\"nofollow noopener\"><strong>JUNTA DE ACLAR<\/strong><strong>A<\/strong><strong>CIONES<\/strong><\/a><\/p><p><a href=\"\/home\/wp-content\/uploads\/2026\/03\/ACTA_PRESENTACION_APERTURA_PROPOSICIONES_LPN-CDHEH-02-26.pdf\" target=\"_blank\" rel=\"nofollow noopener\"><strong>ACTA PRESENTACION Y APERTURA DE PROPOSICIONES<\/strong><\/a><\/p><p><a href=\"\/home\/wp-content\/uploads\/2026\/03\/ACTA_FALLO_LPN-CDHEH-02-2026.pdf\" target=\"_blank\" rel=\"nofollow noopener\"><strong>ACTO DE FALLO<\/strong><\/a><\/p>\t\t\t\t\t\t\t\t<\/div>\n\t\t\t\t<\/div>\n\t\t\t\t\t<\/div>\n\t\t<\/div>\n\t\t\t\t\t<\/div>\n\t\t<\/section>\n\t\t\t\t<section class=\"elementor-section elementor-top-section elementor-element elementor-element-d15d403 elementor-section-boxed elementor-section-height-default elementor-section-height-default\" data-id=\"d15d403\" data-element_type=\"section\" data-e-type=\"section\">\n\t\t\t\t\t\t<div class=\"elementor-container elementor-column-gap-default\">\n\t\t\t\t\t<div class=\"elementor-column elementor-col-100 elementor-top-column elementor-element elementor-element-a2eaa63\" data-id=\"a2eaa63\" data-element_type=\"column\" data-e-type=\"column\">\n\t\t\t<div class=\"elementor-widget-wrap elementor-element-populated\">\n\t\t\t\t\t\t<div class=\"elementor-element elementor-element-8ce46f7 elementor-widget elementor-widget-text-editor\" data-id=\"8ce46f7\" data-element_type=\"widget\" data-e-type=\"widget\" data-widget_type=\"text-editor.default\">\n\t\t\t\t<div class=\"elementor-widget-container\">\n\t\t\t\t\t\t\t\t\t<h5>LICITACI\u00d3N P\u00daBLICA NACIONAL PARA ENAJENACI\u00d3N DE BIENES\u00a0 LPN-CDHEH-EB\/01-2026<\/h5><p><a href=\"\/home\/wp-content\/uploads\/2026\/03\/BASES_LPN-CDHEH-EB01-2026.pdf\" target=\"_blank\" rel=\"nofollow noopener\"><strong>BASES<\/strong><\/a><\/p><p><a href=\"\/home\/wp-content\/uploads\/2026\/04\/ACTA_JUNTA_ACLARACIONES_ENAJENACION_VEHICULOS.pdf\" target=\"_blank\" rel=\"nofollow noopener\"><strong>JUNTA DE ACLAR<\/strong><strong>A<\/strong><strong>CIONES<\/strong><\/a><\/p><p><a href=\"\/home\/wp-content\/uploads\/2026\/04\/ACTA_PRESENTACION_APERTURA_PROPOSICIONES_LPN-CDHEH-EB01-2026.pdf\" target=\"_blank\" rel=\"nofollow noopener\"><strong>ACTA PRESENTACION Y APERTURA DE PROPOSICIONES<\/strong><\/a><\/p><p><a href=\"\/home\/wp-content\/uploads\/2026\/04\/FE_ERRATAS_LPN-CDHEH-EB01-2026.pdf\" target=\"_blank\" rel=\"nofollow noopener\"><strong>FE DE ERRATAS<\/strong><\/a><\/p><p><strong>ACTO DE FALLO<\/strong><\/p>\t\t\t\t\t\t\t\t<\/div>\n\t\t\t\t<\/div>\n\t\t\t\t\t<\/div>\n\t\t<\/div>\n\t\t\t\t\t<\/div>\n\t\t<\/section>\n\t\t\t\t<\/div>\n\t\t","protected":false},"excerpt":{"rendered":"<div class=\"mh-excerpt\"><p>LICITACI\u00d3N P\u00daBLICA NACIONAL LPN-CDHEH\/01-2026 BASES JUNTA DE ACLARACIONES ACTA PRESENTACION Y APERTURA DE PROPOSICIONES ACTO DE FALLO LICITACI\u00d3N P\u00daBLICA NACIONAL LPN-CDHEH\/02-2026 BASES JUNTA DE ACLARACIONES <a class=\"mh-excerpt-more\" href=\"https:\/\/cdhhgo.org\/home\/licitaciones-2026\/\" title=\"Licitaciones 2026\">[&#8230;]<\/a><\/p>\n<\/div>","protected":false},"author":2,"featured_media":0,"parent":0,"menu_order":0,"comment_status":"closed","ping_status":"closed","template":"","meta":{"_monsterinsights_skip_tracking":false,"_monsterinsights_sitenote_active":false,"_monsterinsights_sitenote_note":"","_monsterinsights_sitenote_category":0,"footnotes":""},"wf_page_folders":[],"class_list":["post-9004","page","type-page","status-publish","hentry"],"aioseo_notices":[],"yoast_head":"<!-- This site is optimized with the Yoast SEO plugin v27.0 - https:\/\/yoast.com\/product\/yoast-seo-wordpress\/ -->\n<title>Licitaciones 2026 - CDHEH<\/title>\n<meta name=\"robots\" content=\"index, follow, max-snippet:-1, max-image-preview:large, max-video-preview:-1\" \/>\n<link rel=\"canonical\" href=\"https:\/\/cdhhgo.org\/home\/licitaciones-2026\/\" \/>\n<meta property=\"og:locale\" content=\"es_MX\" \/>\n<meta property=\"og:type\" content=\"article\" \/>\n<meta property=\"og:title\" content=\"Licitaciones 2026 - CDHEH\" \/>\n<meta property=\"og:description\" content=\"LICITACI\u00d3N P\u00daBLICA NACIONAL LPN-CDHEH\/01-2026 BASES JUNTA DE ACLARACIONES ACTA PRESENTACION Y APERTURA DE PROPOSICIONES ACTO DE FALLO LICITACI\u00d3N P\u00daBLICA NACIONAL LPN-CDHEH\/02-2026 BASES JUNTA DE ACLARACIONES [...]\" \/>\n<meta property=\"og:url\" content=\"https:\/\/cdhhgo.org\/home\/licitaciones-2026\/\" \/>\n<meta property=\"og:site_name\" content=\"CDHEH\" \/>\n<meta property=\"article:modified_time\" content=\"2026-04-09T23:44:42+00:00\" \/>\n<meta name=\"twitter:card\" content=\"summary_large_image\" \/>\n<meta name=\"twitter:label1\" content=\"Tiempo de lectura\" \/>\n\t<meta name=\"twitter:data1\" content=\"1 minuto\" \/>\n<script type=\"application\/ld+json\" class=\"yoast-schema-graph\">{\"@context\":\"https:\/\/schema.org\",\"@graph\":[{\"@type\":\"WebPage\",\"@id\":\"https:\/\/cdhhgo.org\/home\/licitaciones-2026\/\",\"url\":\"https:\/\/cdhhgo.org\/home\/licitaciones-2026\/\",\"name\":\"Licitaciones 2026 - CDHEH\",\"isPartOf\":{\"@id\":\"https:\/\/cdhhgo.org\/home\/#website\"},\"datePublished\":\"2026-01-20T18:11:25+00:00\",\"dateModified\":\"2026-04-09T23:44:42+00:00\",\"breadcrumb\":{\"@id\":\"https:\/\/cdhhgo.org\/home\/licitaciones-2026\/#breadcrumb\"},\"inLanguage\":\"es\",\"potentialAction\":[{\"@type\":\"ReadAction\",\"target\":[\"https:\/\/cdhhgo.org\/home\/licitaciones-2026\/\"]}]},{\"@type\":\"BreadcrumbList\",\"@id\":\"https:\/\/cdhhgo.org\/home\/licitaciones-2026\/#breadcrumb\",\"itemListElement\":[{\"@type\":\"ListItem\",\"position\":1,\"name\":\"Inicio\",\"item\":\"https:\/\/cdhhgo.org\/home\/\"},{\"@type\":\"ListItem\",\"position\":2,\"name\":\"Licitaciones 2026\"}]},{\"@type\":\"WebSite\",\"@id\":\"https:\/\/cdhhgo.org\/home\/#website\",\"url\":\"https:\/\/cdhhgo.org\/home\/\",\"name\":\"Comisi\u00f3n de Derechos Humanos del Estado de Hidalgo\",\"description\":\"comision de derechos humanos del estado de hidalgo\",\"publisher\":{\"@id\":\"https:\/\/cdhhgo.org\/home\/#organization\"},\"potentialAction\":[{\"@type\":\"SearchAction\",\"target\":{\"@type\":\"EntryPoint\",\"urlTemplate\":\"https:\/\/cdhhgo.org\/home\/?s={search_term_string}\"},\"query-input\":{\"@type\":\"PropertyValueSpecification\",\"valueRequired\":true,\"valueName\":\"search_term_string\"}}],\"inLanguage\":\"es\"},{\"@type\":\"Organization\",\"@id\":\"https:\/\/cdhhgo.org\/home\/#organization\",\"name\":\"Comisi\u00f3n de Derechos Humanos del Estado de Hidalgo\",\"url\":\"https:\/\/cdhhgo.org\/home\/\",\"logo\":{\"@type\":\"ImageObject\",\"inLanguage\":\"es\",\"@id\":\"https:\/\/cdhhgo.org\/home\/#\/schema\/logo\/image\/\",\"url\":\"https:\/\/cdhhgo.org\/home\/wp-content\/uploads\/2019\/02\/logo.jpg\",\"contentUrl\":\"https:\/\/cdhhgo.org\/home\/wp-content\/uploads\/2019\/02\/logo.jpg\",\"width\":3000,\"height\":2072,\"caption\":\"Comisi\u00f3n de Derechos Humanos del Estado de Hidalgo\"},\"image\":{\"@id\":\"https:\/\/cdhhgo.org\/home\/#\/schema\/logo\/image\/\"}}]}<\/script>\n<!-- \/ Yoast SEO plugin. -->","yoast_head_json":{"title":"Licitaciones 2026 - CDHEH","robots":{"index":"index","follow":"follow","max-snippet":"max-snippet:-1","max-image-preview":"max-image-preview:large","max-video-preview":"max-video-preview:-1"},"canonical":"https:\/\/cdhhgo.org\/home\/licitaciones-2026\/","og_locale":"es_MX","og_type":"article","og_title":"Licitaciones 2026 - CDHEH","og_description":"LICITACI\u00d3N P\u00daBLICA NACIONAL LPN-CDHEH\/01-2026 BASES JUNTA DE ACLARACIONES ACTA PRESENTACION Y APERTURA DE PROPOSICIONES ACTO DE FALLO LICITACI\u00d3N P\u00daBLICA NACIONAL LPN-CDHEH\/02-2026 BASES JUNTA DE ACLARACIONES [...]","og_url":"https:\/\/cdhhgo.org\/home\/licitaciones-2026\/","og_site_name":"CDHEH","article_modified_time":"2026-04-09T23:44:42+00:00","twitter_card":"summary_large_image","twitter_misc":{"Tiempo de lectura":"1 minuto"},"schema":{"@context":"https:\/\/schema.org","@graph":[{"@type":"WebPage","@id":"https:\/\/cdhhgo.org\/home\/licitaciones-2026\/","url":"https:\/\/cdhhgo.org\/home\/licitaciones-2026\/","name":"Licitaciones 2026 - CDHEH","isPartOf":{"@id":"https:\/\/cdhhgo.org\/home\/#website"},"datePublished":"2026-01-20T18:11:25+00:00","dateModified":"2026-04-09T23:44:42+00:00","breadcrumb":{"@id":"https:\/\/cdhhgo.org\/home\/licitaciones-2026\/#breadcrumb"},"inLanguage":"es","potentialAction":[{"@type":"ReadAction","target":["https:\/\/cdhhgo.org\/home\/licitaciones-2026\/"]}]},{"@type":"BreadcrumbList","@id":"https:\/\/cdhhgo.org\/home\/licitaciones-2026\/#breadcrumb","itemListElement":[{"@type":"ListItem","position":1,"name":"Inicio","item":"https:\/\/cdhhgo.org\/home\/"},{"@type":"ListItem","position":2,"name":"Licitaciones 2026"}]},{"@type":"WebSite","@id":"https:\/\/cdhhgo.org\/home\/#website","url":"https:\/\/cdhhgo.org\/home\/","name":"Comisi\u00f3n de Derechos Humanos del Estado de Hidalgo","description":"comision de derechos humanos del estado de hidalgo","publisher":{"@id":"https:\/\/cdhhgo.org\/home\/#organization"},"potentialAction":[{"@type":"SearchAction","target":{"@type":"EntryPoint","urlTemplate":"https:\/\/cdhhgo.org\/home\/?s={search_term_string}"},"query-input":{"@type":"PropertyValueSpecification","valueRequired":true,"valueName":"search_term_string"}}],"inLanguage":"es"},{"@type":"Organization","@id":"https:\/\/cdhhgo.org\/home\/#organization","name":"Comisi\u00f3n de Derechos Humanos del Estado de Hidalgo","url":"https:\/\/cdhhgo.org\/home\/","logo":{"@type":"ImageObject","inLanguage":"es","@id":"https:\/\/cdhhgo.org\/home\/#\/schema\/logo\/image\/","url":"https:\/\/cdhhgo.org\/home\/wp-content\/uploads\/2019\/02\/logo.jpg","contentUrl":"https:\/\/cdhhgo.org\/home\/wp-content\/uploads\/2019\/02\/logo.jpg","width":3000,"height":2072,"caption":"Comisi\u00f3n de Derechos Humanos del Estado de Hidalgo"},"image":{"@id":"https:\/\/cdhhgo.org\/home\/#\/schema\/logo\/image\/"}}]}},"_links":{"self":[{"href":"https:\/\/cdhhgo.org\/home\/wp-json\/wp\/v2\/pages\/9004","targetHints":{"allow":["GET"]}}],"collection":[{"href":"https:\/\/cdhhgo.org\/home\/wp-json\/wp\/v2\/pages"}],"about":[{"href":"https:\/\/cdhhgo.org\/home\/wp-json\/wp\/v2\/types\/page"}],"author":[{"embeddable":true,"href":"https:\/\/cdhhgo.org\/home\/wp-json\/wp\/v2\/users\/2"}],"replies":[{"embeddable":true,"href":"https:\/\/cdhhgo.org\/home\/wp-json\/wp\/v2\/comments?post=9004"}],"version-history":[{"count":52,"href":"https:\/\/cdhhgo.org\/home\/wp-json\/wp\/v2\/pages\/9004\/revisions"}],"predecessor-version":[{"id":9241,"href":"https:\/\/cdhhgo.org\/home\/wp-json\/wp\/v2\/pages\/9004\/revisions\/9241"}],"wp:attachment":[{"href":"https:\/\/cdhhgo.org\/home\/wp-json\/wp\/v2\/media?parent=9004"}],"wp:term":[{"taxonomy":"wf_page_folders","embeddable":true,"href":"https:\/\/cdhhgo.org\/home\/wp-json\/wp\/v2\/wf_page_folders?post=9004"}],"curies":[{"name":"wp","href":"https:\/\/api.w.org\/{rel}","templated":true}]}}