{"id":5877,"date":"2022-12-19T18:39:53","date_gmt":"2022-12-19T18:39:53","guid":{"rendered":"https:\/\/cdhhgo.org\/home\/?page_id=5877"},"modified":"2022-12-19T19:46:42","modified_gmt":"2022-12-19T19:46:42","slug":"amonestaciones-publicas","status":"publish","type":"page","link":"https:\/\/cdhhgo.org\/home\/amonestaciones-publicas\/","title":{"rendered":"Amonestaciones P\u00fablicas"},"content":{"rendered":"\t\t<div data-elementor-type=\"wp-page\" data-elementor-id=\"5877\" class=\"elementor elementor-5877\">\n\t\t\t\t\t\t<section class=\"elementor-section elementor-top-section elementor-element elementor-element-2ee4d6e elementor-section-boxed elementor-section-height-default elementor-section-height-default\" data-id=\"2ee4d6e\" data-element_type=\"section\" data-e-type=\"section\">\n\t\t\t\t\t\t<div class=\"elementor-container elementor-column-gap-default\">\n\t\t\t\t\t<div class=\"elementor-column elementor-col-100 elementor-top-column elementor-element elementor-element-ccd84f9\" data-id=\"ccd84f9\" data-element_type=\"column\" data-e-type=\"column\">\n\t\t\t<div class=\"elementor-widget-wrap elementor-element-populated\">\n\t\t\t\t\t\t<div class=\"elementor-element elementor-element-07f75fc elementor-widget elementor-widget-text-editor\" data-id=\"07f75fc\" data-element_type=\"widget\" data-e-type=\"widget\" data-widget_type=\"text-editor.default\">\n\t\t\t\t<div class=\"elementor-widget-container\">\n\t\t\t\t\t\t\t\t\t<h2>Diciembre 2022<\/h2><ul><li><h4><span style=\"color: #005c70;\"><a style=\"color: #005c70;\" href=\"https:\/\/cdhhgo.org\/home\/wp-content\/uploads\/2022\/12\/AMONESTACION\/Abel_Cadena_Gomez.pdf\" target=\"_blank\" rel=\"nofollow noopener\">Abel Cadena G\u00f3mez<\/a><\/span><\/h4><\/li><li><h4><span style=\"color: #005c70;\"><a style=\"color: #005c70;\" href=\"https:\/\/cdhhgo.org\/home\/wp-content\/uploads\/2022\/12\/AMONESTACION\/Jose_Daniel_Tapia_Silva.pdf\" target=\"_blank\" rel=\"nofollow noopener\">Jos\u00e9 Daniel Tapia Silva<\/a><\/span><\/h4><\/li><\/ul><h4>\u00a0<\/h4>\t\t\t\t\t\t\t\t<\/div>\n\t\t\t\t<\/div>\n\t\t\t\t\t<\/div>\n\t\t<\/div>\n\t\t\t\t\t<\/div>\n\t\t<\/section>\n\t\t\t\t<\/div>\n\t\t","protected":false},"excerpt":{"rendered":"<div class=\"mh-excerpt\"><p>Diciembre 2022 Abel Cadena G\u00f3mez Jos\u00e9 Daniel Tapia Silva \u00a0<\/p>\n<\/div>","protected":false},"author":2,"featured_media":0,"parent":0,"menu_order":0,"comment_status":"closed","ping_status":"closed","template":"","meta":{"_monsterinsights_skip_tracking":false,"_monsterinsights_sitenote_active":false,"_monsterinsights_sitenote_note":"","_monsterinsights_sitenote_category":0,"footnotes":""},"wf_page_folders":[],"class_list":["post-5877","page","type-page","status-publish","hentry"],"aioseo_notices":[],"yoast_head":"<!-- This site is optimized with the Yoast SEO plugin v27.0 - https:\/\/yoast.com\/product\/yoast-seo-wordpress\/ -->\n<title>Amonestaciones P\u00fablicas - CDHEH<\/title>\n<meta name=\"robots\" content=\"index, follow, max-snippet:-1, max-image-preview:large, max-video-preview:-1\" \/>\n<link rel=\"canonical\" href=\"https:\/\/cdhhgo.org\/home\/amonestaciones-publicas\/\" \/>\n<meta property=\"og:locale\" content=\"es_MX\" \/>\n<meta property=\"og:type\" content=\"article\" \/>\n<meta property=\"og:title\" content=\"Amonestaciones P\u00fablicas - CDHEH\" \/>\n<meta property=\"og:description\" content=\"Diciembre 2022 Abel Cadena G\u00f3mez Jos\u00e9 Daniel Tapia Silva \u00a0\" \/>\n<meta property=\"og:url\" content=\"https:\/\/cdhhgo.org\/home\/amonestaciones-publicas\/\" \/>\n<meta property=\"og:site_name\" content=\"CDHEH\" \/>\n<meta property=\"article:modified_time\" content=\"2022-12-19T19:46:42+00:00\" \/>\n<meta name=\"twitter:card\" content=\"summary_large_image\" \/>\n<meta name=\"twitter:label1\" content=\"Tiempo de lectura\" \/>\n\t<meta name=\"twitter:data1\" content=\"1 minuto\" \/>\n<script type=\"application\/ld+json\" class=\"yoast-schema-graph\">{\"@context\":\"https:\/\/schema.org\",\"@graph\":[{\"@type\":\"WebPage\",\"@id\":\"https:\/\/cdhhgo.org\/home\/amonestaciones-publicas\/\",\"url\":\"https:\/\/cdhhgo.org\/home\/amonestaciones-publicas\/\",\"name\":\"Amonestaciones P\u00fablicas - CDHEH\",\"isPartOf\":{\"@id\":\"https:\/\/cdhhgo.org\/home\/#website\"},\"datePublished\":\"2022-12-19T18:39:53+00:00\",\"dateModified\":\"2022-12-19T19:46:42+00:00\",\"breadcrumb\":{\"@id\":\"https:\/\/cdhhgo.org\/home\/amonestaciones-publicas\/#breadcrumb\"},\"inLanguage\":\"es\",\"potentialAction\":[{\"@type\":\"ReadAction\",\"target\":[\"https:\/\/cdhhgo.org\/home\/amonestaciones-publicas\/\"]}]},{\"@type\":\"BreadcrumbList\",\"@id\":\"https:\/\/cdhhgo.org\/home\/amonestaciones-publicas\/#breadcrumb\",\"itemListElement\":[{\"@type\":\"ListItem\",\"position\":1,\"name\":\"Inicio\",\"item\":\"https:\/\/cdhhgo.org\/home\/\"},{\"@type\":\"ListItem\",\"position\":2,\"name\":\"Amonestaciones P\u00fablicas\"}]},{\"@type\":\"WebSite\",\"@id\":\"https:\/\/cdhhgo.org\/home\/#website\",\"url\":\"https:\/\/cdhhgo.org\/home\/\",\"name\":\"Comisi\u00f3n de Derechos Humanos del Estado de Hidalgo\",\"description\":\"comision de derechos humanos del estado de hidalgo\",\"publisher\":{\"@id\":\"https:\/\/cdhhgo.org\/home\/#organization\"},\"potentialAction\":[{\"@type\":\"SearchAction\",\"target\":{\"@type\":\"EntryPoint\",\"urlTemplate\":\"https:\/\/cdhhgo.org\/home\/?s={search_term_string}\"},\"query-input\":{\"@type\":\"PropertyValueSpecification\",\"valueRequired\":true,\"valueName\":\"search_term_string\"}}],\"inLanguage\":\"es\"},{\"@type\":\"Organization\",\"@id\":\"https:\/\/cdhhgo.org\/home\/#organization\",\"name\":\"Comisi\u00f3n de Derechos Humanos del Estado de Hidalgo\",\"url\":\"https:\/\/cdhhgo.org\/home\/\",\"logo\":{\"@type\":\"ImageObject\",\"inLanguage\":\"es\",\"@id\":\"https:\/\/cdhhgo.org\/home\/#\/schema\/logo\/image\/\",\"url\":\"https:\/\/cdhhgo.org\/home\/wp-content\/uploads\/2019\/02\/logo.jpg\",\"contentUrl\":\"https:\/\/cdhhgo.org\/home\/wp-content\/uploads\/2019\/02\/logo.jpg\",\"width\":3000,\"height\":2072,\"caption\":\"Comisi\u00f3n de Derechos Humanos del Estado de Hidalgo\"},\"image\":{\"@id\":\"https:\/\/cdhhgo.org\/home\/#\/schema\/logo\/image\/\"}}]}<\/script>\n<!-- \/ Yoast SEO plugin. -->","yoast_head_json":{"title":"Amonestaciones P\u00fablicas - CDHEH","robots":{"index":"index","follow":"follow","max-snippet":"max-snippet:-1","max-image-preview":"max-image-preview:large","max-video-preview":"max-video-preview:-1"},"canonical":"https:\/\/cdhhgo.org\/home\/amonestaciones-publicas\/","og_locale":"es_MX","og_type":"article","og_title":"Amonestaciones P\u00fablicas - CDHEH","og_description":"Diciembre 2022 Abel Cadena G\u00f3mez Jos\u00e9 Daniel Tapia Silva \u00a0","og_url":"https:\/\/cdhhgo.org\/home\/amonestaciones-publicas\/","og_site_name":"CDHEH","article_modified_time":"2022-12-19T19:46:42+00:00","twitter_card":"summary_large_image","twitter_misc":{"Tiempo de lectura":"1 minuto"},"schema":{"@context":"https:\/\/schema.org","@graph":[{"@type":"WebPage","@id":"https:\/\/cdhhgo.org\/home\/amonestaciones-publicas\/","url":"https:\/\/cdhhgo.org\/home\/amonestaciones-publicas\/","name":"Amonestaciones P\u00fablicas - CDHEH","isPartOf":{"@id":"https:\/\/cdhhgo.org\/home\/#website"},"datePublished":"2022-12-19T18:39:53+00:00","dateModified":"2022-12-19T19:46:42+00:00","breadcrumb":{"@id":"https:\/\/cdhhgo.org\/home\/amonestaciones-publicas\/#breadcrumb"},"inLanguage":"es","potentialAction":[{"@type":"ReadAction","target":["https:\/\/cdhhgo.org\/home\/amonestaciones-publicas\/"]}]},{"@type":"BreadcrumbList","@id":"https:\/\/cdhhgo.org\/home\/amonestaciones-publicas\/#breadcrumb","itemListElement":[{"@type":"ListItem","position":1,"name":"Inicio","item":"https:\/\/cdhhgo.org\/home\/"},{"@type":"ListItem","position":2,"name":"Amonestaciones P\u00fablicas"}]},{"@type":"WebSite","@id":"https:\/\/cdhhgo.org\/home\/#website","url":"https:\/\/cdhhgo.org\/home\/","name":"Comisi\u00f3n de Derechos Humanos del Estado de Hidalgo","description":"comision de derechos humanos del estado de hidalgo","publisher":{"@id":"https:\/\/cdhhgo.org\/home\/#organization"},"potentialAction":[{"@type":"SearchAction","target":{"@type":"EntryPoint","urlTemplate":"https:\/\/cdhhgo.org\/home\/?s={search_term_string}"},"query-input":{"@type":"PropertyValueSpecification","valueRequired":true,"valueName":"search_term_string"}}],"inLanguage":"es"},{"@type":"Organization","@id":"https:\/\/cdhhgo.org\/home\/#organization","name":"Comisi\u00f3n de Derechos Humanos del Estado de Hidalgo","url":"https:\/\/cdhhgo.org\/home\/","logo":{"@type":"ImageObject","inLanguage":"es","@id":"https:\/\/cdhhgo.org\/home\/#\/schema\/logo\/image\/","url":"https:\/\/cdhhgo.org\/home\/wp-content\/uploads\/2019\/02\/logo.jpg","contentUrl":"https:\/\/cdhhgo.org\/home\/wp-content\/uploads\/2019\/02\/logo.jpg","width":3000,"height":2072,"caption":"Comisi\u00f3n de Derechos Humanos del Estado de Hidalgo"},"image":{"@id":"https:\/\/cdhhgo.org\/home\/#\/schema\/logo\/image\/"}}]}},"_links":{"self":[{"href":"https:\/\/cdhhgo.org\/home\/wp-json\/wp\/v2\/pages\/5877","targetHints":{"allow":["GET"]}}],"collection":[{"href":"https:\/\/cdhhgo.org\/home\/wp-json\/wp\/v2\/pages"}],"about":[{"href":"https:\/\/cdhhgo.org\/home\/wp-json\/wp\/v2\/types\/page"}],"author":[{"embeddable":true,"href":"https:\/\/cdhhgo.org\/home\/wp-json\/wp\/v2\/users\/2"}],"replies":[{"embeddable":true,"href":"https:\/\/cdhhgo.org\/home\/wp-json\/wp\/v2\/comments?post=5877"}],"version-history":[{"count":7,"href":"https:\/\/cdhhgo.org\/home\/wp-json\/wp\/v2\/pages\/5877\/revisions"}],"predecessor-version":[{"id":5885,"href":"https:\/\/cdhhgo.org\/home\/wp-json\/wp\/v2\/pages\/5877\/revisions\/5885"}],"wp:attachment":[{"href":"https:\/\/cdhhgo.org\/home\/wp-json\/wp\/v2\/media?parent=5877"}],"wp:term":[{"taxonomy":"wf_page_folders","embeddable":true,"href":"https:\/\/cdhhgo.org\/home\/wp-json\/wp\/v2\/wf_page_folders?post=5877"}],"curies":[{"name":"wp","href":"https:\/\/api.w.org\/{rel}","templated":true}]}}