{"id":5339,"date":"2022-08-21T01:28:08","date_gmt":"2022-08-21T01:28:08","guid":{"rendered":"https:\/\/cdhhgo.org\/home\/?page_id=5339"},"modified":"2025-02-04T22:01:44","modified_gmt":"2025-02-04T22:01:44","slug":"recomendaciones-2022","status":"publish","type":"page","link":"https:\/\/cdhhgo.org\/home\/recomendaciones-2022\/","title":{"rendered":"RECOMENDACIONES 2022"},"content":{"rendered":"\t\t<div data-elementor-type=\"wp-page\" data-elementor-id=\"5339\" class=\"elementor elementor-5339\">\n\t\t\t\t\t\t<section class=\"elementor-section elementor-top-section elementor-element elementor-element-086e268 elementor-section-boxed elementor-section-height-default elementor-section-height-default\" data-id=\"086e268\" data-element_type=\"section\" data-e-type=\"section\">\n\t\t\t\t\t\t<div class=\"elementor-container elementor-column-gap-default\">\n\t\t\t\t\t<div class=\"elementor-column elementor-col-100 elementor-top-column elementor-element elementor-element-01ea113\" data-id=\"01ea113\" data-element_type=\"column\" data-e-type=\"column\">\n\t\t\t<div class=\"elementor-widget-wrap elementor-element-populated\">\n\t\t\t\t\t\t<div class=\"elementor-element elementor-element-b287e53 elementor-widget elementor-widget-heading\" data-id=\"b287e53\" data-element_type=\"widget\" data-e-type=\"widget\" data-widget_type=\"heading.default\">\n\t\t\t\t<div class=\"elementor-widget-container\">\n\t\t\t\t\t<h2 class=\"elementor-heading-title elementor-size-default\">Recomendaciones 2022<\/h2>\t\t\t\t<\/div>\n\t\t\t\t<\/div>\n\t\t\t\t\t<\/div>\n\t\t<\/div>\n\t\t\t\t\t<\/div>\n\t\t<\/section>\n\t\t\t\t<section class=\"elementor-section elementor-top-section elementor-element elementor-element-1354e55 elementor-section-boxed elementor-section-height-default elementor-section-height-default\" data-id=\"1354e55\" data-element_type=\"section\" data-e-type=\"section\">\n\t\t\t\t\t\t<div class=\"elementor-container elementor-column-gap-default\">\n\t\t\t\t\t<div class=\"elementor-column elementor-col-100 elementor-top-column elementor-element elementor-element-abe9a2c\" data-id=\"abe9a2c\" data-element_type=\"column\" data-e-type=\"column\">\n\t\t\t<div class=\"elementor-widget-wrap elementor-element-populated\">\n\t\t\t\t\t\t<div class=\"elementor-element elementor-element-4a4c395 elementor-widget elementor-widget-accordion\" data-id=\"4a4c395\" data-element_type=\"widget\" data-e-type=\"widget\" data-widget_type=\"accordion.default\">\n\t\t\t\t<div class=\"elementor-widget-container\">\n\t\t\t\t\t\t\t<div class=\"elementor-accordion\">\n\t\t\t\t\t\t\t<div class=\"elementor-accordion-item\">\n\t\t\t\t\t<div id=\"elementor-tab-title-7791\" class=\"elementor-tab-title\" data-tab=\"1\" role=\"button\" aria-controls=\"elementor-tab-content-7791\" aria-expanded=\"false\">\n\t\t\t\t\t\t\t\t\t\t\t\t\t<span class=\"elementor-accordion-icon elementor-accordion-icon-left\" aria-hidden=\"true\">\n\t\t\t\t\t\t\t\t\t\t\t\t\t\t\t<span class=\"elementor-accordion-icon-closed\"><i class=\"fas fa-plus\"><\/i><\/span>\n\t\t\t\t\t\t\t\t<span class=\"elementor-accordion-icon-opened\"><i class=\"fas fa-minus\"><\/i><\/span>\n\t\t\t\t\t\t\t\t\t\t\t\t\t\t<\/span>\n\t\t\t\t\t\t\t\t\t\t\t\t<a class=\"elementor-accordion-title\" tabindex=\"0\">R-ZA-0001-22<\/a>\n\t\t\t\t\t<\/div>\n\t\t\t\t\t<div id=\"elementor-tab-content-7791\" class=\"elementor-tab-content elementor-clearfix\" data-tab=\"1\" role=\"region\" aria-labelledby=\"elementor-tab-title-7791\"><p><a href=\"https:\/\/cdhhgo.org\/home\/images\/pdf\/transparencia\/Recomendaciones\/2022\/Recomendacion-Negligencia-Version-Publica.pdf\">Expediente: CDHEH-ZA-0614-19<\/a><br><br><b>Recomendaci\u00f3n dirigida a:<br><\/b>Secretar\u00eda de Salud del Estado de Hidalgo.<\/p>\n<p><br><b>Visitadur\u00eda: <br><\/b>Regional de Zacualtip\u00e1n de \u00c1ngeles.<\/p>\n<p><br><\/p>\n<p><b>Ligas de Referencia&nbsp;&nbsp;<a href=\"\/home\/images\/pdf\/transparencia\/Recomendaciones\/2022\/REF_R-VDRO-0004-22.pdf\"><br><\/a><\/b><br><\/p>\n<p><\/p><\/div>\n\t\t\t\t<\/div>\n\t\t\t\t\t\t\t<div class=\"elementor-accordion-item\">\n\t\t\t\t\t<div id=\"elementor-tab-title-7792\" class=\"elementor-tab-title\" data-tab=\"2\" role=\"button\" aria-controls=\"elementor-tab-content-7792\" aria-expanded=\"false\">\n\t\t\t\t\t\t\t\t\t\t\t\t\t<span class=\"elementor-accordion-icon elementor-accordion-icon-left\" aria-hidden=\"true\">\n\t\t\t\t\t\t\t\t\t\t\t\t\t\t\t<span class=\"elementor-accordion-icon-closed\"><i class=\"fas fa-plus\"><\/i><\/span>\n\t\t\t\t\t\t\t\t<span class=\"elementor-accordion-icon-opened\"><i class=\"fas fa-minus\"><\/i><\/span>\n\t\t\t\t\t\t\t\t\t\t\t\t\t\t<\/span>\n\t\t\t\t\t\t\t\t\t\t\t\t<a class=\"elementor-accordion-title\" tabindex=\"0\">R-VG-0002-22<\/a>\n\t\t\t\t\t<\/div>\n\t\t\t\t\t<div id=\"elementor-tab-content-7792\" class=\"elementor-tab-content elementor-clearfix\" data-tab=\"2\" role=\"region\" aria-labelledby=\"elementor-tab-title-7792\"><p><a href=\"https:\/\/cdhhgo.org\/home\/images\/pdf\/transparencia\/Recomendaciones\/2022\/VERSION-PUBLICA-R-VG-0002-22.pdf\">Expediente: CDHEH-VG-0008-20<\/a><br><br><\/p>\n<p><b>Recomendaci\u00f3n dirigida a:&nbsp;<\/b><br>Secretaria de Salud del Estado de Hidalgo.&nbsp;<br>&nbsp; <br><b>Visitadur\u00eda:<\/b> <br>Jur\u00eddica Metropolitana&nbsp; &nbsp; &nbsp; &nbsp;<br><br><\/p>\n<p style=\"margin: 0cm; background-image: initial; background-position: initial; background-size: initial; background-repeat: initial; background-attachment: initial; background-origin: initial; background-clip: initial;\"><span style=\"font-size:11.0pt;font-family:&quot;Arial&quot;,sans-serif\"><b><a href=\"\/home\/images\/pdf\/transparencia\/Recomendaciones\/2022\/REF_R-VG-0002-22.pdf\">Ligas de referencia<\/a><br><\/b><\/span><br><\/p><\/div>\n\t\t\t\t<\/div>\n\t\t\t\t\t\t\t<div class=\"elementor-accordion-item\">\n\t\t\t\t\t<div id=\"elementor-tab-title-7793\" class=\"elementor-tab-title\" data-tab=\"3\" role=\"button\" aria-controls=\"elementor-tab-content-7793\" aria-expanded=\"false\">\n\t\t\t\t\t\t\t\t\t\t\t\t\t<span class=\"elementor-accordion-icon elementor-accordion-icon-left\" aria-hidden=\"true\">\n\t\t\t\t\t\t\t\t\t\t\t\t\t\t\t<span class=\"elementor-accordion-icon-closed\"><i class=\"fas fa-plus\"><\/i><\/span>\n\t\t\t\t\t\t\t\t<span class=\"elementor-accordion-icon-opened\"><i class=\"fas fa-minus\"><\/i><\/span>\n\t\t\t\t\t\t\t\t\t\t\t\t\t\t<\/span>\n\t\t\t\t\t\t\t\t\t\t\t\t<a class=\"elementor-accordion-title\" tabindex=\"0\">R-VG-0003-22<\/a>\n\t\t\t\t\t<\/div>\n\t\t\t\t\t<div id=\"elementor-tab-content-7793\" class=\"elementor-tab-content elementor-clearfix\" data-tab=\"3\" role=\"region\" aria-labelledby=\"elementor-tab-title-7793\"><p><a href=\"https:\/\/cdhhgo.org\/home\/images\/pdf\/transparencia\/Recomendaciones\/2022\/VERSION-PUBLICA-R-VG-0003-22.pdf\">Expediente: CDHEH-VG-2622-19<\/a><br><br><\/p>\n<p><b>Recomendaci\u00f3n dirigida a:<\/b> <br>Procuradur\u00eda General de Justicia del Estado de Hildalgo.<br><br><b>Visitadur\u00eda: <\/b>Jur\u00eddica Metropolitana.&nbsp;<br><b style=\"font-style: normal; font-variant-ligatures: normal; font-variant-caps: normal; font-size: 14.6667px; font-family: Arial, sans-serif;\"><br><a href=\"\/home\/images\/pdf\/transparencia\/Recomendaciones\/2022\/REF_R-VG-0003-22.pdf\">Ligas de Referencia<\/a><\/b><\/p><\/div>\n\t\t\t\t<\/div>\n\t\t\t\t\t\t\t<div class=\"elementor-accordion-item\">\n\t\t\t\t\t<div id=\"elementor-tab-title-7794\" class=\"elementor-tab-title\" data-tab=\"4\" role=\"button\" aria-controls=\"elementor-tab-content-7794\" aria-expanded=\"false\">\n\t\t\t\t\t\t\t\t\t\t\t\t\t<span class=\"elementor-accordion-icon elementor-accordion-icon-left\" aria-hidden=\"true\">\n\t\t\t\t\t\t\t\t\t\t\t\t\t\t\t<span class=\"elementor-accordion-icon-closed\"><i class=\"fas fa-plus\"><\/i><\/span>\n\t\t\t\t\t\t\t\t<span class=\"elementor-accordion-icon-opened\"><i class=\"fas fa-minus\"><\/i><\/span>\n\t\t\t\t\t\t\t\t\t\t\t\t\t\t<\/span>\n\t\t\t\t\t\t\t\t\t\t\t\t<a class=\"elementor-accordion-title\" tabindex=\"0\">R-VdRO-0004-22<\/a>\n\t\t\t\t\t<\/div>\n\t\t\t\t\t<div id=\"elementor-tab-content-7794\" class=\"elementor-tab-content elementor-clearfix\" data-tab=\"4\" role=\"region\" aria-labelledby=\"elementor-tab-title-7794\"><p><a href=\"https:\/\/cdhhgo.org\/home\/images\/pdf\/transparencia\/Recomendaciones\/2022\/VERSION-PUBLICA-R-VdRO-0004-22.pdf\">Expediente: CDHEH-VdRO-0032-22<\/a><\/p>\n<p><br><b>Recomendaci\u00f3n dirigida a:<\/b> <br>Gobernador Constitucional del Estado de Hidalgo, as\u00ed como a Diputadas y Diputados integrantes de la LXV Legislatura del Congreso del Estado de Hidalgo.<br><br><b>Visitadur\u00eda:<\/b> Regional de Tepeji del R\u00edo<br><br><span style=\"font-style: normal; font-variant-ligatures: normal; font-variant-caps: normal; font-weight: 700; font-size: 14px; font-family: &quot;Open Sans&quot;, Helvetica, Arial, sans-serif;\"><a href=\"\/home\/images\/pdf\/transparencia\/Recomendaciones\/2022\/REF_R-VDRO-0004-22.pdf\">Ligas de Referencia.<\/a>&nbsp;<\/span><\/p>\n<p><span style=\"font-family:&quot;Arial&quot;,sans-serif\">&nbsp;<\/span><\/p><\/div>\n\t\t\t\t<\/div>\n\t\t\t\t\t\t\t<div class=\"elementor-accordion-item\">\n\t\t\t\t\t<div id=\"elementor-tab-title-7795\" class=\"elementor-tab-title\" data-tab=\"5\" role=\"button\" aria-controls=\"elementor-tab-content-7795\" aria-expanded=\"false\">\n\t\t\t\t\t\t\t\t\t\t\t\t\t<span class=\"elementor-accordion-icon elementor-accordion-icon-left\" aria-hidden=\"true\">\n\t\t\t\t\t\t\t\t\t\t\t\t\t\t\t<span class=\"elementor-accordion-icon-closed\"><i class=\"fas fa-plus\"><\/i><\/span>\n\t\t\t\t\t\t\t\t<span class=\"elementor-accordion-icon-opened\"><i class=\"fas fa-minus\"><\/i><\/span>\n\t\t\t\t\t\t\t\t\t\t\t\t\t\t<\/span>\n\t\t\t\t\t\t\t\t\t\t\t\t<a class=\"elementor-accordion-title\" tabindex=\"0\">R-VG-0005-22<\/a>\n\t\t\t\t\t<\/div>\n\t\t\t\t\t<div id=\"elementor-tab-content-7795\" class=\"elementor-tab-content elementor-clearfix\" data-tab=\"5\" role=\"region\" aria-labelledby=\"elementor-tab-title-7795\"><p><a href=\"https:\/\/cdhhgo.org\/home\/images\/pdf\/transparencia\/Recomendaciones\/2022\/VERSION-PUBLICA-R-VG-0005-22.pdf\">Expediente: CDHEH-VG-3229-19<\/a><br><br><\/p>\n<p style=\"margin: 0cm; background-image: initial; background-position: initial; background-size: initial; background-repeat: initial; background-attachment: initial; background-origin: initial; background-clip: initial;\"><b><span style=\"font-size:11.0pt;font-family:&quot;Arial&quot;,sans-serif;color:#6EC1E4\">Recomendaci\u00f3n dirigida a:<\/span><\/b><span style=\"font-size:11.0pt;font-family:&quot;Arial&quot;,sans-serif; color:#6EC1E4\"> <br>Secretar\u00eda de Salud del Estado de Hidalgo.<o:p><\/o:p><\/span><\/p>\n<p style=\"margin: 0cm; background-image: initial; background-position: initial; background-size: initial; background-repeat: initial; background-attachment: initial; background-origin: initial; background-clip: initial;\"><span style=\"font-size:11.0pt;font-family:&quot;Arial&quot;,sans-serif;color:#6EC1E4\">&nbsp;<\/span><\/p>\n<p style=\"margin: 0cm; background-image: initial; background-position: initial; background-size: initial; background-repeat: initial; background-attachment: initial; background-origin: initial; background-clip: initial;\"><b><span style=\"font-size:11.0pt;font-family:&quot;Arial&quot;,sans-serif;color:#6EC1E4\">Visitadur\u00eda:<\/span><\/b><span style=\"font-size:11.0pt;font-family:&quot;Arial&quot;,sans-serif;color:#6EC1E4\"> <br>Jur\u00eddica Metropolitana<o:p><\/o:p><\/span><\/p>\n<p><span style=\"font-family:&quot;Arial&quot;,sans-serif;color:#6EC1E4\">&nbsp;<\/span><\/p>\n<p><\/p>\n<p style=\"margin: 0cm; background-image: initial; background-position: initial; background-size: initial; background-repeat: initial; background-attachment: initial; background-origin: initial; background-clip: initial;\"><b><span style=\"font-size: 11pt; font-family: Arial, sans-serif; color: rgb(110, 193, 228); border-width: 1pt; border-style: none; border-color: windowtext; padding: 0cm;\"><a href=\"\/home\/images\/pdf\/transparencia\/Recomendaciones\/2022\/REF_R-VG-0005-22.pdf\">Ligas de referencia.<\/a><\/span><\/b><\/p><\/div>\n\t\t\t\t<\/div>\n\t\t\t\t\t\t\t<div class=\"elementor-accordion-item\">\n\t\t\t\t\t<div id=\"elementor-tab-title-7796\" class=\"elementor-tab-title\" data-tab=\"6\" role=\"button\" aria-controls=\"elementor-tab-content-7796\" aria-expanded=\"false\">\n\t\t\t\t\t\t\t\t\t\t\t\t\t<span class=\"elementor-accordion-icon elementor-accordion-icon-left\" aria-hidden=\"true\">\n\t\t\t\t\t\t\t\t\t\t\t\t\t\t\t<span class=\"elementor-accordion-icon-closed\"><i class=\"fas fa-plus\"><\/i><\/span>\n\t\t\t\t\t\t\t\t<span class=\"elementor-accordion-icon-opened\"><i class=\"fas fa-minus\"><\/i><\/span>\n\t\t\t\t\t\t\t\t\t\t\t\t\t\t<\/span>\n\t\t\t\t\t\t\t\t\t\t\t\t<a class=\"elementor-accordion-title\" tabindex=\"0\">R-VG-0006-22<\/a>\n\t\t\t\t\t<\/div>\n\t\t\t\t\t<div id=\"elementor-tab-content-7796\" class=\"elementor-tab-content elementor-clearfix\" data-tab=\"6\" role=\"region\" aria-labelledby=\"elementor-tab-title-7796\"><p><a href=\"https:\/\/cdhhgo.org\/home\/images\/pdf\/transparencia\/Recomendaciones\/2022\/VERSION_PUBLICA_R-VG-0006-22.pdf\">Expediente: CDHEH-VG-0022-22<\/a><\/p>\n<p><br><\/p>\n<p><b><span style=\"font-size:11.0pt;font-family:&quot;Arial&quot;,sans-serif;color:#00B0F0\">Recomendaci\u00f3n dirigida a:<\/span><\/b><\/p>\n<p style=\"margin: 0cm; background-image: initial; background-position: initial; background-size: initial; background-repeat: initial; background-attachment: initial; background-origin: initial; background-clip: initial;\"><span style=\"font-size:11.0pt;font-family:&quot;Arial&quot;,sans-serif; color:#00B0F0\">Ayuntamiento Municipal de Mineral del Monte. <o:p><\/o:p><\/span><\/p>\n<p style=\"margin: 0cm; background-image: initial; background-position: initial; background-size: initial; background-repeat: initial; background-attachment: initial; background-origin: initial; background-clip: initial;\"><span style=\"font-size:11.0pt;font-family:&quot;Arial&quot;,sans-serif;color:#00B0F0\">&nbsp;<\/span><\/p>\n<p><\/p>\n<p style=\"margin: 0cm; background-image: initial; background-position: initial; background-size: initial; background-repeat: initial; background-attachment: initial; background-origin: initial; background-clip: initial;\"><b><span style=\"font-size:11.0pt;font-family:&quot;Arial&quot;,sans-serif;color:#00B0F0\">Visitadur\u00eda:<\/span><\/b><span style=\"font-size:11.0pt;font-family:&quot;Arial&quot;,sans-serif;color:#00B0F0\"> <br>Jur\u00eddica Metropolitana<br><br><\/span><span style=\"font-style: normal; font-variant-ligatures: normal; font-variant-caps: normal; font-weight: 700; font-size: 14px; font-family: &quot;Open Sans&quot;, Helvetica, Arial, sans-serif;\">Ligas de los Documentos de Referencia.&nbsp;<\/span><span style=\"font-size:11.0pt;font-family:&quot;Arial&quot;,sans-serif;color:#00B0F0\"><o:p><\/o:p><\/span><\/p><\/div>\n\t\t\t\t<\/div>\n\t\t\t\t\t\t\t<div class=\"elementor-accordion-item\">\n\t\t\t\t\t<div id=\"elementor-tab-title-7797\" class=\"elementor-tab-title\" data-tab=\"7\" role=\"button\" aria-controls=\"elementor-tab-content-7797\" aria-expanded=\"false\">\n\t\t\t\t\t\t\t\t\t\t\t\t\t<span class=\"elementor-accordion-icon elementor-accordion-icon-left\" aria-hidden=\"true\">\n\t\t\t\t\t\t\t\t\t\t\t\t\t\t\t<span class=\"elementor-accordion-icon-closed\"><i class=\"fas fa-plus\"><\/i><\/span>\n\t\t\t\t\t\t\t\t<span class=\"elementor-accordion-icon-opened\"><i class=\"fas fa-minus\"><\/i><\/span>\n\t\t\t\t\t\t\t\t\t\t\t\t\t\t<\/span>\n\t\t\t\t\t\t\t\t\t\t\t\t<a class=\"elementor-accordion-title\" tabindex=\"0\">R-VG-0007-22<\/a>\n\t\t\t\t\t<\/div>\n\t\t\t\t\t<div id=\"elementor-tab-content-7797\" class=\"elementor-tab-content elementor-clearfix\" data-tab=\"7\" role=\"region\" aria-labelledby=\"elementor-tab-title-7797\"><p>Expediente: <a href=\"https:\/\/cdhhgo.org\/home\/images\/pdf\/transparencia\/Recomendaciones\/2022\/VERSION_PUBLICA_R-VG-0007-22_certificada.pdf\">CDHEH-VG-0021-22<\/a><\/p>\n<p><br><\/p>\n<p style=\"margin: 0cm; background-image: initial; background-position: initial; background-size: initial; background-repeat: initial; background-attachment: initial; background-origin: initial; background-clip: initial;\"><b><span style=\"font-size:11.0pt;font-family:&quot;Arial&quot;,sans-serif;color:#00B0F0\">Recomendaci\u00f3n<br>dirigida a:<\/span><\/b><span style=\"font-size:11.0pt;font-family:&quot;Arial&quot;,sans-serif; color:#00B0F0\"> <br>Ayuntamiento de Mineral del Monte Hidalgo.<o:p><\/o:p><\/span><\/p>\n<p style=\"margin: 0cm; background-image: initial; background-position: initial; background-size: initial; background-repeat: initial; background-attachment: initial; background-origin: initial; background-clip: initial;\"><span style=\"font-size:11.0pt;font-family:&quot;Arial&quot;,sans-serif;color:#00B0F0\">&nbsp;<\/span><\/p>\n<p style=\"margin: 0cm; background-image: initial; background-position: initial; background-size: initial; background-repeat: initial; background-attachment: initial; background-origin: initial; background-clip: initial;\"><b><span style=\"font-size:11.0pt;font-family:&quot;Arial&quot;,sans-serif;color:#00B0F0\">Visitadur\u00eda:<\/span><\/b><span style=\"font-size:11.0pt;font-family:&quot;Arial&quot;,sans-serif;color:#00B0F0\"> <br>Jur\u00eddica&nbsp;Metropolitana<o:p><\/o:p><\/span><\/p>\n<p style=\"margin: 0cm; background-image: initial; background-position: initial; background-size: initial; background-repeat: initial; background-attachment: initial; background-origin: initial; background-clip: initial;\"><span style=\"font-size:11.0pt;font-family:&quot;Arial&quot;,sans-serif;color:#00B0F0\">&nbsp;<o:p><\/o:p><\/span><\/p>\n<p><\/p>\n<p style=\"margin: 0cm; background-image: initial; background-position: initial; background-size: initial; background-repeat: initial; background-attachment: initial; background-origin: initial; background-clip: initial;\"><b><span style=\"font-size: 11pt; font-family: Arial, sans-serif; color: rgb(0, 176, 240); border-width: 1pt; border-style: none; border-color: windowtext; padding: 0cm;\">Ligas de los documentos de referencia.&nbsp;<\/span><\/b><b><span style=\"font-size:11.0pt; font-family:&quot;Arial&quot;,sans-serif;color:#00B0F0\"><o:p><\/o:p><\/span><\/b><\/p>\n<p><br><\/p><\/div>\n\t\t\t\t<\/div>\n\t\t\t\t\t\t\t\t<\/div>\n\t\t\t\t\t\t<\/div>\n\t\t\t\t<\/div>\n\t\t\t\t\t<\/div>\n\t\t<\/div>\n\t\t\t\t\t<\/div>\n\t\t<\/section>\n\t\t\t\t<\/div>\n\t\t","protected":false},"excerpt":{"rendered":"<div class=\"mh-excerpt\"><p>Recomendaciones 2022 R-ZA-0001-22 Expediente: CDHEH-ZA-0614-19 Recomendaci\u00f3n dirigida a:Secretar\u00eda de Salud del Estado de Hidalgo. Visitadur\u00eda: Regional de Zacualtip\u00e1n de \u00c1ngeles. Ligas de Referencia&nbsp;&nbsp; R-VG-0002-22 Expediente: <a class=\"mh-excerpt-more\" href=\"https:\/\/cdhhgo.org\/home\/recomendaciones-2022\/\" title=\"RECOMENDACIONES 2022\">[&#8230;]<\/a><\/p>\n<\/div>","protected":false},"author":2,"featured_media":0,"parent":0,"menu_order":0,"comment_status":"closed","ping_status":"closed","template":"elementor_header_footer","meta":{"_monsterinsights_skip_tracking":false,"_monsterinsights_sitenote_active":false,"_monsterinsights_sitenote_note":"","_monsterinsights_sitenote_category":0,"footnotes":""},"wf_page_folders":[],"class_list":["post-5339","page","type-page","status-publish","hentry"],"aioseo_notices":[],"yoast_head":"<!-- This site is optimized with the Yoast SEO plugin v27.0 - https:\/\/yoast.com\/product\/yoast-seo-wordpress\/ -->\n<title>RECOMENDACIONES 2022 - CDHEH<\/title>\n<meta name=\"robots\" content=\"index, follow, max-snippet:-1, max-image-preview:large, max-video-preview:-1\" \/>\n<link rel=\"canonical\" href=\"https:\/\/cdhhgo.org\/home\/recomendaciones-2022\/\" \/>\n<meta property=\"og:locale\" content=\"es_MX\" \/>\n<meta property=\"og:type\" content=\"article\" \/>\n<meta property=\"og:title\" content=\"RECOMENDACIONES 2022 - CDHEH\" \/>\n<meta property=\"og:description\" content=\"Recomendaciones 2022 R-ZA-0001-22 Expediente: CDHEH-ZA-0614-19 Recomendaci\u00f3n dirigida a:Secretar\u00eda de Salud del Estado de Hidalgo. Visitadur\u00eda: Regional de Zacualtip\u00e1n de \u00c1ngeles. Ligas de Referencia&nbsp;&nbsp; R-VG-0002-22 Expediente: [...]\" \/>\n<meta property=\"og:url\" content=\"https:\/\/cdhhgo.org\/home\/recomendaciones-2022\/\" \/>\n<meta property=\"og:site_name\" content=\"CDHEH\" \/>\n<meta property=\"article:modified_time\" content=\"2025-02-04T22:01:44+00:00\" \/>\n<meta name=\"twitter:card\" content=\"summary_large_image\" \/>\n<meta name=\"twitter:label1\" content=\"Tiempo de lectura\" \/>\n\t<meta name=\"twitter:data1\" content=\"1 minuto\" \/>\n<script type=\"application\/ld+json\" class=\"yoast-schema-graph\">{\"@context\":\"https:\/\/schema.org\",\"@graph\":[{\"@type\":\"WebPage\",\"@id\":\"https:\/\/cdhhgo.org\/home\/recomendaciones-2022\/\",\"url\":\"https:\/\/cdhhgo.org\/home\/recomendaciones-2022\/\",\"name\":\"RECOMENDACIONES 2022 - CDHEH\",\"isPartOf\":{\"@id\":\"https:\/\/cdhhgo.org\/home\/#website\"},\"datePublished\":\"2022-08-21T01:28:08+00:00\",\"dateModified\":\"2025-02-04T22:01:44+00:00\",\"breadcrumb\":{\"@id\":\"https:\/\/cdhhgo.org\/home\/recomendaciones-2022\/#breadcrumb\"},\"inLanguage\":\"es\",\"potentialAction\":[{\"@type\":\"ReadAction\",\"target\":[\"https:\/\/cdhhgo.org\/home\/recomendaciones-2022\/\"]}]},{\"@type\":\"BreadcrumbList\",\"@id\":\"https:\/\/cdhhgo.org\/home\/recomendaciones-2022\/#breadcrumb\",\"itemListElement\":[{\"@type\":\"ListItem\",\"position\":1,\"name\":\"Inicio\",\"item\":\"https:\/\/cdhhgo.org\/home\/\"},{\"@type\":\"ListItem\",\"position\":2,\"name\":\"RECOMENDACIONES 2022\"}]},{\"@type\":\"WebSite\",\"@id\":\"https:\/\/cdhhgo.org\/home\/#website\",\"url\":\"https:\/\/cdhhgo.org\/home\/\",\"name\":\"Comisi\u00f3n de Derechos Humanos del Estado de Hidalgo\",\"description\":\"comision de derechos humanos del estado de hidalgo\",\"publisher\":{\"@id\":\"https:\/\/cdhhgo.org\/home\/#organization\"},\"potentialAction\":[{\"@type\":\"SearchAction\",\"target\":{\"@type\":\"EntryPoint\",\"urlTemplate\":\"https:\/\/cdhhgo.org\/home\/?s={search_term_string}\"},\"query-input\":{\"@type\":\"PropertyValueSpecification\",\"valueRequired\":true,\"valueName\":\"search_term_string\"}}],\"inLanguage\":\"es\"},{\"@type\":\"Organization\",\"@id\":\"https:\/\/cdhhgo.org\/home\/#organization\",\"name\":\"Comisi\u00f3n de Derechos Humanos del Estado de Hidalgo\",\"url\":\"https:\/\/cdhhgo.org\/home\/\",\"logo\":{\"@type\":\"ImageObject\",\"inLanguage\":\"es\",\"@id\":\"https:\/\/cdhhgo.org\/home\/#\/schema\/logo\/image\/\",\"url\":\"https:\/\/cdhhgo.org\/home\/wp-content\/uploads\/2019\/02\/logo.jpg\",\"contentUrl\":\"https:\/\/cdhhgo.org\/home\/wp-content\/uploads\/2019\/02\/logo.jpg\",\"width\":3000,\"height\":2072,\"caption\":\"Comisi\u00f3n de Derechos Humanos del Estado de Hidalgo\"},\"image\":{\"@id\":\"https:\/\/cdhhgo.org\/home\/#\/schema\/logo\/image\/\"}}]}<\/script>\n<!-- \/ Yoast SEO plugin. -->","yoast_head_json":{"title":"RECOMENDACIONES 2022 - CDHEH","robots":{"index":"index","follow":"follow","max-snippet":"max-snippet:-1","max-image-preview":"max-image-preview:large","max-video-preview":"max-video-preview:-1"},"canonical":"https:\/\/cdhhgo.org\/home\/recomendaciones-2022\/","og_locale":"es_MX","og_type":"article","og_title":"RECOMENDACIONES 2022 - CDHEH","og_description":"Recomendaciones 2022 R-ZA-0001-22 Expediente: CDHEH-ZA-0614-19 Recomendaci\u00f3n dirigida a:Secretar\u00eda de Salud del Estado de Hidalgo. Visitadur\u00eda: Regional de Zacualtip\u00e1n de \u00c1ngeles. Ligas de Referencia&nbsp;&nbsp; R-VG-0002-22 Expediente: [...]","og_url":"https:\/\/cdhhgo.org\/home\/recomendaciones-2022\/","og_site_name":"CDHEH","article_modified_time":"2025-02-04T22:01:44+00:00","twitter_card":"summary_large_image","twitter_misc":{"Tiempo de lectura":"1 minuto"},"schema":{"@context":"https:\/\/schema.org","@graph":[{"@type":"WebPage","@id":"https:\/\/cdhhgo.org\/home\/recomendaciones-2022\/","url":"https:\/\/cdhhgo.org\/home\/recomendaciones-2022\/","name":"RECOMENDACIONES 2022 - CDHEH","isPartOf":{"@id":"https:\/\/cdhhgo.org\/home\/#website"},"datePublished":"2022-08-21T01:28:08+00:00","dateModified":"2025-02-04T22:01:44+00:00","breadcrumb":{"@id":"https:\/\/cdhhgo.org\/home\/recomendaciones-2022\/#breadcrumb"},"inLanguage":"es","potentialAction":[{"@type":"ReadAction","target":["https:\/\/cdhhgo.org\/home\/recomendaciones-2022\/"]}]},{"@type":"BreadcrumbList","@id":"https:\/\/cdhhgo.org\/home\/recomendaciones-2022\/#breadcrumb","itemListElement":[{"@type":"ListItem","position":1,"name":"Inicio","item":"https:\/\/cdhhgo.org\/home\/"},{"@type":"ListItem","position":2,"name":"RECOMENDACIONES 2022"}]},{"@type":"WebSite","@id":"https:\/\/cdhhgo.org\/home\/#website","url":"https:\/\/cdhhgo.org\/home\/","name":"Comisi\u00f3n de Derechos Humanos del Estado de Hidalgo","description":"comision de derechos humanos del estado de hidalgo","publisher":{"@id":"https:\/\/cdhhgo.org\/home\/#organization"},"potentialAction":[{"@type":"SearchAction","target":{"@type":"EntryPoint","urlTemplate":"https:\/\/cdhhgo.org\/home\/?s={search_term_string}"},"query-input":{"@type":"PropertyValueSpecification","valueRequired":true,"valueName":"search_term_string"}}],"inLanguage":"es"},{"@type":"Organization","@id":"https:\/\/cdhhgo.org\/home\/#organization","name":"Comisi\u00f3n de Derechos Humanos del Estado de Hidalgo","url":"https:\/\/cdhhgo.org\/home\/","logo":{"@type":"ImageObject","inLanguage":"es","@id":"https:\/\/cdhhgo.org\/home\/#\/schema\/logo\/image\/","url":"https:\/\/cdhhgo.org\/home\/wp-content\/uploads\/2019\/02\/logo.jpg","contentUrl":"https:\/\/cdhhgo.org\/home\/wp-content\/uploads\/2019\/02\/logo.jpg","width":3000,"height":2072,"caption":"Comisi\u00f3n de Derechos Humanos del Estado de Hidalgo"},"image":{"@id":"https:\/\/cdhhgo.org\/home\/#\/schema\/logo\/image\/"}}]}},"_links":{"self":[{"href":"https:\/\/cdhhgo.org\/home\/wp-json\/wp\/v2\/pages\/5339","targetHints":{"allow":["GET"]}}],"collection":[{"href":"https:\/\/cdhhgo.org\/home\/wp-json\/wp\/v2\/pages"}],"about":[{"href":"https:\/\/cdhhgo.org\/home\/wp-json\/wp\/v2\/types\/page"}],"author":[{"embeddable":true,"href":"https:\/\/cdhhgo.org\/home\/wp-json\/wp\/v2\/users\/2"}],"replies":[{"embeddable":true,"href":"https:\/\/cdhhgo.org\/home\/wp-json\/wp\/v2\/comments?post=5339"}],"version-history":[{"count":88,"href":"https:\/\/cdhhgo.org\/home\/wp-json\/wp\/v2\/pages\/5339\/revisions"}],"predecessor-version":[{"id":8188,"href":"https:\/\/cdhhgo.org\/home\/wp-json\/wp\/v2\/pages\/5339\/revisions\/8188"}],"wp:attachment":[{"href":"https:\/\/cdhhgo.org\/home\/wp-json\/wp\/v2\/media?parent=5339"}],"wp:term":[{"taxonomy":"wf_page_folders","embeddable":true,"href":"https:\/\/cdhhgo.org\/home\/wp-json\/wp\/v2\/wf_page_folders?post=5339"}],"curies":[{"name":"wp","href":"https:\/\/api.w.org\/{rel}","templated":true}]}}