{"id":5254,"date":"2022-08-05T19:40:24","date_gmt":"2022-08-05T19:40:24","guid":{"rendered":"https:\/\/cdhhgo.org\/home\/?page_id=5254"},"modified":"2022-08-05T20:05:05","modified_gmt":"2022-08-05T20:05:05","slug":"convocatoria","status":"publish","type":"page","link":"https:\/\/cdhhgo.org\/home\/convocatoria\/","title":{"rendered":"CONVOCATORIA"},"content":{"rendered":"\t\t<div data-elementor-type=\"wp-page\" data-elementor-id=\"5254\" class=\"elementor elementor-5254\">\n\t\t\t\t\t\t<section class=\"elementor-section elementor-top-section elementor-element elementor-element-52bf323 elementor-section-boxed elementor-section-height-default elementor-section-height-default\" data-id=\"52bf323\" data-element_type=\"section\" data-e-type=\"section\">\n\t\t\t\t\t\t<div class=\"elementor-container elementor-column-gap-default\">\n\t\t\t\t\t<div class=\"elementor-column elementor-col-100 elementor-top-column elementor-element elementor-element-872ea2c\" data-id=\"872ea2c\" data-element_type=\"column\" data-e-type=\"column\">\n\t\t\t<div class=\"elementor-widget-wrap elementor-element-populated\">\n\t\t\t\t\t\t<div class=\"elementor-element elementor-element-5290b2a elementor-widget elementor-widget-spacer\" data-id=\"5290b2a\" data-element_type=\"widget\" data-e-type=\"widget\" data-widget_type=\"spacer.default\">\n\t\t\t\t<div class=\"elementor-widget-container\">\n\t\t\t\t\t\t\t<div class=\"elementor-spacer\">\n\t\t\t<div class=\"elementor-spacer-inner\"><\/div>\n\t\t<\/div>\n\t\t\t\t\t\t<\/div>\n\t\t\t\t<\/div>\n\t\t\t\t\t<\/div>\n\t\t<\/div>\n\t\t\t\t\t<\/div>\n\t\t<\/section>\n\t\t\t\t<section class=\"elementor-section elementor-top-section elementor-element elementor-element-3886e73 elementor-section-boxed elementor-section-height-default elementor-section-height-default\" data-id=\"3886e73\" data-element_type=\"section\" data-e-type=\"section\">\n\t\t\t\t\t\t<div class=\"elementor-container elementor-column-gap-default\">\n\t\t\t\t\t<div class=\"elementor-column elementor-col-100 elementor-top-column elementor-element elementor-element-ec312e1\" data-id=\"ec312e1\" data-element_type=\"column\" data-e-type=\"column\">\n\t\t\t<div class=\"elementor-widget-wrap elementor-element-populated\">\n\t\t\t\t\t\t<div class=\"elementor-element elementor-element-149740a elementor-widget elementor-widget-text-editor\" data-id=\"149740a\" data-element_type=\"widget\" data-e-type=\"widget\" data-widget_type=\"text-editor.default\">\n\t\t\t\t<div class=\"elementor-widget-container\">\n\t\t\t\t\t\t\t\t\t<h4 style=\"text-align: center;\"><b>CONGRESO DEL ESTADO RETOMA LOS ENCUENTROS REGIONALES EN MATERIA DE PROTECCI\u00d3N DE DERECHOS HUMANOS Y PARA EL EJERCICIO DEL PERIODISMO<\/b><\/h4><h4>\u00a0<\/h4><h4>En continuidad al desarrollo de las mejores pr\u00e1cticas de Parlamento Abierto que permitan construir una iniciativa en coordinaci\u00f3n y cooperaci\u00f3n con la ciudadan\u00eda y actores en la materia, y como se inform\u00f3 con anterioridad, se realizaron los reajustes correspondientes para generar un espacio de di\u00e1logo y as\u00ed fortalecer los mecanismos que garanticen la vida, integridad, libertad y seguridad de las personas que se encuentran en situaci\u00f3n de riesgo como consecuencia de la defensa de los derechos humanos, el ejercicio de la libertad de expresi\u00f3n y el periodismo.<\/h4><h4>Por ello, la LXV Legislatura a trav\u00e9s de la presidencia de la Junta de Gobierno, de las comisiones de Legislaci\u00f3n y Puntos Constitucionales, Derechos Humanos y Atenci\u00f3n de las Personas con Discapacidad, Seguridad Ciudadana y Justicia y del Instituto de Estudios Legislativos, convoca a periodistas, colaboradoras y colaboradores de los medios de comunicaci\u00f3n,\u00a0 personas defensoras de los derechos humanos, acad\u00e9micos expertos en la materia y sociedad en general para participar en\u00a0 los Encuentros Regionales para el An\u00e1lisis en materia de Protecci\u00f3n de Derechos Humanos y de Salvaguarda de los Derechos para el Ejercicio del Periodismo.<\/h4><h4>Estos eventos tendr\u00e1n verificativo los d\u00edas 09, 10 y 11 de agosto en los municipios de Ixmiquilpan, Tepeapulco y Tulancingo, correspondientemente, con el objetivo de brindar oportunidad a los involucrados de acudir y sumarse a la construcci\u00f3n de esta iniciativa.<\/h4><h4>Los interesados podr\u00e1n registrarse en el siguiente enlace: <a href=\"https:\/\/docs.google.com\/forms\/d\/e\/1FAIpQLSeG3ATNRyMqTw87W9H1k7jd5Aw45yQUpS9SFxRZAbGb-cmX6A\/viewform?usp=sf_link\">https:\/\/docs.google.com\/forms\/d\/e\/1FAIpQLSeG3ATNRyMqTw87W9H1k7jd5Aw45yQUpS9SFxRZAbGb-cmX6A\/viewform?usp=sf_link\u00a0<\/a><\/h4><h4>Para mayor informaci\u00f3n sobre el desarrollo del encuentro, se pone a disposici\u00f3n el n\u00famero telef\u00f3nico 771 717 4400 ext. 1531 y el correo electr\u00f3nico estudioslegislativoshgo@congreso-hidalgo.gob.mx.<\/h4>\t\t\t\t\t\t\t\t<\/div>\n\t\t\t\t<\/div>\n\t\t\t\t\t<\/div>\n\t\t<\/div>\n\t\t\t\t\t<\/div>\n\t\t<\/section>\n\t\t\t\t<section class=\"elementor-section elementor-top-section elementor-element elementor-element-2ae8c1b elementor-section-boxed elementor-section-height-default elementor-section-height-default\" data-id=\"2ae8c1b\" data-element_type=\"section\" data-e-type=\"section\">\n\t\t\t\t\t\t<div class=\"elementor-container elementor-column-gap-default\">\n\t\t\t\t\t<div class=\"elementor-column elementor-col-100 elementor-top-column elementor-element elementor-element-4d8b29f\" data-id=\"4d8b29f\" data-element_type=\"column\" data-e-type=\"column\">\n\t\t\t<div class=\"elementor-widget-wrap elementor-element-populated\">\n\t\t\t\t\t\t<div class=\"elementor-element elementor-element-4e3e958 elementor-widget elementor-widget-image\" data-id=\"4e3e958\" data-element_type=\"widget\" data-e-type=\"widget\" data-widget_type=\"image.default\">\n\t\t\t\t<div class=\"elementor-widget-container\">\n\t\t\t\t\t\t\t\t\t\t\t\t\t\t\t<img fetchpriority=\"high\" decoding=\"async\" width=\"678\" height=\"791\" src=\"https:\/\/www.cdhhgo.org\/home\/wp-content\/uploads\/2022\/08\/TULANCINGO-CONVOCATORIA-878x1024.jpg\" class=\"attachment-large size-large wp-image-5266\" alt=\"\" srcset=\"https:\/\/www.cdhhgo.org\/home\/wp-content\/uploads\/2022\/08\/TULANCINGO-CONVOCATORIA-878x1024.jpg 878w, https:\/\/www.cdhhgo.org\/home\/wp-content\/uploads\/2022\/08\/TULANCINGO-CONVOCATORIA-257x300.jpg 257w, https:\/\/www.cdhhgo.org\/home\/wp-content\/uploads\/2022\/08\/TULANCINGO-CONVOCATORIA-768x896.jpg 768w, https:\/\/www.cdhhgo.org\/home\/wp-content\/uploads\/2022\/08\/TULANCINGO-CONVOCATORIA-1317x1536.jpg 1317w, https:\/\/www.cdhhgo.org\/home\/wp-content\/uploads\/2022\/08\/TULANCINGO-CONVOCATORIA-1755x2048.jpg 1755w\" sizes=\"(max-width: 678px) 100vw, 678px\" \/>\t\t\t\t\t\t\t\t\t\t\t\t\t\t\t<\/div>\n\t\t\t\t<\/div>\n\t\t\t\t\t<\/div>\n\t\t<\/div>\n\t\t\t\t\t<\/div>\n\t\t<\/section>\n\t\t\t\t<section class=\"elementor-section elementor-top-section elementor-element elementor-element-1f2c22e elementor-section-boxed elementor-section-height-default elementor-section-height-default\" data-id=\"1f2c22e\" data-element_type=\"section\" data-e-type=\"section\">\n\t\t\t\t\t\t<div class=\"elementor-container elementor-column-gap-default\">\n\t\t\t\t\t<div class=\"elementor-column elementor-col-100 elementor-top-column elementor-element elementor-element-368a600\" data-id=\"368a600\" data-element_type=\"column\" data-e-type=\"column\">\n\t\t\t<div class=\"elementor-widget-wrap elementor-element-populated\">\n\t\t\t\t\t\t<div class=\"elementor-element elementor-element-a50441a elementor-widget elementor-widget-image\" data-id=\"a50441a\" data-element_type=\"widget\" data-e-type=\"widget\" data-widget_type=\"image.default\">\n\t\t\t\t<div class=\"elementor-widget-container\">\n\t\t\t\t\t\t\t\t\t\t\t\t\t\t\t<img decoding=\"async\" width=\"678\" height=\"791\" src=\"https:\/\/www.cdhhgo.org\/home\/wp-content\/uploads\/2022\/08\/TEPEAPULCOCONVOCATORIA-878x1024.jpg\" class=\"attachment-large size-large wp-image-5265\" alt=\"\" srcset=\"https:\/\/www.cdhhgo.org\/home\/wp-content\/uploads\/2022\/08\/TEPEAPULCOCONVOCATORIA-878x1024.jpg 878w, https:\/\/www.cdhhgo.org\/home\/wp-content\/uploads\/2022\/08\/TEPEAPULCOCONVOCATORIA-257x300.jpg 257w, https:\/\/www.cdhhgo.org\/home\/wp-content\/uploads\/2022\/08\/TEPEAPULCOCONVOCATORIA-768x896.jpg 768w, https:\/\/www.cdhhgo.org\/home\/wp-content\/uploads\/2022\/08\/TEPEAPULCOCONVOCATORIA-1317x1536.jpg 1317w, https:\/\/www.cdhhgo.org\/home\/wp-content\/uploads\/2022\/08\/TEPEAPULCOCONVOCATORIA-1755x2048.jpg 1755w\" sizes=\"(max-width: 678px) 100vw, 678px\" \/>\t\t\t\t\t\t\t\t\t\t\t\t\t\t\t<\/div>\n\t\t\t\t<\/div>\n\t\t\t\t\t<\/div>\n\t\t<\/div>\n\t\t\t\t\t<\/div>\n\t\t<\/section>\n\t\t\t\t<section class=\"elementor-section elementor-top-section elementor-element elementor-element-b3d2783 elementor-section-boxed elementor-section-height-default elementor-section-height-default\" data-id=\"b3d2783\" data-element_type=\"section\" data-e-type=\"section\">\n\t\t\t\t\t\t<div class=\"elementor-container elementor-column-gap-default\">\n\t\t\t\t\t<div class=\"elementor-column elementor-col-100 elementor-top-column elementor-element elementor-element-ee24873\" data-id=\"ee24873\" data-element_type=\"column\" data-e-type=\"column\">\n\t\t\t<div class=\"elementor-widget-wrap elementor-element-populated\">\n\t\t\t\t\t\t<div class=\"elementor-element elementor-element-1a399ce elementor-widget elementor-widget-image\" data-id=\"1a399ce\" data-element_type=\"widget\" data-e-type=\"widget\" data-widget_type=\"image.default\">\n\t\t\t\t<div class=\"elementor-widget-container\">\n\t\t\t\t\t\t\t\t\t\t\t\t\t\t\t<img decoding=\"async\" width=\"678\" height=\"791\" src=\"https:\/\/www.cdhhgo.org\/home\/wp-content\/uploads\/2022\/08\/IXMIQUILPAN-CONVOCATORIA-878x1024.jpg\" class=\"attachment-large size-large wp-image-5264\" alt=\"\" srcset=\"https:\/\/www.cdhhgo.org\/home\/wp-content\/uploads\/2022\/08\/IXMIQUILPAN-CONVOCATORIA-878x1024.jpg 878w, https:\/\/www.cdhhgo.org\/home\/wp-content\/uploads\/2022\/08\/IXMIQUILPAN-CONVOCATORIA-257x300.jpg 257w, https:\/\/www.cdhhgo.org\/home\/wp-content\/uploads\/2022\/08\/IXMIQUILPAN-CONVOCATORIA-768x896.jpg 768w, https:\/\/www.cdhhgo.org\/home\/wp-content\/uploads\/2022\/08\/IXMIQUILPAN-CONVOCATORIA-1317x1536.jpg 1317w, https:\/\/www.cdhhgo.org\/home\/wp-content\/uploads\/2022\/08\/IXMIQUILPAN-CONVOCATORIA-1755x2048.jpg 1755w\" sizes=\"(max-width: 678px) 100vw, 678px\" \/>\t\t\t\t\t\t\t\t\t\t\t\t\t\t\t<\/div>\n\t\t\t\t<\/div>\n\t\t\t\t\t<\/div>\n\t\t<\/div>\n\t\t\t\t\t<\/div>\n\t\t<\/section>\n\t\t\t\t<section class=\"elementor-section elementor-top-section elementor-element elementor-element-21e57a6 elementor-section-boxed elementor-section-height-default elementor-section-height-default\" data-id=\"21e57a6\" data-element_type=\"section\" data-e-type=\"section\">\n\t\t\t\t\t\t<div class=\"elementor-container elementor-column-gap-default\">\n\t\t\t\t\t<div class=\"elementor-column elementor-col-100 elementor-top-column elementor-element elementor-element-3dbc5df\" data-id=\"3dbc5df\" data-element_type=\"column\" data-e-type=\"column\">\n\t\t\t<div class=\"elementor-widget-wrap elementor-element-populated\">\n\t\t\t\t\t\t<div class=\"elementor-element elementor-element-661f996 elementor-widget elementor-widget-spacer\" data-id=\"661f996\" data-element_type=\"widget\" data-e-type=\"widget\" data-widget_type=\"spacer.default\">\n\t\t\t\t<div class=\"elementor-widget-container\">\n\t\t\t\t\t\t\t<div class=\"elementor-spacer\">\n\t\t\t<div class=\"elementor-spacer-inner\"><\/div>\n\t\t<\/div>\n\t\t\t\t\t\t<\/div>\n\t\t\t\t<\/div>\n\t\t\t\t\t<\/div>\n\t\t<\/div>\n\t\t\t\t\t<\/div>\n\t\t<\/section>\n\t\t\t\t<section class=\"elementor-section elementor-top-section elementor-element elementor-element-31a0c24 elementor-section-boxed elementor-section-height-default elementor-section-height-default\" data-id=\"31a0c24\" data-element_type=\"section\" data-e-type=\"section\">\n\t\t\t\t\t\t<div class=\"elementor-container elementor-column-gap-default\">\n\t\t\t\t\t<div class=\"elementor-column elementor-col-100 elementor-top-column elementor-element elementor-element-ac7193c\" data-id=\"ac7193c\" data-element_type=\"column\" data-e-type=\"column\">\n\t\t\t<div class=\"elementor-widget-wrap elementor-element-populated\">\n\t\t\t\t\t\t<div class=\"elementor-element elementor-element-5e74a90 elementor-widget-divider--view-line elementor-widget elementor-widget-divider\" data-id=\"5e74a90\" data-element_type=\"widget\" data-e-type=\"widget\" data-widget_type=\"divider.default\">\n\t\t\t\t<div class=\"elementor-widget-container\">\n\t\t\t\t\t\t\t<div class=\"elementor-divider\">\n\t\t\t<span class=\"elementor-divider-separator\">\n\t\t\t\t\t\t<\/span>\n\t\t<\/div>\n\t\t\t\t\t\t<\/div>\n\t\t\t\t<\/div>\n\t\t\t\t\t<\/div>\n\t\t<\/div>\n\t\t\t\t\t<\/div>\n\t\t<\/section>\n\t\t\t\t<\/div>\n\t\t","protected":false},"excerpt":{"rendered":"<div class=\"mh-excerpt\"><p>CONGRESO DEL ESTADO RETOMA LOS ENCUENTROS REGIONALES EN MATERIA DE PROTECCI\u00d3N DE DERECHOS HUMANOS Y PARA EL EJERCICIO DEL PERIODISMO \u00a0 En continuidad al desarrollo <a class=\"mh-excerpt-more\" href=\"https:\/\/cdhhgo.org\/home\/convocatoria\/\" title=\"CONVOCATORIA\">[&#8230;]<\/a><\/p>\n<\/div>","protected":false},"author":2,"featured_media":0,"parent":0,"menu_order":0,"comment_status":"closed","ping_status":"closed","template":"elementor_header_footer","meta":{"_monsterinsights_skip_tracking":false,"_monsterinsights_sitenote_active":false,"_monsterinsights_sitenote_note":"","_monsterinsights_sitenote_category":0,"footnotes":""},"wf_page_folders":[],"class_list":["post-5254","page","type-page","status-publish","hentry"],"aioseo_notices":[],"yoast_head":"<!-- This site is optimized with the Yoast SEO plugin v27.0 - https:\/\/yoast.com\/product\/yoast-seo-wordpress\/ -->\n<title>CONVOCATORIA - CDHEH<\/title>\n<meta name=\"robots\" content=\"index, follow, max-snippet:-1, max-image-preview:large, max-video-preview:-1\" \/>\n<link rel=\"canonical\" href=\"https:\/\/cdhhgo.org\/home\/convocatoria\/\" \/>\n<meta property=\"og:locale\" content=\"es_MX\" \/>\n<meta property=\"og:type\" content=\"article\" \/>\n<meta property=\"og:title\" content=\"CONVOCATORIA - CDHEH\" \/>\n<meta property=\"og:description\" content=\"CONGRESO DEL ESTADO RETOMA LOS ENCUENTROS REGIONALES EN MATERIA DE PROTECCI\u00d3N DE DERECHOS HUMANOS Y PARA EL EJERCICIO DEL PERIODISMO \u00a0 En continuidad al desarrollo [...]\" \/>\n<meta property=\"og:url\" content=\"https:\/\/cdhhgo.org\/home\/convocatoria\/\" \/>\n<meta property=\"og:site_name\" content=\"CDHEH\" \/>\n<meta property=\"article:modified_time\" content=\"2022-08-05T20:05:05+00:00\" \/>\n<meta property=\"og:image\" content=\"https:\/\/cdhhgo.org\/home\/wp-content\/uploads\/2022\/08\/TULANCINGO-CONVOCATORIA-878x1024.jpg\" \/>\n<meta name=\"twitter:card\" content=\"summary_large_image\" \/>\n<meta name=\"twitter:label1\" content=\"Tiempo de lectura\" \/>\n\t<meta name=\"twitter:data1\" content=\"2 minutos\" \/>\n<script type=\"application\/ld+json\" class=\"yoast-schema-graph\">{\"@context\":\"https:\/\/schema.org\",\"@graph\":[{\"@type\":\"WebPage\",\"@id\":\"https:\/\/cdhhgo.org\/home\/convocatoria\/\",\"url\":\"https:\/\/cdhhgo.org\/home\/convocatoria\/\",\"name\":\"CONVOCATORIA - CDHEH\",\"isPartOf\":{\"@id\":\"https:\/\/cdhhgo.org\/home\/#website\"},\"primaryImageOfPage\":{\"@id\":\"https:\/\/cdhhgo.org\/home\/convocatoria\/#primaryimage\"},\"image\":{\"@id\":\"https:\/\/cdhhgo.org\/home\/convocatoria\/#primaryimage\"},\"thumbnailUrl\":\"https:\/\/cdhhgo.org\/home\/wp-content\/uploads\/2022\/08\/TULANCINGO-CONVOCATORIA-878x1024.jpg\",\"datePublished\":\"2022-08-05T19:40:24+00:00\",\"dateModified\":\"2022-08-05T20:05:05+00:00\",\"breadcrumb\":{\"@id\":\"https:\/\/cdhhgo.org\/home\/convocatoria\/#breadcrumb\"},\"inLanguage\":\"es\",\"potentialAction\":[{\"@type\":\"ReadAction\",\"target\":[\"https:\/\/cdhhgo.org\/home\/convocatoria\/\"]}]},{\"@type\":\"ImageObject\",\"inLanguage\":\"es\",\"@id\":\"https:\/\/cdhhgo.org\/home\/convocatoria\/#primaryimage\",\"url\":\"https:\/\/cdhhgo.org\/home\/wp-content\/uploads\/2022\/08\/TULANCINGO-CONVOCATORIA-878x1024.jpg\",\"contentUrl\":\"https:\/\/cdhhgo.org\/home\/wp-content\/uploads\/2022\/08\/TULANCINGO-CONVOCATORIA-878x1024.jpg\"},{\"@type\":\"BreadcrumbList\",\"@id\":\"https:\/\/cdhhgo.org\/home\/convocatoria\/#breadcrumb\",\"itemListElement\":[{\"@type\":\"ListItem\",\"position\":1,\"name\":\"Inicio\",\"item\":\"https:\/\/cdhhgo.org\/home\/\"},{\"@type\":\"ListItem\",\"position\":2,\"name\":\"CONVOCATORIA\"}]},{\"@type\":\"WebSite\",\"@id\":\"https:\/\/cdhhgo.org\/home\/#website\",\"url\":\"https:\/\/cdhhgo.org\/home\/\",\"name\":\"Comisi\u00f3n de Derechos Humanos del Estado de Hidalgo\",\"description\":\"comision de derechos humanos del estado de hidalgo\",\"publisher\":{\"@id\":\"https:\/\/cdhhgo.org\/home\/#organization\"},\"potentialAction\":[{\"@type\":\"SearchAction\",\"target\":{\"@type\":\"EntryPoint\",\"urlTemplate\":\"https:\/\/cdhhgo.org\/home\/?s={search_term_string}\"},\"query-input\":{\"@type\":\"PropertyValueSpecification\",\"valueRequired\":true,\"valueName\":\"search_term_string\"}}],\"inLanguage\":\"es\"},{\"@type\":\"Organization\",\"@id\":\"https:\/\/cdhhgo.org\/home\/#organization\",\"name\":\"Comisi\u00f3n de Derechos Humanos del Estado de Hidalgo\",\"url\":\"https:\/\/cdhhgo.org\/home\/\",\"logo\":{\"@type\":\"ImageObject\",\"inLanguage\":\"es\",\"@id\":\"https:\/\/cdhhgo.org\/home\/#\/schema\/logo\/image\/\",\"url\":\"https:\/\/cdhhgo.org\/home\/wp-content\/uploads\/2019\/02\/logo.jpg\",\"contentUrl\":\"https:\/\/cdhhgo.org\/home\/wp-content\/uploads\/2019\/02\/logo.jpg\",\"width\":3000,\"height\":2072,\"caption\":\"Comisi\u00f3n de Derechos Humanos del Estado de Hidalgo\"},\"image\":{\"@id\":\"https:\/\/cdhhgo.org\/home\/#\/schema\/logo\/image\/\"}}]}<\/script>\n<!-- \/ Yoast SEO plugin. -->","yoast_head_json":{"title":"CONVOCATORIA - CDHEH","robots":{"index":"index","follow":"follow","max-snippet":"max-snippet:-1","max-image-preview":"max-image-preview:large","max-video-preview":"max-video-preview:-1"},"canonical":"https:\/\/cdhhgo.org\/home\/convocatoria\/","og_locale":"es_MX","og_type":"article","og_title":"CONVOCATORIA - CDHEH","og_description":"CONGRESO DEL ESTADO RETOMA LOS ENCUENTROS REGIONALES EN MATERIA DE PROTECCI\u00d3N DE DERECHOS HUMANOS Y PARA EL EJERCICIO DEL PERIODISMO \u00a0 En continuidad al desarrollo [...]","og_url":"https:\/\/cdhhgo.org\/home\/convocatoria\/","og_site_name":"CDHEH","article_modified_time":"2022-08-05T20:05:05+00:00","og_image":[{"url":"https:\/\/cdhhgo.org\/home\/wp-content\/uploads\/2022\/08\/TULANCINGO-CONVOCATORIA-878x1024.jpg","type":"","width":"","height":""}],"twitter_card":"summary_large_image","twitter_misc":{"Tiempo de lectura":"2 minutos"},"schema":{"@context":"https:\/\/schema.org","@graph":[{"@type":"WebPage","@id":"https:\/\/cdhhgo.org\/home\/convocatoria\/","url":"https:\/\/cdhhgo.org\/home\/convocatoria\/","name":"CONVOCATORIA - CDHEH","isPartOf":{"@id":"https:\/\/cdhhgo.org\/home\/#website"},"primaryImageOfPage":{"@id":"https:\/\/cdhhgo.org\/home\/convocatoria\/#primaryimage"},"image":{"@id":"https:\/\/cdhhgo.org\/home\/convocatoria\/#primaryimage"},"thumbnailUrl":"https:\/\/cdhhgo.org\/home\/wp-content\/uploads\/2022\/08\/TULANCINGO-CONVOCATORIA-878x1024.jpg","datePublished":"2022-08-05T19:40:24+00:00","dateModified":"2022-08-05T20:05:05+00:00","breadcrumb":{"@id":"https:\/\/cdhhgo.org\/home\/convocatoria\/#breadcrumb"},"inLanguage":"es","potentialAction":[{"@type":"ReadAction","target":["https:\/\/cdhhgo.org\/home\/convocatoria\/"]}]},{"@type":"ImageObject","inLanguage":"es","@id":"https:\/\/cdhhgo.org\/home\/convocatoria\/#primaryimage","url":"https:\/\/cdhhgo.org\/home\/wp-content\/uploads\/2022\/08\/TULANCINGO-CONVOCATORIA-878x1024.jpg","contentUrl":"https:\/\/cdhhgo.org\/home\/wp-content\/uploads\/2022\/08\/TULANCINGO-CONVOCATORIA-878x1024.jpg"},{"@type":"BreadcrumbList","@id":"https:\/\/cdhhgo.org\/home\/convocatoria\/#breadcrumb","itemListElement":[{"@type":"ListItem","position":1,"name":"Inicio","item":"https:\/\/cdhhgo.org\/home\/"},{"@type":"ListItem","position":2,"name":"CONVOCATORIA"}]},{"@type":"WebSite","@id":"https:\/\/cdhhgo.org\/home\/#website","url":"https:\/\/cdhhgo.org\/home\/","name":"Comisi\u00f3n de Derechos Humanos del Estado de Hidalgo","description":"comision de derechos humanos del estado de hidalgo","publisher":{"@id":"https:\/\/cdhhgo.org\/home\/#organization"},"potentialAction":[{"@type":"SearchAction","target":{"@type":"EntryPoint","urlTemplate":"https:\/\/cdhhgo.org\/home\/?s={search_term_string}"},"query-input":{"@type":"PropertyValueSpecification","valueRequired":true,"valueName":"search_term_string"}}],"inLanguage":"es"},{"@type":"Organization","@id":"https:\/\/cdhhgo.org\/home\/#organization","name":"Comisi\u00f3n de Derechos Humanos del Estado de Hidalgo","url":"https:\/\/cdhhgo.org\/home\/","logo":{"@type":"ImageObject","inLanguage":"es","@id":"https:\/\/cdhhgo.org\/home\/#\/schema\/logo\/image\/","url":"https:\/\/cdhhgo.org\/home\/wp-content\/uploads\/2019\/02\/logo.jpg","contentUrl":"https:\/\/cdhhgo.org\/home\/wp-content\/uploads\/2019\/02\/logo.jpg","width":3000,"height":2072,"caption":"Comisi\u00f3n de Derechos Humanos del Estado de Hidalgo"},"image":{"@id":"https:\/\/cdhhgo.org\/home\/#\/schema\/logo\/image\/"}}]}},"_links":{"self":[{"href":"https:\/\/cdhhgo.org\/home\/wp-json\/wp\/v2\/pages\/5254","targetHints":{"allow":["GET"]}}],"collection":[{"href":"https:\/\/cdhhgo.org\/home\/wp-json\/wp\/v2\/pages"}],"about":[{"href":"https:\/\/cdhhgo.org\/home\/wp-json\/wp\/v2\/types\/page"}],"author":[{"embeddable":true,"href":"https:\/\/cdhhgo.org\/home\/wp-json\/wp\/v2\/users\/2"}],"replies":[{"embeddable":true,"href":"https:\/\/cdhhgo.org\/home\/wp-json\/wp\/v2\/comments?post=5254"}],"version-history":[{"count":13,"href":"https:\/\/cdhhgo.org\/home\/wp-json\/wp\/v2\/pages\/5254\/revisions"}],"predecessor-version":[{"id":5284,"href":"https:\/\/cdhhgo.org\/home\/wp-json\/wp\/v2\/pages\/5254\/revisions\/5284"}],"wp:attachment":[{"href":"https:\/\/cdhhgo.org\/home\/wp-json\/wp\/v2\/media?parent=5254"}],"wp:term":[{"taxonomy":"wf_page_folders","embeddable":true,"href":"https:\/\/cdhhgo.org\/home\/wp-json\/wp\/v2\/wf_page_folders?post=5254"}],"curies":[{"name":"wp","href":"https:\/\/api.w.org\/{rel}","templated":true}]}}