{"id":4860,"date":"2022-05-03T16:24:38","date_gmt":"2022-05-03T16:24:38","guid":{"rendered":"https:\/\/cdhhgo.org\/home\/?page_id=4860"},"modified":"2022-12-19T18:30:18","modified_gmt":"2022-12-19T18:30:18","slug":"licitaciones-2022","status":"publish","type":"page","link":"https:\/\/cdhhgo.org\/home\/licitaciones-2022\/","title":{"rendered":"Licitaciones 2022"},"content":{"rendered":"\t\t<div data-elementor-type=\"wp-page\" data-elementor-id=\"4860\" class=\"elementor elementor-4860\">\n\t\t\t\t\t\t<section class=\"elementor-section elementor-top-section elementor-element elementor-element-8fa1675 elementor-section-boxed elementor-section-height-default elementor-section-height-default\" data-id=\"8fa1675\" data-element_type=\"section\" data-e-type=\"section\">\n\t\t\t\t\t\t<div class=\"elementor-container elementor-column-gap-default\">\n\t\t\t\t\t<div class=\"elementor-column elementor-col-100 elementor-top-column elementor-element elementor-element-d40e70c\" data-id=\"d40e70c\" data-element_type=\"column\" data-e-type=\"column\">\n\t\t\t<div class=\"elementor-widget-wrap elementor-element-populated\">\n\t\t\t\t\t\t<div class=\"elementor-element elementor-element-d6b6be8 elementor-widget elementor-widget-text-editor\" data-id=\"d6b6be8\" data-element_type=\"widget\" data-e-type=\"widget\" data-widget_type=\"text-editor.default\">\n\t\t\t\t<div class=\"elementor-widget-container\">\n\t\t\t\t\t\t\t\t\t<p><a href=\"https:\/\/cdhhgo.org\/home\/wp-content\/uploads\/2022\/05\/BASES-2022-SEGUROS-VEHICULARES.pdf\" target=\"_blank\" rel=\"noopener\"><strong>BA<\/strong><strong>SE<\/strong><strong>S PARA LICITACI\u00d3N P\u00daBLICA NACIONAL <\/strong><strong>LPN-CDHEH\/01-2022 (SEGUROS PARA PARQUE VEHICULAR)<br \/><\/strong><\/a><\/p><p><a href=\"https:\/\/cdhhgo.org\/home\/wp-content\/uploads\/2022\/05\/JUNTA-DE-ACLARACIONES.pdf\" target=\"_blank\" rel=\"noopener\"><strong>ACTA JUNTA DE ACLARACIONES LPN-CDHEH\/01-2022<\/strong><\/a><\/p><p><a href=\"https:\/\/cdhhgo.org\/home\/wp-content\/uploads\/2022\/05\/PRESENTACION-Y-APERTURA-DE-PROPOSICIONES-LPN-CDHEH-012022.pdf\" target=\"_blank\" rel=\"noopener\"><strong>ACTA DE PRESENTACI\u00d3N Y APERTURA DE PROPOSICIONES LPN-CDHEH\/01-2022<\/strong><\/a><\/p><p><strong><a href=\"https:\/\/cdhhgo.org\/home\/wp-content\/uploads\/2022\/05\/ACTO-DE-FALLO-LPN-CDHEH-012022.pdf\" target=\"_blank\" rel=\"noopener\">ACTA DE FALLO LPN-CDHEH\/01-2022<\/a><\/strong><\/p>\t\t\t\t\t\t\t\t<\/div>\n\t\t\t\t<\/div>\n\t\t\t\t\t<\/div>\n\t\t<\/div>\n\t\t\t\t\t<\/div>\n\t\t<\/section>\n\t\t\t\t<section class=\"elementor-section elementor-top-section elementor-element elementor-element-d6ce282 elementor-section-boxed elementor-section-height-default elementor-section-height-default\" data-id=\"d6ce282\" data-element_type=\"section\" data-e-type=\"section\">\n\t\t\t\t\t\t<div class=\"elementor-container elementor-column-gap-default\">\n\t\t\t\t\t<div class=\"elementor-column elementor-col-100 elementor-top-column elementor-element elementor-element-b3f68f8\" data-id=\"b3f68f8\" data-element_type=\"column\" data-e-type=\"column\">\n\t\t\t<div class=\"elementor-widget-wrap elementor-element-populated\">\n\t\t\t\t\t\t<div class=\"elementor-element elementor-element-ed12551 elementor-widget-divider--view-line elementor-widget elementor-widget-divider\" data-id=\"ed12551\" data-element_type=\"widget\" data-e-type=\"widget\" data-widget_type=\"divider.default\">\n\t\t\t\t<div class=\"elementor-widget-container\">\n\t\t\t\t\t\t\t<div class=\"elementor-divider\">\n\t\t\t<span class=\"elementor-divider-separator\">\n\t\t\t\t\t\t<\/span>\n\t\t<\/div>\n\t\t\t\t\t\t<\/div>\n\t\t\t\t<\/div>\n\t\t\t\t\t<\/div>\n\t\t<\/div>\n\t\t\t\t\t<\/div>\n\t\t<\/section>\n\t\t\t\t<section class=\"elementor-section elementor-top-section elementor-element elementor-element-fcee14b elementor-section-boxed elementor-section-height-default elementor-section-height-default\" data-id=\"fcee14b\" data-element_type=\"section\" data-e-type=\"section\">\n\t\t\t\t\t\t<div class=\"elementor-container elementor-column-gap-default\">\n\t\t\t\t\t<div class=\"elementor-column elementor-col-100 elementor-top-column elementor-element elementor-element-97cd95d\" data-id=\"97cd95d\" data-element_type=\"column\" data-e-type=\"column\">\n\t\t\t<div class=\"elementor-widget-wrap elementor-element-populated\">\n\t\t\t\t\t\t<div class=\"elementor-element elementor-element-3a5cb55 elementor-widget elementor-widget-text-editor\" data-id=\"3a5cb55\" data-element_type=\"widget\" data-e-type=\"widget\" data-widget_type=\"text-editor.default\">\n\t\t\t\t<div class=\"elementor-widget-container\">\n\t\t\t\t\t\t\t\t\t<p><a href=\"https:\/\/cdhhgo.org\/home\/wp-content\/uploads\/2022\/06\/BASES-2022-BIENES-INFORMA\u0301TICOS-Y-LICENCIAS-REVISADA.pdf-1.pdf\" target=\"_blank\" rel=\"noopener\">BASES PARA LICITACI\u00d3N P\u00daBLICA NACIONAL LPN-CDHEH\/02-2022<\/a><\/p><p><a href=\"https:\/\/cdhhgo.org\/home\/wp-content\/uploads\/2022\/06\/JUNTA-DE-ACLARACIONES-LPN-CDHEH-022022.pdf\" target=\"_blank\" rel=\"noopener\">JUNTA DE ACLARACIONES LPN-CDHEH\/02-2022<\/a><\/p><p><a href=\"https:\/\/cdhhgo.org\/home\/wp-content\/uploads\/2022\/06\/PRESENTACION-Y-APERTURA-DE-PROPOSICIONES-LPN-CDHEH-022022.pdf\" target=\"_blank\" rel=\"noopener\">PRESENTACI\u00d3N Y APERTURA DE PROPOSICIONES LPN-CDHEH\/02-2022<\/a><\/p><p><a href=\"https:\/\/cdhhgo.org\/home\/wp-content\/uploads\/2022\/07\/ACTO-DE-FALLO-BIENES-INFORMATICOS-2022.pdf\" target=\"_blank\" rel=\"noopener\">ACTA DE FALLO LPN-CDHEH\/02-2022<\/a><\/p>\t\t\t\t\t\t\t\t<\/div>\n\t\t\t\t<\/div>\n\t\t\t\t\t<\/div>\n\t\t<\/div>\n\t\t\t\t\t<\/div>\n\t\t<\/section>\n\t\t\t\t<section class=\"elementor-section elementor-top-section elementor-element elementor-element-b521949 elementor-section-boxed elementor-section-height-default elementor-section-height-default\" data-id=\"b521949\" data-element_type=\"section\" data-e-type=\"section\">\n\t\t\t\t\t\t<div class=\"elementor-container elementor-column-gap-default\">\n\t\t\t\t\t<div class=\"elementor-column elementor-col-100 elementor-top-column elementor-element elementor-element-4e07149\" data-id=\"4e07149\" data-element_type=\"column\" data-e-type=\"column\">\n\t\t\t<div class=\"elementor-widget-wrap elementor-element-populated\">\n\t\t\t\t\t\t<div class=\"elementor-element elementor-element-651c6f3 elementor-widget-divider--view-line elementor-widget elementor-widget-divider\" data-id=\"651c6f3\" data-element_type=\"widget\" data-e-type=\"widget\" data-widget_type=\"divider.default\">\n\t\t\t\t<div class=\"elementor-widget-container\">\n\t\t\t\t\t\t\t<div class=\"elementor-divider\">\n\t\t\t<span class=\"elementor-divider-separator\">\n\t\t\t\t\t\t<\/span>\n\t\t<\/div>\n\t\t\t\t\t\t<\/div>\n\t\t\t\t<\/div>\n\t\t\t\t\t<\/div>\n\t\t<\/div>\n\t\t\t\t\t<\/div>\n\t\t<\/section>\n\t\t\t\t<section class=\"elementor-section elementor-top-section elementor-element elementor-element-c2c47bd elementor-section-boxed elementor-section-height-default elementor-section-height-default\" data-id=\"c2c47bd\" data-element_type=\"section\" data-e-type=\"section\">\n\t\t\t\t\t\t<div class=\"elementor-container elementor-column-gap-default\">\n\t\t\t\t\t<div class=\"elementor-column elementor-col-100 elementor-top-column elementor-element elementor-element-432fc3c\" data-id=\"432fc3c\" data-element_type=\"column\" data-e-type=\"column\">\n\t\t\t<div class=\"elementor-widget-wrap elementor-element-populated\">\n\t\t\t\t\t\t<div class=\"elementor-element elementor-element-a5b0ee4 elementor-widget elementor-widget-text-editor\" data-id=\"a5b0ee4\" data-element_type=\"widget\" data-e-type=\"widget\" data-widget_type=\"text-editor.default\">\n\t\t\t\t<div class=\"elementor-widget-container\">\n\t\t\t\t\t\t\t\t\t<p><a href=\"https:\/\/cdhhgo.org\/home\/wp-content\/uploads\/2022\/12\/BASES_TERCERA_LICITACION_3_PARTIDAS.pdf\" target=\"_blank\" rel=\"noopener\"><strong>BASES PARA LICITACI\u00d3N P\u00daBLICA NACIONAL LPN-CDHEH\/03-2022 <\/strong>(ADQUISICI\u00d3N DE MATERIAL DE LIMPIEZA, MATERIAL DE OFICINA [PAPELER\u00cdA], E INSUMOS DE OFICINA PARA LA TOTALIDAD DE LAS \u00c1REAS DE LA CDHEH)<br \/><\/a><\/p><p><a href=\"http:\/\/cdhhgo.org\/home\/wp-content\/uploads\/2022\/12\/LPN_CDHEH03_2022_ACTA_JUNTA_ACLARACIONES.pdf\"><strong>ACTA JUNTA DE ACLARACIONES LPN-CDHEH\/03-2022<\/strong><\/a><\/p><p><a href=\"https:\/\/cdhhgo.org\/home\/wp-content\/uploads\/2022\/12\/LPN_CDHEH03_2022_PRESENTACION_APERTURA_PROPOSICIONES.pdf\"><strong>ACTA DE PRESENTACI\u00d3N Y APERTURA DE PROPOSICIONES LPN-CDHEH\/03-2022<\/strong><\/a><\/p><p><a href=\"https:\/\/cdhhgo.org\/home\/wp-content\/uploads\/2022\/12\/LPN_CDHEH03_2022_ACTA_DE_FALLO.pdf\"><strong>ACTA DE FALLO LPN-CDHEH\/03-2022<\/strong><\/a><\/p>\t\t\t\t\t\t\t\t<\/div>\n\t\t\t\t<\/div>\n\t\t\t\t\t<\/div>\n\t\t<\/div>\n\t\t\t\t\t<\/div>\n\t\t<\/section>\n\t\t\t\t<\/div>\n\t\t","protected":false},"excerpt":{"rendered":"<div class=\"mh-excerpt\"><p>BASES PARA LICITACI\u00d3N P\u00daBLICA NACIONAL LPN-CDHEH\/01-2022 (SEGUROS PARA PARQUE VEHICULAR) ACTA JUNTA DE ACLARACIONES LPN-CDHEH\/01-2022 ACTA DE PRESENTACI\u00d3N Y APERTURA DE PROPOSICIONES LPN-CDHEH\/01-2022 ACTA DE <a class=\"mh-excerpt-more\" href=\"https:\/\/cdhhgo.org\/home\/licitaciones-2022\/\" title=\"Licitaciones 2022\">[&#8230;]<\/a><\/p>\n<\/div>","protected":false},"author":2,"featured_media":0,"parent":0,"menu_order":0,"comment_status":"closed","ping_status":"closed","template":"","meta":{"_monsterinsights_skip_tracking":false,"_monsterinsights_sitenote_active":false,"_monsterinsights_sitenote_note":"","_monsterinsights_sitenote_category":0,"footnotes":""},"wf_page_folders":[],"class_list":["post-4860","page","type-page","status-publish","hentry"],"aioseo_notices":[],"yoast_head":"<!-- This site is optimized with the Yoast SEO plugin v27.0 - https:\/\/yoast.com\/product\/yoast-seo-wordpress\/ -->\n<title>Licitaciones 2022 - CDHEH<\/title>\n<meta name=\"robots\" content=\"index, follow, max-snippet:-1, max-image-preview:large, max-video-preview:-1\" \/>\n<link rel=\"canonical\" href=\"https:\/\/cdhhgo.org\/home\/licitaciones-2022\/\" \/>\n<meta property=\"og:locale\" content=\"es_MX\" \/>\n<meta property=\"og:type\" content=\"article\" \/>\n<meta property=\"og:title\" content=\"Licitaciones 2022 - CDHEH\" \/>\n<meta property=\"og:description\" content=\"BASES PARA LICITACI\u00d3N P\u00daBLICA NACIONAL LPN-CDHEH\/01-2022 (SEGUROS PARA PARQUE VEHICULAR) ACTA JUNTA DE ACLARACIONES LPN-CDHEH\/01-2022 ACTA DE PRESENTACI\u00d3N Y APERTURA DE PROPOSICIONES LPN-CDHEH\/01-2022 ACTA DE [...]\" \/>\n<meta property=\"og:url\" content=\"https:\/\/cdhhgo.org\/home\/licitaciones-2022\/\" \/>\n<meta property=\"og:site_name\" content=\"CDHEH\" \/>\n<meta property=\"article:modified_time\" content=\"2022-12-19T18:30:18+00:00\" \/>\n<meta name=\"twitter:card\" content=\"summary_large_image\" \/>\n<meta name=\"twitter:label1\" content=\"Tiempo de lectura\" \/>\n\t<meta name=\"twitter:data1\" content=\"1 minuto\" \/>\n<script type=\"application\/ld+json\" class=\"yoast-schema-graph\">{\"@context\":\"https:\/\/schema.org\",\"@graph\":[{\"@type\":\"WebPage\",\"@id\":\"https:\/\/cdhhgo.org\/home\/licitaciones-2022\/\",\"url\":\"https:\/\/cdhhgo.org\/home\/licitaciones-2022\/\",\"name\":\"Licitaciones 2022 - CDHEH\",\"isPartOf\":{\"@id\":\"https:\/\/cdhhgo.org\/home\/#website\"},\"datePublished\":\"2022-05-03T16:24:38+00:00\",\"dateModified\":\"2022-12-19T18:30:18+00:00\",\"breadcrumb\":{\"@id\":\"https:\/\/cdhhgo.org\/home\/licitaciones-2022\/#breadcrumb\"},\"inLanguage\":\"es\",\"potentialAction\":[{\"@type\":\"ReadAction\",\"target\":[\"https:\/\/cdhhgo.org\/home\/licitaciones-2022\/\"]}]},{\"@type\":\"BreadcrumbList\",\"@id\":\"https:\/\/cdhhgo.org\/home\/licitaciones-2022\/#breadcrumb\",\"itemListElement\":[{\"@type\":\"ListItem\",\"position\":1,\"name\":\"Inicio\",\"item\":\"https:\/\/cdhhgo.org\/home\/\"},{\"@type\":\"ListItem\",\"position\":2,\"name\":\"Licitaciones 2022\"}]},{\"@type\":\"WebSite\",\"@id\":\"https:\/\/cdhhgo.org\/home\/#website\",\"url\":\"https:\/\/cdhhgo.org\/home\/\",\"name\":\"Comisi\u00f3n de Derechos Humanos del Estado de Hidalgo\",\"description\":\"comision de derechos humanos del estado de hidalgo\",\"publisher\":{\"@id\":\"https:\/\/cdhhgo.org\/home\/#organization\"},\"potentialAction\":[{\"@type\":\"SearchAction\",\"target\":{\"@type\":\"EntryPoint\",\"urlTemplate\":\"https:\/\/cdhhgo.org\/home\/?s={search_term_string}\"},\"query-input\":{\"@type\":\"PropertyValueSpecification\",\"valueRequired\":true,\"valueName\":\"search_term_string\"}}],\"inLanguage\":\"es\"},{\"@type\":\"Organization\",\"@id\":\"https:\/\/cdhhgo.org\/home\/#organization\",\"name\":\"Comisi\u00f3n de Derechos Humanos del Estado de Hidalgo\",\"url\":\"https:\/\/cdhhgo.org\/home\/\",\"logo\":{\"@type\":\"ImageObject\",\"inLanguage\":\"es\",\"@id\":\"https:\/\/cdhhgo.org\/home\/#\/schema\/logo\/image\/\",\"url\":\"https:\/\/cdhhgo.org\/home\/wp-content\/uploads\/2019\/02\/logo.jpg\",\"contentUrl\":\"https:\/\/cdhhgo.org\/home\/wp-content\/uploads\/2019\/02\/logo.jpg\",\"width\":3000,\"height\":2072,\"caption\":\"Comisi\u00f3n de Derechos Humanos del Estado de Hidalgo\"},\"image\":{\"@id\":\"https:\/\/cdhhgo.org\/home\/#\/schema\/logo\/image\/\"}}]}<\/script>\n<!-- \/ Yoast SEO plugin. -->","yoast_head_json":{"title":"Licitaciones 2022 - CDHEH","robots":{"index":"index","follow":"follow","max-snippet":"max-snippet:-1","max-image-preview":"max-image-preview:large","max-video-preview":"max-video-preview:-1"},"canonical":"https:\/\/cdhhgo.org\/home\/licitaciones-2022\/","og_locale":"es_MX","og_type":"article","og_title":"Licitaciones 2022 - CDHEH","og_description":"BASES PARA LICITACI\u00d3N P\u00daBLICA NACIONAL LPN-CDHEH\/01-2022 (SEGUROS PARA PARQUE VEHICULAR) ACTA JUNTA DE ACLARACIONES LPN-CDHEH\/01-2022 ACTA DE PRESENTACI\u00d3N Y APERTURA DE PROPOSICIONES LPN-CDHEH\/01-2022 ACTA DE [...]","og_url":"https:\/\/cdhhgo.org\/home\/licitaciones-2022\/","og_site_name":"CDHEH","article_modified_time":"2022-12-19T18:30:18+00:00","twitter_card":"summary_large_image","twitter_misc":{"Tiempo de lectura":"1 minuto"},"schema":{"@context":"https:\/\/schema.org","@graph":[{"@type":"WebPage","@id":"https:\/\/cdhhgo.org\/home\/licitaciones-2022\/","url":"https:\/\/cdhhgo.org\/home\/licitaciones-2022\/","name":"Licitaciones 2022 - CDHEH","isPartOf":{"@id":"https:\/\/cdhhgo.org\/home\/#website"},"datePublished":"2022-05-03T16:24:38+00:00","dateModified":"2022-12-19T18:30:18+00:00","breadcrumb":{"@id":"https:\/\/cdhhgo.org\/home\/licitaciones-2022\/#breadcrumb"},"inLanguage":"es","potentialAction":[{"@type":"ReadAction","target":["https:\/\/cdhhgo.org\/home\/licitaciones-2022\/"]}]},{"@type":"BreadcrumbList","@id":"https:\/\/cdhhgo.org\/home\/licitaciones-2022\/#breadcrumb","itemListElement":[{"@type":"ListItem","position":1,"name":"Inicio","item":"https:\/\/cdhhgo.org\/home\/"},{"@type":"ListItem","position":2,"name":"Licitaciones 2022"}]},{"@type":"WebSite","@id":"https:\/\/cdhhgo.org\/home\/#website","url":"https:\/\/cdhhgo.org\/home\/","name":"Comisi\u00f3n de Derechos Humanos del Estado de Hidalgo","description":"comision de derechos humanos del estado de hidalgo","publisher":{"@id":"https:\/\/cdhhgo.org\/home\/#organization"},"potentialAction":[{"@type":"SearchAction","target":{"@type":"EntryPoint","urlTemplate":"https:\/\/cdhhgo.org\/home\/?s={search_term_string}"},"query-input":{"@type":"PropertyValueSpecification","valueRequired":true,"valueName":"search_term_string"}}],"inLanguage":"es"},{"@type":"Organization","@id":"https:\/\/cdhhgo.org\/home\/#organization","name":"Comisi\u00f3n de Derechos Humanos del Estado de Hidalgo","url":"https:\/\/cdhhgo.org\/home\/","logo":{"@type":"ImageObject","inLanguage":"es","@id":"https:\/\/cdhhgo.org\/home\/#\/schema\/logo\/image\/","url":"https:\/\/cdhhgo.org\/home\/wp-content\/uploads\/2019\/02\/logo.jpg","contentUrl":"https:\/\/cdhhgo.org\/home\/wp-content\/uploads\/2019\/02\/logo.jpg","width":3000,"height":2072,"caption":"Comisi\u00f3n de Derechos Humanos del Estado de Hidalgo"},"image":{"@id":"https:\/\/cdhhgo.org\/home\/#\/schema\/logo\/image\/"}}]}},"_links":{"self":[{"href":"https:\/\/cdhhgo.org\/home\/wp-json\/wp\/v2\/pages\/4860","targetHints":{"allow":["GET"]}}],"collection":[{"href":"https:\/\/cdhhgo.org\/home\/wp-json\/wp\/v2\/pages"}],"about":[{"href":"https:\/\/cdhhgo.org\/home\/wp-json\/wp\/v2\/types\/page"}],"author":[{"embeddable":true,"href":"https:\/\/cdhhgo.org\/home\/wp-json\/wp\/v2\/users\/2"}],"replies":[{"embeddable":true,"href":"https:\/\/cdhhgo.org\/home\/wp-json\/wp\/v2\/comments?post=4860"}],"version-history":[{"count":43,"href":"https:\/\/cdhhgo.org\/home\/wp-json\/wp\/v2\/pages\/4860\/revisions"}],"predecessor-version":[{"id":5876,"href":"https:\/\/cdhhgo.org\/home\/wp-json\/wp\/v2\/pages\/4860\/revisions\/5876"}],"wp:attachment":[{"href":"https:\/\/cdhhgo.org\/home\/wp-json\/wp\/v2\/media?parent=4860"}],"wp:term":[{"taxonomy":"wf_page_folders","embeddable":true,"href":"https:\/\/cdhhgo.org\/home\/wp-json\/wp\/v2\/wf_page_folders?post=4860"}],"curies":[{"name":"wp","href":"https:\/\/api.w.org\/{rel}","templated":true}]}}