{"id":405,"date":"2019-07-25T20:31:08","date_gmt":"2019-07-25T20:31:08","guid":{"rendered":"https:\/\/cdhhgo.org\/home\/?page_id=405"},"modified":"2025-04-03T21:41:11","modified_gmt":"2025-04-03T21:41:11","slug":"organo-interno-de-control","status":"publish","type":"page","link":"https:\/\/cdhhgo.org\/home\/organo-interno-de-control\/","title":{"rendered":"\u00d3RGANO INTERNO DE CONTROL"},"content":{"rendered":"\t\t<div data-elementor-type=\"wp-post\" data-elementor-id=\"405\" class=\"elementor elementor-405\">\n\t\t\t\t\t\t<section class=\"elementor-section elementor-top-section elementor-element elementor-element-3850ef0 elementor-section-boxed elementor-section-height-default elementor-section-height-default\" data-id=\"3850ef0\" data-element_type=\"section\" data-e-type=\"section\">\n\t\t\t\t\t\t<div class=\"elementor-container elementor-column-gap-default\">\n\t\t\t\t\t<div class=\"elementor-column elementor-col-100 elementor-top-column elementor-element elementor-element-dca14e7\" data-id=\"dca14e7\" data-element_type=\"column\" data-e-type=\"column\">\n\t\t\t<div class=\"elementor-widget-wrap elementor-element-populated\">\n\t\t\t\t\t\t<div class=\"elementor-element elementor-element-8e11849 elementor-widget elementor-widget-spacer\" data-id=\"8e11849\" data-element_type=\"widget\" data-e-type=\"widget\" data-widget_type=\"spacer.default\">\n\t\t\t\t<div class=\"elementor-widget-container\">\n\t\t\t\t\t\t\t<div class=\"elementor-spacer\">\n\t\t\t<div class=\"elementor-spacer-inner\"><\/div>\n\t\t<\/div>\n\t\t\t\t\t\t<\/div>\n\t\t\t\t<\/div>\n\t\t\t\t\t<\/div>\n\t\t<\/div>\n\t\t\t\t\t<\/div>\n\t\t<\/section>\n\t\t\t\t<section class=\"elementor-section elementor-top-section elementor-element elementor-element-9a39bb3 elementor-section-boxed elementor-section-height-default elementor-section-height-default\" data-id=\"9a39bb3\" data-element_type=\"section\" data-e-type=\"section\">\n\t\t\t\t\t\t<div class=\"elementor-container elementor-column-gap-default\">\n\t\t\t\t\t<div class=\"elementor-column elementor-col-100 elementor-top-column elementor-element elementor-element-3eba8a7\" data-id=\"3eba8a7\" data-element_type=\"column\" data-e-type=\"column\">\n\t\t\t<div class=\"elementor-widget-wrap elementor-element-populated\">\n\t\t\t\t\t\t<div class=\"elementor-element elementor-element-285616a elementor-widget elementor-widget-heading\" data-id=\"285616a\" data-element_type=\"widget\" data-e-type=\"widget\" data-widget_type=\"heading.default\">\n\t\t\t\t<div class=\"elementor-widget-container\">\n\t\t\t\t\t<h2 class=\"elementor-heading-title elementor-size-default\">Denuncias, quejas o comentarios de los servicios ofrecidos por la Comisi\u00f3n de Derechos Humanos del Estado de Hidalgo<br><\/h2>\t\t\t\t<\/div>\n\t\t\t\t<\/div>\n\t\t\t\t\t<\/div>\n\t\t<\/div>\n\t\t\t\t\t<\/div>\n\t\t<\/section>\n\t\t\t\t<section class=\"elementor-section elementor-top-section elementor-element elementor-element-e8a7cb8 elementor-section-boxed elementor-section-height-default elementor-section-height-default\" data-id=\"e8a7cb8\" data-element_type=\"section\" data-e-type=\"section\">\n\t\t\t\t\t\t<div class=\"elementor-container elementor-column-gap-default\">\n\t\t\t\t\t<div class=\"elementor-column elementor-col-100 elementor-top-column elementor-element elementor-element-c3b9c0e\" data-id=\"c3b9c0e\" data-element_type=\"column\" data-e-type=\"column\">\n\t\t\t<div class=\"elementor-widget-wrap elementor-element-populated\">\n\t\t\t\t\t\t<div class=\"elementor-element elementor-element-b6a9600 elementor-align-center elementor-widget elementor-widget-button\" data-id=\"b6a9600\" data-element_type=\"widget\" data-e-type=\"widget\" data-widget_type=\"button.default\">\n\t\t\t\t<div class=\"elementor-widget-container\">\n\t\t\t\t\t\t\t\t\t<div class=\"elementor-button-wrapper\">\n\t\t\t\t\t<a class=\"elementor-button elementor-button-link elementor-size-xl\" href=\"#popmake-557\">\n\t\t\t\t\t\t<span class=\"elementor-button-content-wrapper\">\n\t\t\t\t\t\t\t\t\t<span class=\"elementor-button-text\">Realiza tu denuncia en l\u00ednea aqu\u00ed.<\/span>\n\t\t\t\t\t<\/span>\n\t\t\t\t\t<\/a>\n\t\t\t\t<\/div>\n\t\t\t\t\t\t\t\t<\/div>\n\t\t\t\t<\/div>\n\t\t\t\t\t<\/div>\n\t\t<\/div>\n\t\t\t\t\t<\/div>\n\t\t<\/section>\n\t\t\t\t<section class=\"elementor-section elementor-top-section elementor-element elementor-element-ae6b7ec elementor-section-boxed elementor-section-height-default elementor-section-height-default\" data-id=\"ae6b7ec\" data-element_type=\"section\" data-e-type=\"section\">\n\t\t\t\t\t\t<div class=\"elementor-container elementor-column-gap-default\">\n\t\t\t\t\t<div class=\"elementor-column elementor-col-100 elementor-top-column elementor-element elementor-element-719e35f\" data-id=\"719e35f\" data-element_type=\"column\" data-e-type=\"column\">\n\t\t\t<div class=\"elementor-widget-wrap elementor-element-populated\">\n\t\t\t\t\t\t<div class=\"elementor-element elementor-element-3e5a98c elementor-widget elementor-widget-heading\" data-id=\"3e5a98c\" data-element_type=\"widget\" data-e-type=\"widget\" data-widget_type=\"heading.default\">\n\t\t\t\t<div class=\"elementor-widget-container\">\n\t\t\t\t\t<h2 class=\"elementor-heading-title elementor-size-default\"><br>V\u00eda correo electr\u00f3nico: oic@correo.cdhhgo.org<br><br><br>V\u00eda correspondencia y presencial:<br>env\u00eda o presenta tu denuncia en Vicente Segura No. 100, Colonia<br>Centro, C.P: 42000, Pachuca de Soto Hidalgo.<br><br>Tel\u00e9fono: (771) 107-31<i>-<\/i>72<\/h2>\t\t\t\t<\/div>\n\t\t\t\t<\/div>\n\t\t\t\t\t<\/div>\n\t\t<\/div>\n\t\t\t\t\t<\/div>\n\t\t<\/section>\n\t\t\t\t<section class=\"elementor-section elementor-top-section elementor-element elementor-element-753530b elementor-section-boxed elementor-section-height-default elementor-section-height-default\" data-id=\"753530b\" data-element_type=\"section\" data-e-type=\"section\">\n\t\t\t\t\t\t<div class=\"elementor-container elementor-column-gap-default\">\n\t\t\t\t\t<div class=\"elementor-column elementor-col-100 elementor-top-column elementor-element elementor-element-800cb7e\" data-id=\"800cb7e\" data-element_type=\"column\" data-e-type=\"column\">\n\t\t\t<div class=\"elementor-widget-wrap elementor-element-populated\">\n\t\t\t\t\t\t<div class=\"elementor-element elementor-element-177f89c elementor-button-info elementor-align-center elementor-widget elementor-widget-button\" data-id=\"177f89c\" data-element_type=\"widget\" data-e-type=\"widget\" data-widget_type=\"button.default\">\n\t\t\t\t<div class=\"elementor-widget-container\">\n\t\t\t\t\t\t\t\t\t<div class=\"elementor-button-wrapper\">\n\t\t\t\t\t<a class=\"elementor-button elementor-button-link elementor-size-lg\" href=\"https:\/\/cdhhgo.org\/home\/wp-content\/uploads\/2023\/02\/Formato_Queja_OIC_Feb_2023.pdf\" target=\"_blank\">\n\t\t\t\t\t\t<span class=\"elementor-button-content-wrapper\">\n\t\t\t\t\t\t\t\t\t<span class=\"elementor-button-text\">Da clic aqu\u00ed para descargar los formatos de denuncia.<\/span>\n\t\t\t\t\t<\/span>\n\t\t\t\t\t<\/a>\n\t\t\t\t<\/div>\n\t\t\t\t\t\t\t\t<\/div>\n\t\t\t\t<\/div>\n\t\t\t\t\t<\/div>\n\t\t<\/div>\n\t\t\t\t\t<\/div>\n\t\t<\/section>\n\t\t\t\t<section class=\"elementor-section elementor-top-section elementor-element elementor-element-e557b94 elementor-section-boxed elementor-section-height-default elementor-section-height-default\" data-id=\"e557b94\" data-element_type=\"section\" data-e-type=\"section\">\n\t\t\t\t\t\t<div class=\"elementor-container elementor-column-gap-default\">\n\t\t\t\t\t<div class=\"elementor-column elementor-col-50 elementor-top-column elementor-element elementor-element-41aa23e\" data-id=\"41aa23e\" data-element_type=\"column\" data-e-type=\"column\">\n\t\t\t<div class=\"elementor-widget-wrap elementor-element-populated\">\n\t\t\t\t\t\t<div class=\"elementor-element elementor-element-c469d7d elementor-widget elementor-widget-image\" data-id=\"c469d7d\" data-element_type=\"widget\" data-e-type=\"widget\" data-widget_type=\"image.default\">\n\t\t\t\t<div class=\"elementor-widget-container\">\n\t\t\t\t\t\t\t\t\t\t\t\t\t\t\t<img fetchpriority=\"high\" decoding=\"async\" width=\"678\" height=\"526\" src=\"https:\/\/www.cdhhgo.org\/home\/wp-content\/uploads\/2023\/02\/Fachada_OIC_-1024x795.jpeg\" class=\"attachment-large size-large wp-image-5993\" alt=\"\" srcset=\"https:\/\/www.cdhhgo.org\/home\/wp-content\/uploads\/2023\/02\/Fachada_OIC_-1024x795.jpeg 1024w, https:\/\/www.cdhhgo.org\/home\/wp-content\/uploads\/2023\/02\/Fachada_OIC_-300x233.jpeg 300w, https:\/\/www.cdhhgo.org\/home\/wp-content\/uploads\/2023\/02\/Fachada_OIC_-768x596.jpeg 768w, https:\/\/www.cdhhgo.org\/home\/wp-content\/uploads\/2023\/02\/Fachada_OIC_.jpeg 1199w\" sizes=\"(max-width: 678px) 100vw, 678px\" \/>\t\t\t\t\t\t\t\t\t\t\t\t\t\t\t<\/div>\n\t\t\t\t<\/div>\n\t\t\t\t\t<\/div>\n\t\t<\/div>\n\t\t\t\t<div class=\"elementor-column elementor-col-50 elementor-top-column elementor-element elementor-element-1f52e7f\" data-id=\"1f52e7f\" data-element_type=\"column\" data-e-type=\"column\">\n\t\t\t<div class=\"elementor-widget-wrap elementor-element-populated\">\n\t\t\t\t\t\t<div class=\"elementor-element elementor-element-e3d6e33 elementor-widget__width-inherit elementor-widget elementor-widget-image\" data-id=\"e3d6e33\" data-element_type=\"widget\" data-e-type=\"widget\" data-widget_type=\"image.default\">\n\t\t\t\t<div class=\"elementor-widget-container\">\n\t\t\t\t\t\t\t\t\t\t\t\t\t\t\t<img decoding=\"async\" width=\"678\" height=\"527\" src=\"https:\/\/www.cdhhgo.org\/home\/wp-content\/uploads\/2019\/08\/UBICACION-CDHEH-01-1024x796.jpg\" class=\"attachment-large size-large wp-image-550\" alt=\"\" srcset=\"https:\/\/www.cdhhgo.org\/home\/wp-content\/uploads\/2019\/08\/UBICACION-CDHEH-01-1024x796.jpg 1024w, https:\/\/www.cdhhgo.org\/home\/wp-content\/uploads\/2019\/08\/UBICACION-CDHEH-01-300x233.jpg 300w, https:\/\/www.cdhhgo.org\/home\/wp-content\/uploads\/2019\/08\/UBICACION-CDHEH-01-768x597.jpg 768w\" sizes=\"(max-width: 678px) 100vw, 678px\" \/>\t\t\t\t\t\t\t\t\t\t\t\t\t\t\t<\/div>\n\t\t\t\t<\/div>\n\t\t\t\t\t<\/div>\n\t\t<\/div>\n\t\t\t\t\t<\/div>\n\t\t<\/section>\n\t\t\t\t<\/div>\n\t\t","protected":false},"excerpt":{"rendered":"<div class=\"mh-excerpt\"><p>Denuncias, quejas o comentarios de los servicios ofrecidos por la Comisi\u00f3n de Derechos Humanos del Estado de Hidalgo Realiza tu denuncia en l\u00ednea aqu\u00ed. V\u00eda <a class=\"mh-excerpt-more\" href=\"https:\/\/cdhhgo.org\/home\/organo-interno-de-control\/\" title=\"\u00d3RGANO INTERNO DE CONTROL\">[&#8230;]<\/a><\/p>\n<\/div>","protected":false},"author":1,"featured_media":0,"parent":0,"menu_order":0,"comment_status":"closed","ping_status":"closed","template":"elementor_header_footer","meta":{"_monsterinsights_skip_tracking":false,"_monsterinsights_sitenote_active":false,"_monsterinsights_sitenote_note":"","_monsterinsights_sitenote_category":0,"footnotes":""},"wf_page_folders":[18],"class_list":["post-405","page","type-page","status-publish","hentry"],"aioseo_notices":[],"yoast_head":"<!-- This site is optimized with the Yoast SEO plugin v27.0 - https:\/\/yoast.com\/product\/yoast-seo-wordpress\/ -->\n<title>\u00d3RGANO INTERNO DE CONTROL - CDHEH<\/title>\n<meta name=\"robots\" content=\"index, follow, max-snippet:-1, max-image-preview:large, max-video-preview:-1\" \/>\n<link rel=\"canonical\" href=\"https:\/\/cdhhgo.org\/home\/organo-interno-de-control\/\" \/>\n<meta property=\"og:locale\" content=\"es_MX\" \/>\n<meta property=\"og:type\" content=\"article\" \/>\n<meta property=\"og:title\" content=\"\u00d3RGANO INTERNO DE CONTROL - CDHEH\" \/>\n<meta property=\"og:description\" content=\"Denuncias, quejas o comentarios de los servicios ofrecidos por la Comisi\u00f3n de Derechos Humanos del Estado de Hidalgo Realiza tu denuncia en l\u00ednea aqu\u00ed. V\u00eda [...]\" \/>\n<meta property=\"og:url\" content=\"https:\/\/cdhhgo.org\/home\/organo-interno-de-control\/\" \/>\n<meta property=\"og:site_name\" content=\"CDHEH\" \/>\n<meta property=\"article:modified_time\" content=\"2025-04-03T21:41:11+00:00\" \/>\n<meta property=\"og:image\" content=\"https:\/\/www.cdhhgo.org\/home\/wp-content\/uploads\/2023\/02\/Fachada_OIC_-1024x795.jpeg\" \/>\n<meta name=\"twitter:card\" content=\"summary_large_image\" \/>\n<meta name=\"twitter:label1\" content=\"Tiempo de lectura\" \/>\n\t<meta name=\"twitter:data1\" content=\"1 minuto\" \/>\n<script type=\"application\/ld+json\" class=\"yoast-schema-graph\">{\"@context\":\"https:\/\/schema.org\",\"@graph\":[{\"@type\":\"WebPage\",\"@id\":\"https:\/\/cdhhgo.org\/home\/organo-interno-de-control\/\",\"url\":\"https:\/\/cdhhgo.org\/home\/organo-interno-de-control\/\",\"name\":\"\u00d3RGANO INTERNO DE CONTROL - CDHEH\",\"isPartOf\":{\"@id\":\"https:\/\/cdhhgo.org\/home\/#website\"},\"primaryImageOfPage\":{\"@id\":\"https:\/\/cdhhgo.org\/home\/organo-interno-de-control\/#primaryimage\"},\"image\":{\"@id\":\"https:\/\/cdhhgo.org\/home\/organo-interno-de-control\/#primaryimage\"},\"thumbnailUrl\":\"https:\/\/www.cdhhgo.org\/home\/wp-content\/uploads\/2023\/02\/Fachada_OIC_-1024x795.jpeg\",\"datePublished\":\"2019-07-25T20:31:08+00:00\",\"dateModified\":\"2025-04-03T21:41:11+00:00\",\"breadcrumb\":{\"@id\":\"https:\/\/cdhhgo.org\/home\/organo-interno-de-control\/#breadcrumb\"},\"inLanguage\":\"es\",\"potentialAction\":[{\"@type\":\"ReadAction\",\"target\":[\"https:\/\/cdhhgo.org\/home\/organo-interno-de-control\/\"]}]},{\"@type\":\"ImageObject\",\"inLanguage\":\"es\",\"@id\":\"https:\/\/cdhhgo.org\/home\/organo-interno-de-control\/#primaryimage\",\"url\":\"https:\/\/www.cdhhgo.org\/home\/wp-content\/uploads\/2023\/02\/Fachada_OIC_-1024x795.jpeg\",\"contentUrl\":\"https:\/\/www.cdhhgo.org\/home\/wp-content\/uploads\/2023\/02\/Fachada_OIC_-1024x795.jpeg\"},{\"@type\":\"BreadcrumbList\",\"@id\":\"https:\/\/cdhhgo.org\/home\/organo-interno-de-control\/#breadcrumb\",\"itemListElement\":[{\"@type\":\"ListItem\",\"position\":1,\"name\":\"Inicio\",\"item\":\"https:\/\/cdhhgo.org\/home\/\"},{\"@type\":\"ListItem\",\"position\":2,\"name\":\"\u00d3RGANO INTERNO DE CONTROL\"}]},{\"@type\":\"WebSite\",\"@id\":\"https:\/\/cdhhgo.org\/home\/#website\",\"url\":\"https:\/\/cdhhgo.org\/home\/\",\"name\":\"Comisi\u00f3n de Derechos Humanos del Estado de Hidalgo\",\"description\":\"comision de derechos humanos del estado de hidalgo\",\"publisher\":{\"@id\":\"https:\/\/cdhhgo.org\/home\/#organization\"},\"potentialAction\":[{\"@type\":\"SearchAction\",\"target\":{\"@type\":\"EntryPoint\",\"urlTemplate\":\"https:\/\/cdhhgo.org\/home\/?s={search_term_string}\"},\"query-input\":{\"@type\":\"PropertyValueSpecification\",\"valueRequired\":true,\"valueName\":\"search_term_string\"}}],\"inLanguage\":\"es\"},{\"@type\":\"Organization\",\"@id\":\"https:\/\/cdhhgo.org\/home\/#organization\",\"name\":\"Comisi\u00f3n de Derechos Humanos del Estado de Hidalgo\",\"url\":\"https:\/\/cdhhgo.org\/home\/\",\"logo\":{\"@type\":\"ImageObject\",\"inLanguage\":\"es\",\"@id\":\"https:\/\/cdhhgo.org\/home\/#\/schema\/logo\/image\/\",\"url\":\"https:\/\/cdhhgo.org\/home\/wp-content\/uploads\/2019\/02\/logo.jpg\",\"contentUrl\":\"https:\/\/cdhhgo.org\/home\/wp-content\/uploads\/2019\/02\/logo.jpg\",\"width\":3000,\"height\":2072,\"caption\":\"Comisi\u00f3n de Derechos Humanos del Estado de Hidalgo\"},\"image\":{\"@id\":\"https:\/\/cdhhgo.org\/home\/#\/schema\/logo\/image\/\"}}]}<\/script>\n<!-- \/ Yoast SEO plugin. -->","yoast_head_json":{"title":"\u00d3RGANO INTERNO DE CONTROL - CDHEH","robots":{"index":"index","follow":"follow","max-snippet":"max-snippet:-1","max-image-preview":"max-image-preview:large","max-video-preview":"max-video-preview:-1"},"canonical":"https:\/\/cdhhgo.org\/home\/organo-interno-de-control\/","og_locale":"es_MX","og_type":"article","og_title":"\u00d3RGANO INTERNO DE CONTROL - CDHEH","og_description":"Denuncias, quejas o comentarios de los servicios ofrecidos por la Comisi\u00f3n de Derechos Humanos del Estado de Hidalgo Realiza tu denuncia en l\u00ednea aqu\u00ed. V\u00eda [...]","og_url":"https:\/\/cdhhgo.org\/home\/organo-interno-de-control\/","og_site_name":"CDHEH","article_modified_time":"2025-04-03T21:41:11+00:00","og_image":[{"url":"https:\/\/www.cdhhgo.org\/home\/wp-content\/uploads\/2023\/02\/Fachada_OIC_-1024x795.jpeg","type":"","width":"","height":""}],"twitter_card":"summary_large_image","twitter_misc":{"Tiempo de lectura":"1 minuto"},"schema":{"@context":"https:\/\/schema.org","@graph":[{"@type":"WebPage","@id":"https:\/\/cdhhgo.org\/home\/organo-interno-de-control\/","url":"https:\/\/cdhhgo.org\/home\/organo-interno-de-control\/","name":"\u00d3RGANO INTERNO DE CONTROL - CDHEH","isPartOf":{"@id":"https:\/\/cdhhgo.org\/home\/#website"},"primaryImageOfPage":{"@id":"https:\/\/cdhhgo.org\/home\/organo-interno-de-control\/#primaryimage"},"image":{"@id":"https:\/\/cdhhgo.org\/home\/organo-interno-de-control\/#primaryimage"},"thumbnailUrl":"https:\/\/www.cdhhgo.org\/home\/wp-content\/uploads\/2023\/02\/Fachada_OIC_-1024x795.jpeg","datePublished":"2019-07-25T20:31:08+00:00","dateModified":"2025-04-03T21:41:11+00:00","breadcrumb":{"@id":"https:\/\/cdhhgo.org\/home\/organo-interno-de-control\/#breadcrumb"},"inLanguage":"es","potentialAction":[{"@type":"ReadAction","target":["https:\/\/cdhhgo.org\/home\/organo-interno-de-control\/"]}]},{"@type":"ImageObject","inLanguage":"es","@id":"https:\/\/cdhhgo.org\/home\/organo-interno-de-control\/#primaryimage","url":"https:\/\/www.cdhhgo.org\/home\/wp-content\/uploads\/2023\/02\/Fachada_OIC_-1024x795.jpeg","contentUrl":"https:\/\/www.cdhhgo.org\/home\/wp-content\/uploads\/2023\/02\/Fachada_OIC_-1024x795.jpeg"},{"@type":"BreadcrumbList","@id":"https:\/\/cdhhgo.org\/home\/organo-interno-de-control\/#breadcrumb","itemListElement":[{"@type":"ListItem","position":1,"name":"Inicio","item":"https:\/\/cdhhgo.org\/home\/"},{"@type":"ListItem","position":2,"name":"\u00d3RGANO INTERNO DE CONTROL"}]},{"@type":"WebSite","@id":"https:\/\/cdhhgo.org\/home\/#website","url":"https:\/\/cdhhgo.org\/home\/","name":"Comisi\u00f3n de Derechos Humanos del Estado de Hidalgo","description":"comision de derechos humanos del estado de hidalgo","publisher":{"@id":"https:\/\/cdhhgo.org\/home\/#organization"},"potentialAction":[{"@type":"SearchAction","target":{"@type":"EntryPoint","urlTemplate":"https:\/\/cdhhgo.org\/home\/?s={search_term_string}"},"query-input":{"@type":"PropertyValueSpecification","valueRequired":true,"valueName":"search_term_string"}}],"inLanguage":"es"},{"@type":"Organization","@id":"https:\/\/cdhhgo.org\/home\/#organization","name":"Comisi\u00f3n de Derechos Humanos del Estado de Hidalgo","url":"https:\/\/cdhhgo.org\/home\/","logo":{"@type":"ImageObject","inLanguage":"es","@id":"https:\/\/cdhhgo.org\/home\/#\/schema\/logo\/image\/","url":"https:\/\/cdhhgo.org\/home\/wp-content\/uploads\/2019\/02\/logo.jpg","contentUrl":"https:\/\/cdhhgo.org\/home\/wp-content\/uploads\/2019\/02\/logo.jpg","width":3000,"height":2072,"caption":"Comisi\u00f3n de Derechos Humanos del Estado de Hidalgo"},"image":{"@id":"https:\/\/cdhhgo.org\/home\/#\/schema\/logo\/image\/"}}]}},"_links":{"self":[{"href":"https:\/\/cdhhgo.org\/home\/wp-json\/wp\/v2\/pages\/405","targetHints":{"allow":["GET"]}}],"collection":[{"href":"https:\/\/cdhhgo.org\/home\/wp-json\/wp\/v2\/pages"}],"about":[{"href":"https:\/\/cdhhgo.org\/home\/wp-json\/wp\/v2\/types\/page"}],"author":[{"embeddable":true,"href":"https:\/\/cdhhgo.org\/home\/wp-json\/wp\/v2\/users\/1"}],"replies":[{"embeddable":true,"href":"https:\/\/cdhhgo.org\/home\/wp-json\/wp\/v2\/comments?post=405"}],"version-history":[{"count":32,"href":"https:\/\/cdhhgo.org\/home\/wp-json\/wp\/v2\/pages\/405\/revisions"}],"predecessor-version":[{"id":8445,"href":"https:\/\/cdhhgo.org\/home\/wp-json\/wp\/v2\/pages\/405\/revisions\/8445"}],"wp:attachment":[{"href":"https:\/\/cdhhgo.org\/home\/wp-json\/wp\/v2\/media?parent=405"}],"wp:term":[{"taxonomy":"wf_page_folders","embeddable":true,"href":"https:\/\/cdhhgo.org\/home\/wp-json\/wp\/v2\/wf_page_folders?post=405"}],"curies":[{"name":"wp","href":"https:\/\/api.w.org\/{rel}","templated":true}]}}