{"id":383,"date":"2019-07-25T20:26:21","date_gmt":"2019-07-25T20:26:21","guid":{"rendered":"https:\/\/cdhhgo.org\/home\/?page_id=383"},"modified":"2020-08-18T18:39:42","modified_gmt":"2020-08-18T18:39:42","slug":"recomendaciones-2019","status":"publish","type":"page","link":"https:\/\/cdhhgo.org\/home\/recomendaciones-2019\/","title":{"rendered":"Recomendaciones 2019"},"content":{"rendered":"\t\t<div data-elementor-type=\"wp-post\" data-elementor-id=\"383\" class=\"elementor elementor-383 elementor-bc-flex-widget\">\n\t\t\t\t\t\t<section class=\"elementor-section elementor-top-section elementor-element elementor-element-6a04ece elementor-section-boxed elementor-section-height-default elementor-section-height-default\" data-id=\"6a04ece\" data-element_type=\"section\" data-e-type=\"section\">\n\t\t\t\t\t\t<div class=\"elementor-container elementor-column-gap-default\">\n\t\t\t\t\t<div class=\"elementor-column elementor-col-100 elementor-top-column elementor-element elementor-element-85c023e\" data-id=\"85c023e\" data-element_type=\"column\" data-e-type=\"column\">\n\t\t\t<div class=\"elementor-widget-wrap elementor-element-populated\">\n\t\t\t\t\t\t<div class=\"elementor-element elementor-element-8588bed elementor-widget elementor-widget-spacer\" data-id=\"8588bed\" data-element_type=\"widget\" data-e-type=\"widget\" data-widget_type=\"spacer.default\">\n\t\t\t\t<div class=\"elementor-widget-container\">\n\t\t\t\t\t\t\t<div class=\"elementor-spacer\">\n\t\t\t<div class=\"elementor-spacer-inner\"><\/div>\n\t\t<\/div>\n\t\t\t\t\t\t<\/div>\n\t\t\t\t<\/div>\n\t\t\t\t\t<\/div>\n\t\t<\/div>\n\t\t\t\t\t<\/div>\n\t\t<\/section>\n\t\t\t\t<section class=\"elementor-section elementor-top-section elementor-element elementor-element-e54637e elementor-section-boxed elementor-section-height-default elementor-section-height-default\" data-id=\"e54637e\" data-element_type=\"section\" data-e-type=\"section\">\n\t\t\t\t\t\t<div class=\"elementor-container elementor-column-gap-default\">\n\t\t\t\t\t<div class=\"elementor-column elementor-col-100 elementor-top-column elementor-element elementor-element-971580f\" data-id=\"971580f\" data-element_type=\"column\" data-e-type=\"column\">\n\t\t\t<div class=\"elementor-widget-wrap elementor-element-populated\">\n\t\t\t\t\t\t<div class=\"elementor-element elementor-element-0d026ef elementor-widget elementor-widget-heading\" data-id=\"0d026ef\" data-element_type=\"widget\" data-e-type=\"widget\" data-widget_type=\"heading.default\">\n\t\t\t\t<div class=\"elementor-widget-container\">\n\t\t\t\t\t<h2 class=\"elementor-heading-title elementor-size-default\">Recomendaciones 2019<\/h2>\t\t\t\t<\/div>\n\t\t\t\t<\/div>\n\t\t\t\t\t<\/div>\n\t\t<\/div>\n\t\t\t\t\t<\/div>\n\t\t<\/section>\n\t\t\t\t<section class=\"elementor-section elementor-top-section elementor-element elementor-element-4a17adf elementor-section-boxed elementor-section-height-default elementor-section-height-default\" data-id=\"4a17adf\" data-element_type=\"section\" data-e-type=\"section\">\n\t\t\t\t\t\t<div class=\"elementor-container elementor-column-gap-default\">\n\t\t\t\t\t<div class=\"elementor-column elementor-col-100 elementor-top-column elementor-element elementor-element-bf0e4ca\" data-id=\"bf0e4ca\" data-element_type=\"column\" data-e-type=\"column\">\n\t\t\t<div class=\"elementor-widget-wrap elementor-element-populated\">\n\t\t\t\t\t\t<div class=\"elementor-element elementor-element-5c97295 elementor-widget elementor-widget-accordion\" data-id=\"5c97295\" data-element_type=\"widget\" data-e-type=\"widget\" data-widget_type=\"accordion.default\">\n\t\t\t\t<div class=\"elementor-widget-container\">\n\t\t\t\t\t\t\t<div class=\"elementor-accordion\">\n\t\t\t\t\t\t\t<div class=\"elementor-accordion-item\">\n\t\t\t\t\t<div id=\"elementor-tab-title-9701\" class=\"elementor-tab-title\" data-tab=\"1\" role=\"button\" aria-controls=\"elementor-tab-content-9701\" aria-expanded=\"false\">\n\t\t\t\t\t\t\t\t\t\t\t\t\t<span class=\"elementor-accordion-icon elementor-accordion-icon-left\" aria-hidden=\"true\">\n\t\t\t\t\t\t\t\t\t\t\t\t\t\t\t<i class=\"elementor-accordion-icon-closed fa fa-book\"><\/i>\n\t\t\t\t\t\t\t\t<i class=\"elementor-accordion-icon-opened \"><\/i>\n\t\t\t\t\t\t\t\t\t\t\t\t\t\t<\/span>\n\t\t\t\t\t\t\t\t\t\t\t\t<a class=\"elementor-accordion-title\" tabindex=\"0\">R-TD-0007-19<\/a>\n\t\t\t\t\t<\/div>\n\t\t\t\t\t<div id=\"elementor-tab-content-9701\" class=\"elementor-tab-content elementor-clearfix\" data-tab=\"1\" role=\"region\" aria-labelledby=\"elementor-tab-title-9701\"><p><strong>Expediente:<\/strong>\u00a0<a href=\"http:\/\/www.cdhhgo.org\/home\/images\/pdf\/transparencia\/Recomendaciones\/2019\/R-TD-0007-19..pdf\" target=\"_blank\" rel=\"noopener\">CDHEH-TD-0083-19 <\/a><\/p><p><strong>Recomendada: <\/strong>Presidencia Municipal de Tenango de Doria<\/p><p><strong>Visitadur\u00eda: <\/strong>Visitadur\u00eda Regional de Tenango de Doria<\/p><p>\u00a0<\/p><\/div>\n\t\t\t\t<\/div>\n\t\t\t\t\t\t\t<div class=\"elementor-accordion-item\">\n\t\t\t\t\t<div id=\"elementor-tab-title-9702\" class=\"elementor-tab-title\" data-tab=\"2\" role=\"button\" aria-controls=\"elementor-tab-content-9702\" aria-expanded=\"false\">\n\t\t\t\t\t\t\t\t\t\t\t\t\t<span class=\"elementor-accordion-icon elementor-accordion-icon-left\" aria-hidden=\"true\">\n\t\t\t\t\t\t\t\t\t\t\t\t\t\t\t<i class=\"elementor-accordion-icon-closed fa fa-book\"><\/i>\n\t\t\t\t\t\t\t\t<i class=\"elementor-accordion-icon-opened \"><\/i>\n\t\t\t\t\t\t\t\t\t\t\t\t\t\t<\/span>\n\t\t\t\t\t\t\t\t\t\t\t\t<a class=\"elementor-accordion-title\" tabindex=\"0\">R-IXM-0006-19<\/a>\n\t\t\t\t\t<\/div>\n\t\t\t\t\t<div id=\"elementor-tab-content-9702\" class=\"elementor-tab-content elementor-clearfix\" data-tab=\"2\" role=\"region\" aria-labelledby=\"elementor-tab-title-9702\"><p><strong>Expediente:<\/strong>\u00a0<a href=\"http:\/\/www.cdhhgo.org\/home\/images\/pdf\/transparencia\/Recomendaciones\/2019\/R-IXM-0006-19..pdf\" target=\"_blank\" rel=\"noopener\">CDHEH-IXM-0295-17<\/a><\/p><p><strong>Recomendada: <\/strong>Presidencia Municipal de Zimap\u00e1n<\/p><p><strong>Visitadur\u00eda: <\/strong>Visitadur\u00eda Regional de Ixmiquilpan<\/p><p>\u00a0<\/p><\/div>\n\t\t\t\t<\/div>\n\t\t\t\t\t\t\t<div class=\"elementor-accordion-item\">\n\t\t\t\t\t<div id=\"elementor-tab-title-9703\" class=\"elementor-tab-title\" data-tab=\"3\" role=\"button\" aria-controls=\"elementor-tab-content-9703\" aria-expanded=\"false\">\n\t\t\t\t\t\t\t\t\t\t\t\t\t<span class=\"elementor-accordion-icon elementor-accordion-icon-left\" aria-hidden=\"true\">\n\t\t\t\t\t\t\t\t\t\t\t\t\t\t\t<i class=\"elementor-accordion-icon-closed fa fa-book\"><\/i>\n\t\t\t\t\t\t\t\t<i class=\"elementor-accordion-icon-opened \"><\/i>\n\t\t\t\t\t\t\t\t\t\t\t\t\t\t<\/span>\n\t\t\t\t\t\t\t\t\t\t\t\t<a class=\"elementor-accordion-title\" tabindex=\"0\">R-VG-0005-19<\/a>\n\t\t\t\t\t<\/div>\n\t\t\t\t\t<div id=\"elementor-tab-content-9703\" class=\"elementor-tab-content elementor-clearfix\" data-tab=\"3\" role=\"region\" aria-labelledby=\"elementor-tab-title-9703\"><p><strong>Expediente:<\/strong> <a href=\"http:\/\/www.cdhhgo.org\/home\/images\/pdf\/transparencia\/Recomendaciones\/2019\/R-VG-0005-19.pdf\" target=\"_blank\" rel=\"noopener\">CDHEH-VG-2484-18<\/a><\/p><p><strong>Recomendada: <\/strong>Procuradur\u00eda General de Justicia del Estado de Hidalgo.<\/p><p><strong>Visitadur\u00eda: <\/strong>Visitadur\u00eda Jur\u00eddica Metropolitana<\/p><p>\u00a0<\/p><\/div>\n\t\t\t\t<\/div>\n\t\t\t\t\t\t\t<div class=\"elementor-accordion-item\">\n\t\t\t\t\t<div id=\"elementor-tab-title-9704\" class=\"elementor-tab-title\" data-tab=\"4\" role=\"button\" aria-controls=\"elementor-tab-content-9704\" aria-expanded=\"false\">\n\t\t\t\t\t\t\t\t\t\t\t\t\t<span class=\"elementor-accordion-icon elementor-accordion-icon-left\" aria-hidden=\"true\">\n\t\t\t\t\t\t\t\t\t\t\t\t\t\t\t<i class=\"elementor-accordion-icon-closed fa fa-book\"><\/i>\n\t\t\t\t\t\t\t\t<i class=\"elementor-accordion-icon-opened \"><\/i>\n\t\t\t\t\t\t\t\t\t\t\t\t\t\t<\/span>\n\t\t\t\t\t\t\t\t\t\t\t\t<a class=\"elementor-accordion-title\" tabindex=\"0\">R-TA-0004-19<\/a>\n\t\t\t\t\t<\/div>\n\t\t\t\t\t<div id=\"elementor-tab-content-9704\" class=\"elementor-tab-content elementor-clearfix\" data-tab=\"4\" role=\"region\" aria-labelledby=\"elementor-tab-title-9704\"><ul><li class=\"even typeLink group1 aliasExpediente\"><span class=\"catItemExtraFieldsLabel\"><strong>Expediente:<\/strong>\u00a0<\/span><span class=\"catItemExtraFieldsValue\"><a href=\"http:\/\/www.cdhhgo.org\/home\/images\/pdf\/transparencia\/Recomendaciones\/2019\/R-TA-0004-19.pdf\" target=\"_blank\" rel=\"noopener\">CDHEH-VG-1025-18<\/a><\/span><p><strong>Recomendada: <\/strong>Secretar\u00eda de Salud y Direcci\u00f3n General de los Servicios de Salud de Hidalgo.<\/p><p><strong>Visitadur\u00eda: <\/strong>Visitadur\u00eda Regional de Tula de Allende.<\/p><\/li><\/ul><\/div>\n\t\t\t\t<\/div>\n\t\t\t\t\t\t\t<div class=\"elementor-accordion-item\">\n\t\t\t\t\t<div id=\"elementor-tab-title-9705\" class=\"elementor-tab-title\" data-tab=\"5\" role=\"button\" aria-controls=\"elementor-tab-content-9705\" aria-expanded=\"false\">\n\t\t\t\t\t\t\t\t\t\t\t\t\t<span class=\"elementor-accordion-icon elementor-accordion-icon-left\" aria-hidden=\"true\">\n\t\t\t\t\t\t\t\t\t\t\t\t\t\t\t<i class=\"elementor-accordion-icon-closed fa fa-book\"><\/i>\n\t\t\t\t\t\t\t\t<i class=\"elementor-accordion-icon-opened \"><\/i>\n\t\t\t\t\t\t\t\t\t\t\t\t\t\t<\/span>\n\t\t\t\t\t\t\t\t\t\t\t\t<a class=\"elementor-accordion-title\" tabindex=\"0\">R-VG-0003-19<\/a>\n\t\t\t\t\t<\/div>\n\t\t\t\t\t<div id=\"elementor-tab-content-9705\" class=\"elementor-tab-content elementor-clearfix\" data-tab=\"5\" role=\"region\" aria-labelledby=\"elementor-tab-title-9705\"><ul><li class=\"even typeLink group1 aliasExpediente\"><span class=\"catItemExtraFieldsLabel\"><strong>Expediente:<\/strong>\u00a0<\/span><span class=\"catItemExtraFieldsValue\"><a href=\"http:\/\/www.cdhhgo.org\/home\/images\/pdf\/transparencia\/Recomendaciones\/2019\/R-VG-0003-19.pdf\" target=\"_blank\" rel=\"noopener\">CDHEH-VG-3059-17<\/a><\/span><p><strong>Recomendada: <\/strong>Procuradur\u00eda General de Justicia del Estado y Coordinaci\u00f3n General del Centro de Justicia para Mujeres del Estado de Hidalgo.<\/p><p><strong>Visitadur\u00eda: <\/strong>Visitadur\u00eda Jur\u00eddica Metropolitana<\/p><\/li><\/ul><\/div>\n\t\t\t\t<\/div>\n\t\t\t\t\t\t\t<div class=\"elementor-accordion-item\">\n\t\t\t\t\t<div id=\"elementor-tab-title-9706\" class=\"elementor-tab-title\" data-tab=\"6\" role=\"button\" aria-controls=\"elementor-tab-content-9706\" aria-expanded=\"false\">\n\t\t\t\t\t\t\t\t\t\t\t\t\t<span class=\"elementor-accordion-icon elementor-accordion-icon-left\" aria-hidden=\"true\">\n\t\t\t\t\t\t\t\t\t\t\t\t\t\t\t<i class=\"elementor-accordion-icon-closed fa fa-book\"><\/i>\n\t\t\t\t\t\t\t\t<i class=\"elementor-accordion-icon-opened \"><\/i>\n\t\t\t\t\t\t\t\t\t\t\t\t\t\t<\/span>\n\t\t\t\t\t\t\t\t\t\t\t\t<a class=\"elementor-accordion-title\" tabindex=\"0\">R-VG-002-19<\/a>\n\t\t\t\t\t<\/div>\n\t\t\t\t\t<div id=\"elementor-tab-content-9706\" class=\"elementor-tab-content elementor-clearfix\" data-tab=\"6\" role=\"region\" aria-labelledby=\"elementor-tab-title-9706\"><ul><li class=\"even typeLink group1 aliasExpediente\"><span class=\"catItemExtraFieldsLabel\"><strong>Expediente:<\/strong>\u00a0<\/span><span class=\"catItemExtraFieldsValue\"><a href=\"http:\/\/www.cdhhgo.org\/home\/images\/pdf\/transparencia\/Recomendaciones\/2019\/R-VG-0002-19.pdf\" target=\"_blank\" rel=\"noopener\">CDHEH-VG-1463-18<\/a><\/span><p><strong>Recomendada: <\/strong>Secretar\u00eda de Educaci\u00f3n P\u00fablica en el estado de Hidalgo.<\/p><p><strong>Visitadur\u00eda: <\/strong>Visitadur\u00eda Jur\u00eddica Metropolitana<\/p><\/li><\/ul><\/div>\n\t\t\t\t<\/div>\n\t\t\t\t\t\t\t<div class=\"elementor-accordion-item\">\n\t\t\t\t\t<div id=\"elementor-tab-title-9707\" class=\"elementor-tab-title\" data-tab=\"7\" role=\"button\" aria-controls=\"elementor-tab-content-9707\" aria-expanded=\"false\">\n\t\t\t\t\t\t\t\t\t\t\t\t\t<span class=\"elementor-accordion-icon elementor-accordion-icon-left\" aria-hidden=\"true\">\n\t\t\t\t\t\t\t\t\t\t\t\t\t\t\t<i class=\"elementor-accordion-icon-closed fa fa-book\"><\/i>\n\t\t\t\t\t\t\t\t<i class=\"elementor-accordion-icon-opened \"><\/i>\n\t\t\t\t\t\t\t\t\t\t\t\t\t\t<\/span>\n\t\t\t\t\t\t\t\t\t\t\t\t<a class=\"elementor-accordion-title\" tabindex=\"0\">R-TB-0001-19<\/a>\n\t\t\t\t\t<\/div>\n\t\t\t\t\t<div id=\"elementor-tab-content-9707\" class=\"elementor-tab-content elementor-clearfix\" data-tab=\"7\" role=\"region\" aria-labelledby=\"elementor-tab-title-9707\"><ul><li class=\"even typeLink group1 aliasExpediente\"><span class=\"catItemExtraFieldsLabel\">Expediente:\u00a0<\/span><span class=\"catItemExtraFieldsValue\"><a href=\"http:\/\/www.cdhhgo.org\/home\/images\/pdf\/transparencia\/Recomendaciones\/2019\/R-TB-0001-19.pdf\" target=\"_blank\" rel=\"noopener\">CDHEH-TB-0236-18<\/a><\/span><p><strong>Recomendada: <\/strong>Direcci\u00f3n General del Colegio de Bachilleres del Estado de Hidalgo.<\/p><p><strong>Visitadur\u00eda: <\/strong>Visitadur\u00eda Regional de Tulancingo de Bravo, Hidalgo.<\/p><\/li><\/ul><\/div>\n\t\t\t\t<\/div>\n\t\t\t\t\t\t\t\t<\/div>\n\t\t\t\t\t\t<\/div>\n\t\t\t\t<\/div>\n\t\t\t\t\t<\/div>\n\t\t<\/div>\n\t\t\t\t\t<\/div>\n\t\t<\/section>\n\t\t\t\t<\/div>\n\t\t","protected":false},"excerpt":{"rendered":"<div class=\"mh-excerpt\"><p>Recomendaciones 2019 R-TD-0007-19 Expediente:\u00a0CDHEH-TD-0083-19 Recomendada: Presidencia Municipal de Tenango de Doria Visitadur\u00eda: Visitadur\u00eda Regional de Tenango de Doria \u00a0 R-IXM-0006-19 Expediente:\u00a0CDHEH-IXM-0295-17 Recomendada: Presidencia Municipal de <a class=\"mh-excerpt-more\" href=\"https:\/\/cdhhgo.org\/home\/recomendaciones-2019\/\" title=\"Recomendaciones 2019\">[&#8230;]<\/a><\/p>\n<\/div>","protected":false},"author":1,"featured_media":0,"parent":0,"menu_order":0,"comment_status":"closed","ping_status":"closed","template":"elementor_header_footer","meta":{"_monsterinsights_skip_tracking":false,"_monsterinsights_sitenote_active":false,"_monsterinsights_sitenote_note":"","_monsterinsights_sitenote_category":0,"footnotes":""},"wf_page_folders":[16],"class_list":["post-383","page","type-page","status-publish","hentry"],"aioseo_notices":[],"yoast_head":"<!-- This site is optimized with the Yoast SEO plugin v27.0 - https:\/\/yoast.com\/product\/yoast-seo-wordpress\/ -->\n<title>Recomendaciones 2019 - CDHEH<\/title>\n<meta name=\"robots\" content=\"index, follow, max-snippet:-1, max-image-preview:large, max-video-preview:-1\" \/>\n<link rel=\"canonical\" href=\"https:\/\/cdhhgo.org\/home\/recomendaciones-2019\/\" \/>\n<meta property=\"og:locale\" content=\"es_MX\" \/>\n<meta property=\"og:type\" content=\"article\" \/>\n<meta property=\"og:title\" content=\"Recomendaciones 2019 - CDHEH\" \/>\n<meta property=\"og:description\" content=\"Recomendaciones 2019 R-TD-0007-19 Expediente:\u00a0CDHEH-TD-0083-19 Recomendada: Presidencia Municipal de Tenango de Doria Visitadur\u00eda: Visitadur\u00eda Regional de Tenango de Doria \u00a0 R-IXM-0006-19 Expediente:\u00a0CDHEH-IXM-0295-17 Recomendada: Presidencia Municipal de [...]\" \/>\n<meta property=\"og:url\" content=\"https:\/\/cdhhgo.org\/home\/recomendaciones-2019\/\" \/>\n<meta property=\"og:site_name\" content=\"CDHEH\" \/>\n<meta property=\"article:modified_time\" content=\"2020-08-18T18:39:42+00:00\" \/>\n<meta name=\"twitter:card\" content=\"summary_large_image\" \/>\n<meta name=\"twitter:label1\" content=\"Tiempo de lectura\" \/>\n\t<meta name=\"twitter:data1\" content=\"1 minuto\" \/>\n<script type=\"application\/ld+json\" class=\"yoast-schema-graph\">{\"@context\":\"https:\/\/schema.org\",\"@graph\":[{\"@type\":\"WebPage\",\"@id\":\"https:\/\/cdhhgo.org\/home\/recomendaciones-2019\/\",\"url\":\"https:\/\/cdhhgo.org\/home\/recomendaciones-2019\/\",\"name\":\"Recomendaciones 2019 - CDHEH\",\"isPartOf\":{\"@id\":\"https:\/\/cdhhgo.org\/home\/#website\"},\"datePublished\":\"2019-07-25T20:26:21+00:00\",\"dateModified\":\"2020-08-18T18:39:42+00:00\",\"breadcrumb\":{\"@id\":\"https:\/\/cdhhgo.org\/home\/recomendaciones-2019\/#breadcrumb\"},\"inLanguage\":\"es\",\"potentialAction\":[{\"@type\":\"ReadAction\",\"target\":[\"https:\/\/cdhhgo.org\/home\/recomendaciones-2019\/\"]}]},{\"@type\":\"BreadcrumbList\",\"@id\":\"https:\/\/cdhhgo.org\/home\/recomendaciones-2019\/#breadcrumb\",\"itemListElement\":[{\"@type\":\"ListItem\",\"position\":1,\"name\":\"Inicio\",\"item\":\"https:\/\/cdhhgo.org\/home\/\"},{\"@type\":\"ListItem\",\"position\":2,\"name\":\"Recomendaciones 2019\"}]},{\"@type\":\"WebSite\",\"@id\":\"https:\/\/cdhhgo.org\/home\/#website\",\"url\":\"https:\/\/cdhhgo.org\/home\/\",\"name\":\"Comisi\u00f3n de Derechos Humanos del Estado de Hidalgo\",\"description\":\"comision de derechos humanos del estado de hidalgo\",\"publisher\":{\"@id\":\"https:\/\/cdhhgo.org\/home\/#organization\"},\"potentialAction\":[{\"@type\":\"SearchAction\",\"target\":{\"@type\":\"EntryPoint\",\"urlTemplate\":\"https:\/\/cdhhgo.org\/home\/?s={search_term_string}\"},\"query-input\":{\"@type\":\"PropertyValueSpecification\",\"valueRequired\":true,\"valueName\":\"search_term_string\"}}],\"inLanguage\":\"es\"},{\"@type\":\"Organization\",\"@id\":\"https:\/\/cdhhgo.org\/home\/#organization\",\"name\":\"Comisi\u00f3n de Derechos Humanos del Estado de Hidalgo\",\"url\":\"https:\/\/cdhhgo.org\/home\/\",\"logo\":{\"@type\":\"ImageObject\",\"inLanguage\":\"es\",\"@id\":\"https:\/\/cdhhgo.org\/home\/#\/schema\/logo\/image\/\",\"url\":\"https:\/\/cdhhgo.org\/home\/wp-content\/uploads\/2019\/02\/logo.jpg\",\"contentUrl\":\"https:\/\/cdhhgo.org\/home\/wp-content\/uploads\/2019\/02\/logo.jpg\",\"width\":3000,\"height\":2072,\"caption\":\"Comisi\u00f3n de Derechos Humanos del Estado de Hidalgo\"},\"image\":{\"@id\":\"https:\/\/cdhhgo.org\/home\/#\/schema\/logo\/image\/\"}}]}<\/script>\n<!-- \/ Yoast SEO plugin. -->","yoast_head_json":{"title":"Recomendaciones 2019 - CDHEH","robots":{"index":"index","follow":"follow","max-snippet":"max-snippet:-1","max-image-preview":"max-image-preview:large","max-video-preview":"max-video-preview:-1"},"canonical":"https:\/\/cdhhgo.org\/home\/recomendaciones-2019\/","og_locale":"es_MX","og_type":"article","og_title":"Recomendaciones 2019 - CDHEH","og_description":"Recomendaciones 2019 R-TD-0007-19 Expediente:\u00a0CDHEH-TD-0083-19 Recomendada: Presidencia Municipal de Tenango de Doria Visitadur\u00eda: Visitadur\u00eda Regional de Tenango de Doria \u00a0 R-IXM-0006-19 Expediente:\u00a0CDHEH-IXM-0295-17 Recomendada: Presidencia Municipal de [...]","og_url":"https:\/\/cdhhgo.org\/home\/recomendaciones-2019\/","og_site_name":"CDHEH","article_modified_time":"2020-08-18T18:39:42+00:00","twitter_card":"summary_large_image","twitter_misc":{"Tiempo de lectura":"1 minuto"},"schema":{"@context":"https:\/\/schema.org","@graph":[{"@type":"WebPage","@id":"https:\/\/cdhhgo.org\/home\/recomendaciones-2019\/","url":"https:\/\/cdhhgo.org\/home\/recomendaciones-2019\/","name":"Recomendaciones 2019 - CDHEH","isPartOf":{"@id":"https:\/\/cdhhgo.org\/home\/#website"},"datePublished":"2019-07-25T20:26:21+00:00","dateModified":"2020-08-18T18:39:42+00:00","breadcrumb":{"@id":"https:\/\/cdhhgo.org\/home\/recomendaciones-2019\/#breadcrumb"},"inLanguage":"es","potentialAction":[{"@type":"ReadAction","target":["https:\/\/cdhhgo.org\/home\/recomendaciones-2019\/"]}]},{"@type":"BreadcrumbList","@id":"https:\/\/cdhhgo.org\/home\/recomendaciones-2019\/#breadcrumb","itemListElement":[{"@type":"ListItem","position":1,"name":"Inicio","item":"https:\/\/cdhhgo.org\/home\/"},{"@type":"ListItem","position":2,"name":"Recomendaciones 2019"}]},{"@type":"WebSite","@id":"https:\/\/cdhhgo.org\/home\/#website","url":"https:\/\/cdhhgo.org\/home\/","name":"Comisi\u00f3n de Derechos Humanos del Estado de Hidalgo","description":"comision de derechos humanos del estado de hidalgo","publisher":{"@id":"https:\/\/cdhhgo.org\/home\/#organization"},"potentialAction":[{"@type":"SearchAction","target":{"@type":"EntryPoint","urlTemplate":"https:\/\/cdhhgo.org\/home\/?s={search_term_string}"},"query-input":{"@type":"PropertyValueSpecification","valueRequired":true,"valueName":"search_term_string"}}],"inLanguage":"es"},{"@type":"Organization","@id":"https:\/\/cdhhgo.org\/home\/#organization","name":"Comisi\u00f3n de Derechos Humanos del Estado de Hidalgo","url":"https:\/\/cdhhgo.org\/home\/","logo":{"@type":"ImageObject","inLanguage":"es","@id":"https:\/\/cdhhgo.org\/home\/#\/schema\/logo\/image\/","url":"https:\/\/cdhhgo.org\/home\/wp-content\/uploads\/2019\/02\/logo.jpg","contentUrl":"https:\/\/cdhhgo.org\/home\/wp-content\/uploads\/2019\/02\/logo.jpg","width":3000,"height":2072,"caption":"Comisi\u00f3n de Derechos Humanos del Estado de Hidalgo"},"image":{"@id":"https:\/\/cdhhgo.org\/home\/#\/schema\/logo\/image\/"}}]}},"_links":{"self":[{"href":"https:\/\/cdhhgo.org\/home\/wp-json\/wp\/v2\/pages\/383","targetHints":{"allow":["GET"]}}],"collection":[{"href":"https:\/\/cdhhgo.org\/home\/wp-json\/wp\/v2\/pages"}],"about":[{"href":"https:\/\/cdhhgo.org\/home\/wp-json\/wp\/v2\/types\/page"}],"author":[{"embeddable":true,"href":"https:\/\/cdhhgo.org\/home\/wp-json\/wp\/v2\/users\/1"}],"replies":[{"embeddable":true,"href":"https:\/\/cdhhgo.org\/home\/wp-json\/wp\/v2\/comments?post=383"}],"version-history":[{"count":16,"href":"https:\/\/cdhhgo.org\/home\/wp-json\/wp\/v2\/pages\/383\/revisions"}],"predecessor-version":[{"id":2560,"href":"https:\/\/cdhhgo.org\/home\/wp-json\/wp\/v2\/pages\/383\/revisions\/2560"}],"wp:attachment":[{"href":"https:\/\/cdhhgo.org\/home\/wp-json\/wp\/v2\/media?parent=383"}],"wp:term":[{"taxonomy":"wf_page_folders","embeddable":true,"href":"https:\/\/cdhhgo.org\/home\/wp-json\/wp\/v2\/wf_page_folders?post=383"}],"curies":[{"name":"wp","href":"https:\/\/api.w.org\/{rel}","templated":true}]}}