{"id":3678,"date":"2021-05-28T13:47:42","date_gmt":"2021-05-28T13:47:42","guid":{"rendered":"https:\/\/cdhhgo.org\/home\/?page_id=3678"},"modified":"2021-05-28T14:25:08","modified_gmt":"2021-05-28T14:25:08","slug":"ninas-ninos-y-adolescentes","status":"publish","type":"page","link":"https:\/\/cdhhgo.org\/home\/ninas-ninos-y-adolescentes\/","title":{"rendered":"Ni\u00f1as, Ni\u00f1os y Adolescentes"},"content":{"rendered":"\t\t<div data-elementor-type=\"wp-page\" data-elementor-id=\"3678\" class=\"elementor elementor-3678\">\n\t\t\t\t\t\t<section class=\"elementor-section elementor-top-section elementor-element elementor-element-f2d3eb2 elementor-section-boxed elementor-section-height-default elementor-section-height-default\" data-id=\"f2d3eb2\" data-element_type=\"section\" data-e-type=\"section\">\n\t\t\t\t\t\t<div class=\"elementor-container elementor-column-gap-default\">\n\t\t\t\t\t<div class=\"elementor-column elementor-col-100 elementor-top-column elementor-element elementor-element-ecc9ec3\" data-id=\"ecc9ec3\" data-element_type=\"column\" data-e-type=\"column\">\n\t\t\t<div class=\"elementor-widget-wrap elementor-element-populated\">\n\t\t\t\t\t\t<div class=\"elementor-element elementor-element-718e820 elementor-widget elementor-widget-heading\" data-id=\"718e820\" data-element_type=\"widget\" data-e-type=\"widget\" data-widget_type=\"heading.default\">\n\t\t\t\t<div class=\"elementor-widget-container\">\n\t\t\t\t\t<h2 class=\"elementor-heading-title elementor-size-default\">Ni\u00f1as, Ni\u00f1os y Adolescentes<\/h2>\t\t\t\t<\/div>\n\t\t\t\t<\/div>\n\t\t\t\t\t<\/div>\n\t\t<\/div>\n\t\t\t\t\t<\/div>\n\t\t<\/section>\n\t\t\t\t<section class=\"elementor-section elementor-top-section elementor-element elementor-element-499383a elementor-section-boxed elementor-section-height-default elementor-section-height-default\" data-id=\"499383a\" data-element_type=\"section\" data-e-type=\"section\">\n\t\t\t\t\t\t<div class=\"elementor-container elementor-column-gap-default\">\n\t\t\t\t\t<div class=\"elementor-column elementor-col-100 elementor-top-column elementor-element elementor-element-9991e48\" data-id=\"9991e48\" data-element_type=\"column\" data-e-type=\"column\">\n\t\t\t<div class=\"elementor-widget-wrap elementor-element-populated\">\n\t\t\t\t\t\t<div class=\"elementor-element elementor-element-686fa5d elementor-widget elementor-widget-spacer\" data-id=\"686fa5d\" data-element_type=\"widget\" data-e-type=\"widget\" data-widget_type=\"spacer.default\">\n\t\t\t\t<div class=\"elementor-widget-container\">\n\t\t\t\t\t\t\t<div class=\"elementor-spacer\">\n\t\t\t<div class=\"elementor-spacer-inner\"><\/div>\n\t\t<\/div>\n\t\t\t\t\t\t<\/div>\n\t\t\t\t<\/div>\n\t\t\t\t\t<\/div>\n\t\t<\/div>\n\t\t\t\t\t<\/div>\n\t\t<\/section>\n\t\t\t\t<section class=\"elementor-section elementor-top-section elementor-element elementor-element-95efcee elementor-section-boxed elementor-section-height-default elementor-section-height-default\" data-id=\"95efcee\" data-element_type=\"section\" data-e-type=\"section\">\n\t\t\t\t\t\t<div class=\"elementor-container elementor-column-gap-default\">\n\t\t\t\t\t<div class=\"elementor-column elementor-col-100 elementor-top-column elementor-element elementor-element-1e8e466\" data-id=\"1e8e466\" data-element_type=\"column\" data-e-type=\"column\">\n\t\t\t<div class=\"elementor-widget-wrap elementor-element-populated\">\n\t\t\t\t\t\t<div class=\"elementor-element elementor-element-ff979f5 elementor-position-left elementor-vertical-align-top elementor-widget elementor-widget-image-box\" data-id=\"ff979f5\" data-element_type=\"widget\" data-e-type=\"widget\" data-widget_type=\"image-box.default\">\n\t\t\t\t<div class=\"elementor-widget-container\">\n\t\t\t\t\t<div class=\"elementor-image-box-wrapper\"><figure class=\"elementor-image-box-img\"><a href=\"https:\/\/hidalgo.lasillarota.com\/estados\/en-publico-erick-marte-debera-disculparse-con-exregidora-cdheh\/486962\" tabindex=\"-1\"><img fetchpriority=\"high\" decoding=\"async\" width=\"983\" height=\"557\" src=\"https:\/\/www.cdhhgo.org\/home\/wp-content\/uploads\/2021\/02\/enpublicoerickmartedeberadisculparseexregidoracdheh-focus-0-0-983-557.jpg\" class=\"attachment-full size-full wp-image-3188\" alt=\"\" srcset=\"https:\/\/www.cdhhgo.org\/home\/wp-content\/uploads\/2021\/02\/enpublicoerickmartedeberadisculparseexregidoracdheh-focus-0-0-983-557.jpg 983w, https:\/\/www.cdhhgo.org\/home\/wp-content\/uploads\/2021\/02\/enpublicoerickmartedeberadisculparseexregidoracdheh-focus-0-0-983-557-300x170.jpg 300w, https:\/\/www.cdhhgo.org\/home\/wp-content\/uploads\/2021\/02\/enpublicoerickmartedeberadisculparseexregidoracdheh-focus-0-0-983-557-768x435.jpg 768w\" sizes=\"(max-width: 983px) 100vw, 983px\" \/><\/a><\/figure><div class=\"elementor-image-box-content\"><h3 class=\"elementor-image-box-title\"><a href=\"https:\/\/hidalgo.lasillarota.com\/estados\/en-publico-erick-marte-debera-disculparse-con-exregidora-cdheh\/486962\">En p\u00fablico, Erick Marte deber\u00e1 disculparse con exregidora: CDHEH<\/a><\/h3><p class=\"elementor-image-box-description\">Lorem ipsum dolor sit amet, consectetur adipiscing elit. Ut elit tellus, luctus nec ullamcorper mattis, pulvinar dapibus leo.\nLorem ipsum dolor sit amet, consectetur adipiscing elit. Ut elit tellus, luctus nec ullamcorper mattis, pulvinar dapibus leo.\nLorem ipsum dolor sit amet, consectetur adipiscing elit. Ut elit tellus, luctus nec ullamcorper mattis, pulvinar dapibus leo.\nLorem ipsum dolor sit amet, consectetur adipiscing elit. Ut elit tellus, luctus nec ullamcorper mattis, pulvinar dapibus leo.\nLorem ipsum dolor sit amet, consectetur adipiscing elit. Ut elit tellus, luctus nec ullamcorper mattis, pulvinar dapibus leo.\nLorem ipsum dolor sit amet, consectetur adipiscing elit. Ut elit tellus, luctus nec ullamcorper mattis, pulvinar dapibus leo.<\/p><\/div><\/div>\t\t\t\t<\/div>\n\t\t\t\t<\/div>\n\t\t\t\t<div class=\"elementor-element elementor-element-34bbc08 elementor-position-top elementor-widget elementor-widget-image-box\" data-id=\"34bbc08\" data-element_type=\"widget\" data-e-type=\"widget\" data-widget_type=\"image-box.default\">\n\t\t\t\t<div class=\"elementor-widget-container\">\n\t\t\t\t\t<div class=\"elementor-image-box-wrapper\"><figure class=\"elementor-image-box-img\"><img decoding=\"async\" width=\"1160\" height=\"700\" src=\"https:\/\/www.cdhhgo.org\/home\/wp-content\/uploads\/2021\/02\/mary-1160x700-1.jpg\" class=\"attachment-full size-full wp-image-3187\" alt=\"\" srcset=\"https:\/\/www.cdhhgo.org\/home\/wp-content\/uploads\/2021\/02\/mary-1160x700-1.jpg 1160w, https:\/\/www.cdhhgo.org\/home\/wp-content\/uploads\/2021\/02\/mary-1160x700-1-300x181.jpg 300w, https:\/\/www.cdhhgo.org\/home\/wp-content\/uploads\/2021\/02\/mary-1160x700-1-1024x618.jpg 1024w, https:\/\/www.cdhhgo.org\/home\/wp-content\/uploads\/2021\/02\/mary-1160x700-1-768x463.jpg 768w\" sizes=\"(max-width: 1160px) 100vw, 1160px\" \/><\/figure><div class=\"elementor-image-box-content\"><h3 class=\"elementor-image-box-title\">Urge ayuda de CNDH que evite muerte de periodistas<\/h3><p class=\"elementor-image-box-description\">Lorem ipsum dolor sit amet, consectetur adipiscing elit. Ut elit tellus, luctus nec ullamcorper mattis, pulvinar dapibus leo.\nLorem ipsum dolor sit amet, consectetur adipiscing elit. Ut elit tellus, luctus nec ullamcorper mattis, pulvinar dapibus leo.\nLorem ipsum dolor sit amet, consectetur adipiscing elit. Ut elit tellus, luctus nec ullamcorper mattis, pulvinar dapibus leo.\nLorem ipsum dolor sit amet, consectetur adipiscing elit. Ut elit tellus, luctus nec ullamcorper mattis, pulvinar dapibus leo.\nLorem ipsum dolor sit amet, consectetur adipiscing elit. Ut elit tellus, luctus nec ullamcorper mattis, pulvinar dapibus leo.\nLorem ipsum dolor sit amet, consectetur adipiscing elit. Ut elit tellus, luctus nec ullamcorper mattis, pulvinar dapibus leo.qqqqqqqqqqqqqqqqqqqqqqqqqqqqqqqqqqqqq<\/p><\/div><\/div>\t\t\t\t<\/div>\n\t\t\t\t<\/div>\n\t\t\t\t\t<\/div>\n\t\t<\/div>\n\t\t\t\t\t<\/div>\n\t\t<\/section>\n\t\t\t\t<\/div>\n\t\t","protected":false},"excerpt":{"rendered":"<div class=\"mh-excerpt\"><p>Ni\u00f1as, Ni\u00f1os y Adolescentes En p\u00fablico, Erick Marte deber\u00e1 disculparse con exregidora: CDHEH Lorem ipsum dolor sit amet, consectetur adipiscing elit. Ut elit tellus, luctus <a class=\"mh-excerpt-more\" href=\"https:\/\/cdhhgo.org\/home\/ninas-ninos-y-adolescentes\/\" title=\"Ni\u00f1as, Ni\u00f1os y Adolescentes\">[&#8230;]<\/a><\/p>\n<\/div>","protected":false},"author":2,"featured_media":0,"parent":0,"menu_order":0,"comment_status":"closed","ping_status":"closed","template":"elementor_header_footer","meta":{"_monsterinsights_skip_tracking":false,"_monsterinsights_sitenote_active":false,"_monsterinsights_sitenote_note":"","_monsterinsights_sitenote_category":0,"footnotes":""},"wf_page_folders":[],"class_list":["post-3678","page","type-page","status-publish","hentry"],"aioseo_notices":[],"yoast_head":"<!-- This site is optimized with the Yoast SEO plugin v27.0 - https:\/\/yoast.com\/product\/yoast-seo-wordpress\/ -->\n<title>Ni\u00f1as, Ni\u00f1os y Adolescentes - CDHEH<\/title>\n<meta name=\"robots\" content=\"index, follow, max-snippet:-1, max-image-preview:large, max-video-preview:-1\" \/>\n<link rel=\"canonical\" href=\"https:\/\/cdhhgo.org\/home\/ninas-ninos-y-adolescentes\/\" \/>\n<meta property=\"og:locale\" content=\"es_MX\" \/>\n<meta property=\"og:type\" content=\"article\" \/>\n<meta property=\"og:title\" content=\"Ni\u00f1as, Ni\u00f1os y Adolescentes - CDHEH\" \/>\n<meta property=\"og:description\" content=\"Ni\u00f1as, Ni\u00f1os y Adolescentes En p\u00fablico, Erick Marte deber\u00e1 disculparse con exregidora: CDHEH Lorem ipsum dolor sit amet, consectetur adipiscing elit. Ut elit tellus, luctus [...]\" \/>\n<meta property=\"og:url\" content=\"https:\/\/cdhhgo.org\/home\/ninas-ninos-y-adolescentes\/\" \/>\n<meta property=\"og:site_name\" content=\"CDHEH\" \/>\n<meta property=\"article:modified_time\" content=\"2021-05-28T14:25:08+00:00\" \/>\n<meta property=\"og:image\" content=\"https:\/\/cdhhgo.org\/home\/wp-content\/uploads\/2021\/02\/enpublicoerickmartedeberadisculparseexregidoracdheh-focus-0-0-983-557.jpg\" \/>\n<meta name=\"twitter:card\" content=\"summary_large_image\" \/>\n<meta name=\"twitter:label1\" content=\"Tiempo de lectura\" \/>\n\t<meta name=\"twitter:data1\" content=\"2 minutos\" \/>\n<script type=\"application\/ld+json\" class=\"yoast-schema-graph\">{\"@context\":\"https:\/\/schema.org\",\"@graph\":[{\"@type\":\"WebPage\",\"@id\":\"https:\/\/cdhhgo.org\/home\/ninas-ninos-y-adolescentes\/\",\"url\":\"https:\/\/cdhhgo.org\/home\/ninas-ninos-y-adolescentes\/\",\"name\":\"Ni\u00f1as, Ni\u00f1os y Adolescentes - CDHEH\",\"isPartOf\":{\"@id\":\"https:\/\/cdhhgo.org\/home\/#website\"},\"primaryImageOfPage\":{\"@id\":\"https:\/\/cdhhgo.org\/home\/ninas-ninos-y-adolescentes\/#primaryimage\"},\"image\":{\"@id\":\"https:\/\/cdhhgo.org\/home\/ninas-ninos-y-adolescentes\/#primaryimage\"},\"thumbnailUrl\":\"https:\/\/cdhhgo.org\/home\/wp-content\/uploads\/2021\/02\/enpublicoerickmartedeberadisculparseexregidoracdheh-focus-0-0-983-557.jpg\",\"datePublished\":\"2021-05-28T13:47:42+00:00\",\"dateModified\":\"2021-05-28T14:25:08+00:00\",\"breadcrumb\":{\"@id\":\"https:\/\/cdhhgo.org\/home\/ninas-ninos-y-adolescentes\/#breadcrumb\"},\"inLanguage\":\"es\",\"potentialAction\":[{\"@type\":\"ReadAction\",\"target\":[\"https:\/\/cdhhgo.org\/home\/ninas-ninos-y-adolescentes\/\"]}]},{\"@type\":\"ImageObject\",\"inLanguage\":\"es\",\"@id\":\"https:\/\/cdhhgo.org\/home\/ninas-ninos-y-adolescentes\/#primaryimage\",\"url\":\"https:\/\/www.cdhhgo.org\/home\/wp-content\/uploads\/2021\/02\/enpublicoerickmartedeberadisculparseexregidoracdheh-focus-0-0-983-557.jpg\",\"contentUrl\":\"https:\/\/www.cdhhgo.org\/home\/wp-content\/uploads\/2021\/02\/enpublicoerickmartedeberadisculparseexregidoracdheh-focus-0-0-983-557.jpg\",\"width\":983,\"height\":557},{\"@type\":\"BreadcrumbList\",\"@id\":\"https:\/\/cdhhgo.org\/home\/ninas-ninos-y-adolescentes\/#breadcrumb\",\"itemListElement\":[{\"@type\":\"ListItem\",\"position\":1,\"name\":\"Inicio\",\"item\":\"https:\/\/cdhhgo.org\/home\/\"},{\"@type\":\"ListItem\",\"position\":2,\"name\":\"Ni\u00f1as, Ni\u00f1os y Adolescentes\"}]},{\"@type\":\"WebSite\",\"@id\":\"https:\/\/cdhhgo.org\/home\/#website\",\"url\":\"https:\/\/cdhhgo.org\/home\/\",\"name\":\"Comisi\u00f3n de Derechos Humanos del Estado de Hidalgo\",\"description\":\"comision de derechos humanos del estado de hidalgo\",\"publisher\":{\"@id\":\"https:\/\/cdhhgo.org\/home\/#organization\"},\"potentialAction\":[{\"@type\":\"SearchAction\",\"target\":{\"@type\":\"EntryPoint\",\"urlTemplate\":\"https:\/\/cdhhgo.org\/home\/?s={search_term_string}\"},\"query-input\":{\"@type\":\"PropertyValueSpecification\",\"valueRequired\":true,\"valueName\":\"search_term_string\"}}],\"inLanguage\":\"es\"},{\"@type\":\"Organization\",\"@id\":\"https:\/\/cdhhgo.org\/home\/#organization\",\"name\":\"Comisi\u00f3n de Derechos Humanos del Estado de Hidalgo\",\"url\":\"https:\/\/cdhhgo.org\/home\/\",\"logo\":{\"@type\":\"ImageObject\",\"inLanguage\":\"es\",\"@id\":\"https:\/\/cdhhgo.org\/home\/#\/schema\/logo\/image\/\",\"url\":\"https:\/\/cdhhgo.org\/home\/wp-content\/uploads\/2019\/02\/logo.jpg\",\"contentUrl\":\"https:\/\/cdhhgo.org\/home\/wp-content\/uploads\/2019\/02\/logo.jpg\",\"width\":3000,\"height\":2072,\"caption\":\"Comisi\u00f3n de Derechos Humanos del Estado de Hidalgo\"},\"image\":{\"@id\":\"https:\/\/cdhhgo.org\/home\/#\/schema\/logo\/image\/\"}}]}<\/script>\n<!-- \/ Yoast SEO plugin. -->","yoast_head_json":{"title":"Ni\u00f1as, Ni\u00f1os y Adolescentes - CDHEH","robots":{"index":"index","follow":"follow","max-snippet":"max-snippet:-1","max-image-preview":"max-image-preview:large","max-video-preview":"max-video-preview:-1"},"canonical":"https:\/\/cdhhgo.org\/home\/ninas-ninos-y-adolescentes\/","og_locale":"es_MX","og_type":"article","og_title":"Ni\u00f1as, Ni\u00f1os y Adolescentes - CDHEH","og_description":"Ni\u00f1as, Ni\u00f1os y Adolescentes En p\u00fablico, Erick Marte deber\u00e1 disculparse con exregidora: CDHEH Lorem ipsum dolor sit amet, consectetur adipiscing elit. Ut elit tellus, luctus [...]","og_url":"https:\/\/cdhhgo.org\/home\/ninas-ninos-y-adolescentes\/","og_site_name":"CDHEH","article_modified_time":"2021-05-28T14:25:08+00:00","og_image":[{"url":"https:\/\/cdhhgo.org\/home\/wp-content\/uploads\/2021\/02\/enpublicoerickmartedeberadisculparseexregidoracdheh-focus-0-0-983-557.jpg","type":"","width":"","height":""}],"twitter_card":"summary_large_image","twitter_misc":{"Tiempo de lectura":"2 minutos"},"schema":{"@context":"https:\/\/schema.org","@graph":[{"@type":"WebPage","@id":"https:\/\/cdhhgo.org\/home\/ninas-ninos-y-adolescentes\/","url":"https:\/\/cdhhgo.org\/home\/ninas-ninos-y-adolescentes\/","name":"Ni\u00f1as, Ni\u00f1os y Adolescentes - CDHEH","isPartOf":{"@id":"https:\/\/cdhhgo.org\/home\/#website"},"primaryImageOfPage":{"@id":"https:\/\/cdhhgo.org\/home\/ninas-ninos-y-adolescentes\/#primaryimage"},"image":{"@id":"https:\/\/cdhhgo.org\/home\/ninas-ninos-y-adolescentes\/#primaryimage"},"thumbnailUrl":"https:\/\/cdhhgo.org\/home\/wp-content\/uploads\/2021\/02\/enpublicoerickmartedeberadisculparseexregidoracdheh-focus-0-0-983-557.jpg","datePublished":"2021-05-28T13:47:42+00:00","dateModified":"2021-05-28T14:25:08+00:00","breadcrumb":{"@id":"https:\/\/cdhhgo.org\/home\/ninas-ninos-y-adolescentes\/#breadcrumb"},"inLanguage":"es","potentialAction":[{"@type":"ReadAction","target":["https:\/\/cdhhgo.org\/home\/ninas-ninos-y-adolescentes\/"]}]},{"@type":"ImageObject","inLanguage":"es","@id":"https:\/\/cdhhgo.org\/home\/ninas-ninos-y-adolescentes\/#primaryimage","url":"https:\/\/www.cdhhgo.org\/home\/wp-content\/uploads\/2021\/02\/enpublicoerickmartedeberadisculparseexregidoracdheh-focus-0-0-983-557.jpg","contentUrl":"https:\/\/www.cdhhgo.org\/home\/wp-content\/uploads\/2021\/02\/enpublicoerickmartedeberadisculparseexregidoracdheh-focus-0-0-983-557.jpg","width":983,"height":557},{"@type":"BreadcrumbList","@id":"https:\/\/cdhhgo.org\/home\/ninas-ninos-y-adolescentes\/#breadcrumb","itemListElement":[{"@type":"ListItem","position":1,"name":"Inicio","item":"https:\/\/cdhhgo.org\/home\/"},{"@type":"ListItem","position":2,"name":"Ni\u00f1as, Ni\u00f1os y Adolescentes"}]},{"@type":"WebSite","@id":"https:\/\/cdhhgo.org\/home\/#website","url":"https:\/\/cdhhgo.org\/home\/","name":"Comisi\u00f3n de Derechos Humanos del Estado de Hidalgo","description":"comision de derechos humanos del estado de hidalgo","publisher":{"@id":"https:\/\/cdhhgo.org\/home\/#organization"},"potentialAction":[{"@type":"SearchAction","target":{"@type":"EntryPoint","urlTemplate":"https:\/\/cdhhgo.org\/home\/?s={search_term_string}"},"query-input":{"@type":"PropertyValueSpecification","valueRequired":true,"valueName":"search_term_string"}}],"inLanguage":"es"},{"@type":"Organization","@id":"https:\/\/cdhhgo.org\/home\/#organization","name":"Comisi\u00f3n de Derechos Humanos del Estado de Hidalgo","url":"https:\/\/cdhhgo.org\/home\/","logo":{"@type":"ImageObject","inLanguage":"es","@id":"https:\/\/cdhhgo.org\/home\/#\/schema\/logo\/image\/","url":"https:\/\/cdhhgo.org\/home\/wp-content\/uploads\/2019\/02\/logo.jpg","contentUrl":"https:\/\/cdhhgo.org\/home\/wp-content\/uploads\/2019\/02\/logo.jpg","width":3000,"height":2072,"caption":"Comisi\u00f3n de Derechos Humanos del Estado de Hidalgo"},"image":{"@id":"https:\/\/cdhhgo.org\/home\/#\/schema\/logo\/image\/"}}]}},"_links":{"self":[{"href":"https:\/\/cdhhgo.org\/home\/wp-json\/wp\/v2\/pages\/3678","targetHints":{"allow":["GET"]}}],"collection":[{"href":"https:\/\/cdhhgo.org\/home\/wp-json\/wp\/v2\/pages"}],"about":[{"href":"https:\/\/cdhhgo.org\/home\/wp-json\/wp\/v2\/types\/page"}],"author":[{"embeddable":true,"href":"https:\/\/cdhhgo.org\/home\/wp-json\/wp\/v2\/users\/2"}],"replies":[{"embeddable":true,"href":"https:\/\/cdhhgo.org\/home\/wp-json\/wp\/v2\/comments?post=3678"}],"version-history":[{"count":15,"href":"https:\/\/cdhhgo.org\/home\/wp-json\/wp\/v2\/pages\/3678\/revisions"}],"predecessor-version":[{"id":3694,"href":"https:\/\/cdhhgo.org\/home\/wp-json\/wp\/v2\/pages\/3678\/revisions\/3694"}],"wp:attachment":[{"href":"https:\/\/cdhhgo.org\/home\/wp-json\/wp\/v2\/media?parent=3678"}],"wp:term":[{"taxonomy":"wf_page_folders","embeddable":true,"href":"https:\/\/cdhhgo.org\/home\/wp-json\/wp\/v2\/wf_page_folders?post=3678"}],"curies":[{"name":"wp","href":"https:\/\/api.w.org\/{rel}","templated":true}]}}