{"id":367,"date":"2019-07-25T20:25:05","date_gmt":"2019-07-25T20:25:05","guid":{"rendered":"https:\/\/cdhhgo.org\/home\/?page_id=367"},"modified":"2020-09-28T20:35:36","modified_gmt":"2020-09-28T20:35:36","slug":"recomendaciones-2011","status":"publish","type":"page","link":"https:\/\/cdhhgo.org\/home\/recomendaciones-2011\/","title":{"rendered":"Recomendaciones 2011"},"content":{"rendered":"\t\t<div data-elementor-type=\"wp-post\" data-elementor-id=\"367\" class=\"elementor elementor-367 elementor-bc-flex-widget\">\n\t\t\t\t\t\t<section class=\"elementor-section elementor-top-section elementor-element elementor-element-b755384 elementor-section-boxed elementor-section-height-default elementor-section-height-default\" data-id=\"b755384\" data-element_type=\"section\" data-e-type=\"section\">\n\t\t\t\t\t\t<div class=\"elementor-container elementor-column-gap-default\">\n\t\t\t\t\t<div class=\"elementor-column elementor-col-100 elementor-top-column elementor-element elementor-element-657f7c6\" data-id=\"657f7c6\" data-element_type=\"column\" data-e-type=\"column\">\n\t\t\t<div class=\"elementor-widget-wrap elementor-element-populated\">\n\t\t\t\t\t\t<div class=\"elementor-element elementor-element-4dc90f7 elementor-widget elementor-widget-spacer\" data-id=\"4dc90f7\" data-element_type=\"widget\" data-e-type=\"widget\" data-widget_type=\"spacer.default\">\n\t\t\t\t<div class=\"elementor-widget-container\">\n\t\t\t\t\t\t\t<div class=\"elementor-spacer\">\n\t\t\t<div class=\"elementor-spacer-inner\"><\/div>\n\t\t<\/div>\n\t\t\t\t\t\t<\/div>\n\t\t\t\t<\/div>\n\t\t\t\t\t<\/div>\n\t\t<\/div>\n\t\t\t\t\t<\/div>\n\t\t<\/section>\n\t\t\t\t<section class=\"elementor-section elementor-top-section elementor-element elementor-element-c37f0dc elementor-section-boxed elementor-section-height-default elementor-section-height-default\" data-id=\"c37f0dc\" data-element_type=\"section\" data-e-type=\"section\">\n\t\t\t\t\t\t<div class=\"elementor-container elementor-column-gap-default\">\n\t\t\t\t\t<div class=\"elementor-column elementor-col-100 elementor-top-column elementor-element elementor-element-760415f\" data-id=\"760415f\" data-element_type=\"column\" data-e-type=\"column\">\n\t\t\t<div class=\"elementor-widget-wrap elementor-element-populated\">\n\t\t\t\t\t\t<div class=\"elementor-element elementor-element-51c9c5e elementor-widget elementor-widget-heading\" data-id=\"51c9c5e\" data-element_type=\"widget\" data-e-type=\"widget\" data-widget_type=\"heading.default\">\n\t\t\t\t<div class=\"elementor-widget-container\">\n\t\t\t\t\t<h2 class=\"elementor-heading-title elementor-size-default\">Recomendaciones 2011<\/h2>\t\t\t\t<\/div>\n\t\t\t\t<\/div>\n\t\t\t\t\t<\/div>\n\t\t<\/div>\n\t\t\t\t\t<\/div>\n\t\t<\/section>\n\t\t\t\t<section class=\"elementor-section elementor-top-section elementor-element elementor-element-e8edd6e elementor-section-boxed elementor-section-height-default elementor-section-height-default\" data-id=\"e8edd6e\" data-element_type=\"section\" data-e-type=\"section\">\n\t\t\t\t\t\t<div class=\"elementor-container elementor-column-gap-default\">\n\t\t\t\t\t<div class=\"elementor-column elementor-col-100 elementor-top-column elementor-element elementor-element-942b917\" data-id=\"942b917\" data-element_type=\"column\" data-e-type=\"column\">\n\t\t\t<div class=\"elementor-widget-wrap elementor-element-populated\">\n\t\t\t\t\t\t<div class=\"elementor-element elementor-element-416bb48 elementor-widget elementor-widget-accordion\" data-id=\"416bb48\" data-element_type=\"widget\" data-e-type=\"widget\" data-widget_type=\"accordion.default\">\n\t\t\t\t<div class=\"elementor-widget-container\">\n\t\t\t\t\t\t\t<div class=\"elementor-accordion\">\n\t\t\t\t\t\t\t<div class=\"elementor-accordion-item\">\n\t\t\t\t\t<h5 id=\"elementor-tab-title-6851\" class=\"elementor-tab-title\" data-tab=\"1\" role=\"button\" aria-controls=\"elementor-tab-content-6851\" aria-expanded=\"false\">\n\t\t\t\t\t\t\t\t\t\t\t\t\t<span class=\"elementor-accordion-icon elementor-accordion-icon-left\" aria-hidden=\"true\">\n\t\t\t\t\t\t\t\t\t\t\t\t\t\t\t<i class=\"elementor-accordion-icon-closed fa fa-book\"><\/i>\n\t\t\t\t\t\t\t\t<i class=\"elementor-accordion-icon-opened \"><\/i>\n\t\t\t\t\t\t\t\t\t\t\t\t\t\t<\/span>\n\t\t\t\t\t\t\t\t\t\t\t\t<a class=\"elementor-accordion-title\" tabindex=\"0\"> R-DGJ-0011-11<\/a>\n\t\t\t\t\t<\/h5>\n\t\t\t\t\t<div id=\"elementor-tab-content-6851\" class=\"elementor-tab-content elementor-clearfix\" data-tab=\"1\" role=\"region\" aria-labelledby=\"elementor-tab-title-6851\"><p>Expediente:\u00a0<span class=\"catItemExtraFieldsValue\"><a href=\"http:\/\/cdhhgo.org\/home\/images\/pdf\/transparencia\/Recomendaciones\/2011\/R-DGJ-0011-11.pdf\" target=\"_blank\" rel=\"noopener\">CDHEH-DGJ-2174-11<\/a><\/span><\/p><p><strong>Recomendada:<\/strong> Procuradur\u00eda General de Justicia del Estado de Hidalgo y Secretar\u00eda de Seguridad P\u00fablica del Estado de Hidalgo<\/p><p><strong>Visitadur\u00eda:<\/strong> Visitadur\u00eda Metropolitana<\/p><p>\u00a0<\/p><\/div>\n\t\t\t\t<\/div>\n\t\t\t\t\t\t\t<div class=\"elementor-accordion-item\">\n\t\t\t\t\t<h5 id=\"elementor-tab-title-6852\" class=\"elementor-tab-title\" data-tab=\"2\" role=\"button\" aria-controls=\"elementor-tab-content-6852\" aria-expanded=\"false\">\n\t\t\t\t\t\t\t\t\t\t\t\t\t<span class=\"elementor-accordion-icon elementor-accordion-icon-left\" aria-hidden=\"true\">\n\t\t\t\t\t\t\t\t\t\t\t\t\t\t\t<i class=\"elementor-accordion-icon-closed fa fa-book\"><\/i>\n\t\t\t\t\t\t\t\t<i class=\"elementor-accordion-icon-opened \"><\/i>\n\t\t\t\t\t\t\t\t\t\t\t\t\t\t<\/span>\n\t\t\t\t\t\t\t\t\t\t\t\t<a class=\"elementor-accordion-title\" tabindex=\"0\">R-TA-0010-11 <\/a>\n\t\t\t\t\t<\/h5>\n\t\t\t\t\t<div id=\"elementor-tab-content-6852\" class=\"elementor-tab-content elementor-clearfix\" data-tab=\"2\" role=\"region\" aria-labelledby=\"elementor-tab-title-6852\"><p><span class=\"catItemExtraFieldsLabel\">Expediente:\u00a0<\/span>\u00a0<span class=\"catItemExtraFieldsValue\"><a href=\"http:\/\/cdhhgo.org\/home\/images\/pdf\/transparencia\/Recomendaciones\/2011\/R-TA-0010-11.pdf\" target=\"_blank\" rel=\"noopener\">CDHEH-TA-0379-11<\/a><\/span><\/p><p><strong>Recomendada:<\/strong> Secretar\u00eda de Salud P\u00fablica del Estado de Hidalgo<\/p><p><strong>Visitadur\u00eda: <\/strong>Visitadur\u00eda Regional de Tula de Allende<\/p><p>\u00a0<\/p><\/div>\n\t\t\t\t<\/div>\n\t\t\t\t\t\t\t<div class=\"elementor-accordion-item\">\n\t\t\t\t\t<h5 id=\"elementor-tab-title-6853\" class=\"elementor-tab-title\" data-tab=\"3\" role=\"button\" aria-controls=\"elementor-tab-content-6853\" aria-expanded=\"false\">\n\t\t\t\t\t\t\t\t\t\t\t\t\t<span class=\"elementor-accordion-icon elementor-accordion-icon-left\" aria-hidden=\"true\">\n\t\t\t\t\t\t\t\t\t\t\t\t\t\t\t<i class=\"elementor-accordion-icon-closed fa fa-book\"><\/i>\n\t\t\t\t\t\t\t\t<i class=\"elementor-accordion-icon-opened \"><\/i>\n\t\t\t\t\t\t\t\t\t\t\t\t\t\t<\/span>\n\t\t\t\t\t\t\t\t\t\t\t\t<a class=\"elementor-accordion-title\" tabindex=\"0\">R-TA-0009-11 <\/a>\n\t\t\t\t\t<\/h5>\n\t\t\t\t\t<div id=\"elementor-tab-content-6853\" class=\"elementor-tab-content elementor-clearfix\" data-tab=\"3\" role=\"region\" aria-labelledby=\"elementor-tab-title-6853\"><p><span class=\"catItemExtraFieldsLabel\">Expediente:\u00a0<\/span> <span class=\"catItemExtraFieldsValue\"><a href=\"http:\/\/cdhhgo.org\/home\/images\/pdf\/transparencia\/Recomendaciones\/2011\/R-TA-0009-11.pdf\" target=\"_blank\" rel=\"noopener\">CDHEH-TA-0344-11<\/a><\/span><\/p><p><strong>Recomendada:<\/strong> Secretario de Educaci\u00f3n P\u00fablica del Estado de Hidalgo<\/p><p><strong>Visitadur\u00eda:<\/strong>\u00a0 Visitadur\u00eda Regional de Tula de Allende<\/p><p>\u00a0<\/p><\/div>\n\t\t\t\t<\/div>\n\t\t\t\t\t\t\t<div class=\"elementor-accordion-item\">\n\t\t\t\t\t<h5 id=\"elementor-tab-title-6854\" class=\"elementor-tab-title\" data-tab=\"4\" role=\"button\" aria-controls=\"elementor-tab-content-6854\" aria-expanded=\"false\">\n\t\t\t\t\t\t\t\t\t\t\t\t\t<span class=\"elementor-accordion-icon elementor-accordion-icon-left\" aria-hidden=\"true\">\n\t\t\t\t\t\t\t\t\t\t\t\t\t\t\t<i class=\"elementor-accordion-icon-closed fa fa-book\"><\/i>\n\t\t\t\t\t\t\t\t<i class=\"elementor-accordion-icon-opened \"><\/i>\n\t\t\t\t\t\t\t\t\t\t\t\t\t\t<\/span>\n\t\t\t\t\t\t\t\t\t\t\t\t<a class=\"elementor-accordion-title\" tabindex=\"0\">R-I-0008-11 <\/a>\n\t\t\t\t\t<\/h5>\n\t\t\t\t\t<div id=\"elementor-tab-content-6854\" class=\"elementor-tab-content elementor-clearfix\" data-tab=\"4\" role=\"region\" aria-labelledby=\"elementor-tab-title-6854\"><ul><li class=\"even typeLink group1 aliasExpediente\"><span class=\"catItemExtraFieldsLabel\">Expediente:<\/span> <span class=\"catItemExtraFieldsValue\"><a href=\"http:\/\/cdhhgo.org\/home\/images\/pdf\/transparencia\/Recomendaciones\/2011\/R-I-0008-11.pdf\" target=\"_blank\" rel=\"noopener\">CDHEH-I-1-2409-10<\/a><\/span><p><strong>Recomendada:<\/strong> Presidencia Municipal de Tlaxcoapan<\/p><p><strong>Visitadur\u00eda:<\/strong> Visitadur\u00eda Metropolitana<\/p><\/li><\/ul><\/div>\n\t\t\t\t<\/div>\n\t\t\t\t\t\t\t<div class=\"elementor-accordion-item\">\n\t\t\t\t\t<h5 id=\"elementor-tab-title-6855\" class=\"elementor-tab-title\" data-tab=\"5\" role=\"button\" aria-controls=\"elementor-tab-content-6855\" aria-expanded=\"false\">\n\t\t\t\t\t\t\t\t\t\t\t\t\t<span class=\"elementor-accordion-icon elementor-accordion-icon-left\" aria-hidden=\"true\">\n\t\t\t\t\t\t\t\t\t\t\t\t\t\t\t<i class=\"elementor-accordion-icon-closed fa fa-book\"><\/i>\n\t\t\t\t\t\t\t\t<i class=\"elementor-accordion-icon-opened \"><\/i>\n\t\t\t\t\t\t\t\t\t\t\t\t\t\t<\/span>\n\t\t\t\t\t\t\t\t\t\t\t\t<a class=\"elementor-accordion-title\" tabindex=\"0\">R-GJ-0007-11 <\/a>\n\t\t\t\t\t<\/h5>\n\t\t\t\t\t<div id=\"elementor-tab-content-6855\" class=\"elementor-tab-content elementor-clearfix\" data-tab=\"5\" role=\"region\" aria-labelledby=\"elementor-tab-title-6855\"><ul><li class=\"even typeLink group1 aliasExpediente\"><span class=\"catItemExtraFieldsLabel\">Expediente<\/span>: <span class=\"catItemExtraFieldsValue\"><a href=\"http:\/\/cdhhgo.org\/home\/images\/pdf\/transparencia\/Recomendaciones\/2011\/R-GJ-0007-11.pdf\" target=\"_blank\" rel=\"noopener\">CDHEH-GJ-0754-11<\/a><\/span><p><strong>Recomendada:<\/strong> Secretario de Seguridad P\u00fablica del Estado de Hidalgo<\/p><p><strong>Visitadur\u00eda:<\/strong> Visitadur\u00eda Metropolitana<\/p><\/li><\/ul><\/div>\n\t\t\t\t<\/div>\n\t\t\t\t\t\t\t<div class=\"elementor-accordion-item\">\n\t\t\t\t\t<h5 id=\"elementor-tab-title-6856\" class=\"elementor-tab-title\" data-tab=\"6\" role=\"button\" aria-controls=\"elementor-tab-content-6856\" aria-expanded=\"false\">\n\t\t\t\t\t\t\t\t\t\t\t\t\t<span class=\"elementor-accordion-icon elementor-accordion-icon-left\" aria-hidden=\"true\">\n\t\t\t\t\t\t\t\t\t\t\t\t\t\t\t<i class=\"elementor-accordion-icon-closed fa fa-book\"><\/i>\n\t\t\t\t\t\t\t\t<i class=\"elementor-accordion-icon-opened \"><\/i>\n\t\t\t\t\t\t\t\t\t\t\t\t\t\t<\/span>\n\t\t\t\t\t\t\t\t\t\t\t\t<a class=\"elementor-accordion-title\" tabindex=\"0\">R-GJ-0006-11 <\/a>\n\t\t\t\t\t<\/h5>\n\t\t\t\t\t<div id=\"elementor-tab-content-6856\" class=\"elementor-tab-content elementor-clearfix\" data-tab=\"6\" role=\"region\" aria-labelledby=\"elementor-tab-title-6856\"><ul><li class=\"even typeLink group1 aliasExpediente\"><span class=\"catItemExtraFieldsLabel\">Expediente:<\/span> <span class=\"catItemExtraFieldsValue\"><a href=\"http:\/\/cdhhgo.org\/home\/images\/pdf\/transparencia\/Recomendaciones\/2011\/R-GJ-0006-11.pdf\" target=\"_blank\" rel=\"noopener\">CDHEH-GJ-0753-11<\/a><\/span><p><strong>Recomendada:<\/strong> Secretario de Seguridad P\u00fablica del Estado de Hidalgo<\/p><p><strong>Visitadur\u00eda:<\/strong> Visitadur\u00eda Metropolitana<\/p><\/li><\/ul><\/div>\n\t\t\t\t<\/div>\n\t\t\t\t\t\t\t<div class=\"elementor-accordion-item\">\n\t\t\t\t\t<h5 id=\"elementor-tab-title-6857\" class=\"elementor-tab-title\" data-tab=\"7\" role=\"button\" aria-controls=\"elementor-tab-content-6857\" aria-expanded=\"false\">\n\t\t\t\t\t\t\t\t\t\t\t\t\t<span class=\"elementor-accordion-icon elementor-accordion-icon-left\" aria-hidden=\"true\">\n\t\t\t\t\t\t\t\t\t\t\t\t\t\t\t<i class=\"elementor-accordion-icon-closed fa fa-book\"><\/i>\n\t\t\t\t\t\t\t\t<i class=\"elementor-accordion-icon-opened \"><\/i>\n\t\t\t\t\t\t\t\t\t\t\t\t\t\t<\/span>\n\t\t\t\t\t\t\t\t\t\t\t\t<a class=\"elementor-accordion-title\" tabindex=\"0\">R-I-0005-11<\/a>\n\t\t\t\t\t<\/h5>\n\t\t\t\t\t<div id=\"elementor-tab-content-6857\" class=\"elementor-tab-content elementor-clearfix\" data-tab=\"7\" role=\"region\" aria-labelledby=\"elementor-tab-title-6857\"><ul><li class=\"even typeLink group1 aliasExpediente\"><span class=\"catItemExtraFieldsLabel\">Expediente:<\/span> <span class=\"catItemExtraFieldsValue\"><a href=\"http:\/\/cdhhgo.org\/home\/images\/pdf\/transparencia\/Recomendaciones\/2011\/R-I-0005-11.pdf\" target=\"_blank\" rel=\"noopener\">CDHEH-I-3572-10<\/a><\/span><p><strong>Recomendada:<\/strong> Presidencia Municipal de Tolcayuca<\/p><p><strong>Visitadur\u00eda:<\/strong> Visitadur\u00eda Metropolitana<\/p><\/li><\/ul><\/div>\n\t\t\t\t<\/div>\n\t\t\t\t\t\t\t<div class=\"elementor-accordion-item\">\n\t\t\t\t\t<h5 id=\"elementor-tab-title-6858\" class=\"elementor-tab-title\" data-tab=\"8\" role=\"button\" aria-controls=\"elementor-tab-content-6858\" aria-expanded=\"false\">\n\t\t\t\t\t\t\t\t\t\t\t\t\t<span class=\"elementor-accordion-icon elementor-accordion-icon-left\" aria-hidden=\"true\">\n\t\t\t\t\t\t\t\t\t\t\t\t\t\t\t<i class=\"elementor-accordion-icon-closed fa fa-book\"><\/i>\n\t\t\t\t\t\t\t\t<i class=\"elementor-accordion-icon-opened \"><\/i>\n\t\t\t\t\t\t\t\t\t\t\t\t\t\t<\/span>\n\t\t\t\t\t\t\t\t\t\t\t\t<a class=\"elementor-accordion-title\" tabindex=\"0\">R-ZA-0004-11 <\/a>\n\t\t\t\t\t<\/h5>\n\t\t\t\t\t<div id=\"elementor-tab-content-6858\" class=\"elementor-tab-content elementor-clearfix\" data-tab=\"8\" role=\"region\" aria-labelledby=\"elementor-tab-title-6858\"><ul><li class=\"even typeLink group1 aliasExpediente\"><span class=\"catItemExtraFieldsLabel\">Expediente:<\/span> <span class=\"catItemExtraFieldsValue\"><a href=\"http:\/\/cdhhgo.org\/home\/images\/pdf\/transparencia\/Recomendaciones\/2011\/R-ZA-0004-11.pdf\" target=\"_blank\" rel=\"noopener\">CDHEH-ZA-0055-11<\/a><\/span><p><strong>Recomendada:<\/strong> Procuradur\u00eda General de Justicia del Estado de Hidalgo<\/p><p><strong>Visitadur\u00eda:<\/strong> Visitadur\u00eda Regional de Zacualtip\u00e1n de \u00c1ngeles<\/p><\/li><\/ul><\/div>\n\t\t\t\t<\/div>\n\t\t\t\t\t\t\t<div class=\"elementor-accordion-item\">\n\t\t\t\t\t<h5 id=\"elementor-tab-title-6859\" class=\"elementor-tab-title\" data-tab=\"9\" role=\"button\" aria-controls=\"elementor-tab-content-6859\" aria-expanded=\"false\">\n\t\t\t\t\t\t\t\t\t\t\t\t\t<span class=\"elementor-accordion-icon elementor-accordion-icon-left\" aria-hidden=\"true\">\n\t\t\t\t\t\t\t\t\t\t\t\t\t\t\t<i class=\"elementor-accordion-icon-closed fa fa-book\"><\/i>\n\t\t\t\t\t\t\t\t<i class=\"elementor-accordion-icon-opened \"><\/i>\n\t\t\t\t\t\t\t\t\t\t\t\t\t\t<\/span>\n\t\t\t\t\t\t\t\t\t\t\t\t<a class=\"elementor-accordion-title\" tabindex=\"0\">R-ZA-0003-11 <\/a>\n\t\t\t\t\t<\/h5>\n\t\t\t\t\t<div id=\"elementor-tab-content-6859\" class=\"elementor-tab-content elementor-clearfix\" data-tab=\"9\" role=\"region\" aria-labelledby=\"elementor-tab-title-6859\"><ul><li class=\"even typeLink group1 aliasExpediente\"><span class=\"catItemExtraFieldsLabel\">Expediente:<\/span> <span class=\"catItemExtraFieldsValue\"><a href=\"http:\/\/cdhhgo.org\/home\/images\/pdf\/transparencia\/Recomendaciones\/2011\/R-ZA-0003-11.pdf\" target=\"_blank\" rel=\"noopener\">CDHEH-ZA-0603-10<\/a><\/span><p><strong>Recomendada:<\/strong> Presidencia Municipal de Molango de Escamilla<\/p><p><strong>Visitadur\u00eda:<\/strong> Visitadur\u00eda Regional de Zacualtip\u00e1n de \u00c1ngeles.<\/p><\/li><\/ul><\/div>\n\t\t\t\t<\/div>\n\t\t\t\t\t\t\t<div class=\"elementor-accordion-item\">\n\t\t\t\t\t<h5 id=\"elementor-tab-title-68510\" class=\"elementor-tab-title\" data-tab=\"10\" role=\"button\" aria-controls=\"elementor-tab-content-68510\" aria-expanded=\"false\">\n\t\t\t\t\t\t\t\t\t\t\t\t\t<span class=\"elementor-accordion-icon elementor-accordion-icon-left\" aria-hidden=\"true\">\n\t\t\t\t\t\t\t\t\t\t\t\t\t\t\t<i class=\"elementor-accordion-icon-closed fa fa-book\"><\/i>\n\t\t\t\t\t\t\t\t<i class=\"elementor-accordion-icon-opened \"><\/i>\n\t\t\t\t\t\t\t\t\t\t\t\t\t\t<\/span>\n\t\t\t\t\t\t\t\t\t\t\t\t<a class=\"elementor-accordion-title\" tabindex=\"0\">R-TA-0002-11 <\/a>\n\t\t\t\t\t<\/h5>\n\t\t\t\t\t<div id=\"elementor-tab-content-68510\" class=\"elementor-tab-content elementor-clearfix\" data-tab=\"10\" role=\"region\" aria-labelledby=\"elementor-tab-title-68510\"><ul><li class=\"even typeLink group1 aliasExpediente\"><span class=\"catItemExtraFieldsLabel\">Expediente:<\/span> <span class=\"catItemExtraFieldsValue\"><a href=\"http:\/\/cdhhgo.org\/home\/images\/pdf\/transparencia\/Recomendaciones\/2011\/R-TA-0002-11.pdf\" target=\"_blank\" rel=\"noopener\">R-TA-0002-11<\/a><\/span><p><strong>Recomendada:<\/strong> Secretar\u00eda de Educaci\u00f3n P\u00fablica del Estado de Hidalgo, Tribunal Superior de Justicia del Estado de Hidalgo y Juzgado Segundo Penal del Distrito Judicial de Tula de Allende.<\/p><p><strong>Visitadur\u00eda:<\/strong> Visitadur\u00eda Regional de Tula de Allende<\/p><\/li><\/ul><\/div>\n\t\t\t\t<\/div>\n\t\t\t\t\t\t\t<div class=\"elementor-accordion-item\">\n\t\t\t\t\t<h5 id=\"elementor-tab-title-68511\" class=\"elementor-tab-title\" data-tab=\"11\" role=\"button\" aria-controls=\"elementor-tab-content-68511\" aria-expanded=\"false\">\n\t\t\t\t\t\t\t\t\t\t\t\t\t<span class=\"elementor-accordion-icon elementor-accordion-icon-left\" aria-hidden=\"true\">\n\t\t\t\t\t\t\t\t\t\t\t\t\t\t\t<i class=\"elementor-accordion-icon-closed fa fa-book\"><\/i>\n\t\t\t\t\t\t\t\t<i class=\"elementor-accordion-icon-opened \"><\/i>\n\t\t\t\t\t\t\t\t\t\t\t\t\t\t<\/span>\n\t\t\t\t\t\t\t\t\t\t\t\t<a class=\"elementor-accordion-title\" tabindex=\"0\">R-TA-0001-11 <\/a>\n\t\t\t\t\t<\/h5>\n\t\t\t\t\t<div id=\"elementor-tab-content-68511\" class=\"elementor-tab-content elementor-clearfix\" data-tab=\"11\" role=\"region\" aria-labelledby=\"elementor-tab-title-68511\"><ul><li class=\"even typeLink group1 aliasExpediente\"><span class=\"catItemExtraFieldsLabel\">Expediente:<\/span> <span class=\"catItemExtraFieldsValue\"><a href=\"http:\/\/cdhhgo.org\/home\/images\/pdf\/transparencia\/Recomendaciones\/2011\/R-TA-0001-11.pdf\" target=\"_blank\" rel=\"noopener\">CDHEH-TA-0499-10<\/a><\/span><p><strong>Recomendada:<\/strong> Presidencia Municipal de Mixquiahuala de Ju\u00e1rez<\/p><p><strong>Visitadur\u00eda:<\/strong> Visitadur\u00eda Regional de Tula de Allende.<\/p><\/li><\/ul><\/div>\n\t\t\t\t<\/div>\n\t\t\t\t\t\t\t\t<\/div>\n\t\t\t\t\t\t<\/div>\n\t\t\t\t<\/div>\n\t\t\t\t\t<\/div>\n\t\t<\/div>\n\t\t\t\t\t<\/div>\n\t\t<\/section>\n\t\t\t\t<\/div>\n\t\t","protected":false},"excerpt":{"rendered":"<div class=\"mh-excerpt\"><p>Recomendaciones 2011 R-DGJ-0011-11 Expediente:\u00a0CDHEH-DGJ-2174-11 Recomendada: Procuradur\u00eda General de Justicia del Estado de Hidalgo y Secretar\u00eda de Seguridad P\u00fablica del Estado de Hidalgo Visitadur\u00eda: Visitadur\u00eda Metropolitana <a class=\"mh-excerpt-more\" href=\"https:\/\/cdhhgo.org\/home\/recomendaciones-2011\/\" title=\"Recomendaciones 2011\">[&#8230;]<\/a><\/p>\n<\/div>","protected":false},"author":1,"featured_media":0,"parent":0,"menu_order":0,"comment_status":"closed","ping_status":"closed","template":"elementor_header_footer","meta":{"_monsterinsights_skip_tracking":false,"_monsterinsights_sitenote_active":false,"_monsterinsights_sitenote_note":"","_monsterinsights_sitenote_category":0,"footnotes":""},"wf_page_folders":[16],"class_list":["post-367","page","type-page","status-publish","hentry"],"aioseo_notices":[],"yoast_head":"<!-- This site is optimized with the Yoast SEO plugin v27.0 - https:\/\/yoast.com\/product\/yoast-seo-wordpress\/ -->\n<title>Recomendaciones 2011 - CDHEH<\/title>\n<meta name=\"robots\" content=\"index, follow, max-snippet:-1, max-image-preview:large, max-video-preview:-1\" \/>\n<link rel=\"canonical\" href=\"https:\/\/cdhhgo.org\/home\/recomendaciones-2011\/\" \/>\n<meta property=\"og:locale\" content=\"es_MX\" \/>\n<meta property=\"og:type\" content=\"article\" \/>\n<meta property=\"og:title\" content=\"Recomendaciones 2011 - CDHEH\" \/>\n<meta property=\"og:description\" content=\"Recomendaciones 2011 R-DGJ-0011-11 Expediente:\u00a0CDHEH-DGJ-2174-11 Recomendada: Procuradur\u00eda General de Justicia del Estado de Hidalgo y Secretar\u00eda de Seguridad P\u00fablica del Estado de Hidalgo Visitadur\u00eda: Visitadur\u00eda Metropolitana [...]\" \/>\n<meta property=\"og:url\" content=\"https:\/\/cdhhgo.org\/home\/recomendaciones-2011\/\" \/>\n<meta property=\"og:site_name\" content=\"CDHEH\" \/>\n<meta property=\"article:modified_time\" content=\"2020-09-28T20:35:36+00:00\" \/>\n<meta name=\"twitter:card\" content=\"summary_large_image\" \/>\n<meta name=\"twitter:label1\" content=\"Tiempo de lectura\" \/>\n\t<meta name=\"twitter:data1\" content=\"1 minuto\" \/>\n<script type=\"application\/ld+json\" class=\"yoast-schema-graph\">{\"@context\":\"https:\/\/schema.org\",\"@graph\":[{\"@type\":\"WebPage\",\"@id\":\"https:\/\/cdhhgo.org\/home\/recomendaciones-2011\/\",\"url\":\"https:\/\/cdhhgo.org\/home\/recomendaciones-2011\/\",\"name\":\"Recomendaciones 2011 - CDHEH\",\"isPartOf\":{\"@id\":\"https:\/\/cdhhgo.org\/home\/#website\"},\"datePublished\":\"2019-07-25T20:25:05+00:00\",\"dateModified\":\"2020-09-28T20:35:36+00:00\",\"breadcrumb\":{\"@id\":\"https:\/\/cdhhgo.org\/home\/recomendaciones-2011\/#breadcrumb\"},\"inLanguage\":\"es\",\"potentialAction\":[{\"@type\":\"ReadAction\",\"target\":[\"https:\/\/cdhhgo.org\/home\/recomendaciones-2011\/\"]}]},{\"@type\":\"BreadcrumbList\",\"@id\":\"https:\/\/cdhhgo.org\/home\/recomendaciones-2011\/#breadcrumb\",\"itemListElement\":[{\"@type\":\"ListItem\",\"position\":1,\"name\":\"Inicio\",\"item\":\"https:\/\/cdhhgo.org\/home\/\"},{\"@type\":\"ListItem\",\"position\":2,\"name\":\"Recomendaciones 2011\"}]},{\"@type\":\"WebSite\",\"@id\":\"https:\/\/cdhhgo.org\/home\/#website\",\"url\":\"https:\/\/cdhhgo.org\/home\/\",\"name\":\"Comisi\u00f3n de Derechos Humanos del Estado de Hidalgo\",\"description\":\"comision de derechos humanos del estado de hidalgo\",\"publisher\":{\"@id\":\"https:\/\/cdhhgo.org\/home\/#organization\"},\"potentialAction\":[{\"@type\":\"SearchAction\",\"target\":{\"@type\":\"EntryPoint\",\"urlTemplate\":\"https:\/\/cdhhgo.org\/home\/?s={search_term_string}\"},\"query-input\":{\"@type\":\"PropertyValueSpecification\",\"valueRequired\":true,\"valueName\":\"search_term_string\"}}],\"inLanguage\":\"es\"},{\"@type\":\"Organization\",\"@id\":\"https:\/\/cdhhgo.org\/home\/#organization\",\"name\":\"Comisi\u00f3n de Derechos Humanos del Estado de Hidalgo\",\"url\":\"https:\/\/cdhhgo.org\/home\/\",\"logo\":{\"@type\":\"ImageObject\",\"inLanguage\":\"es\",\"@id\":\"https:\/\/cdhhgo.org\/home\/#\/schema\/logo\/image\/\",\"url\":\"https:\/\/cdhhgo.org\/home\/wp-content\/uploads\/2019\/02\/logo.jpg\",\"contentUrl\":\"https:\/\/cdhhgo.org\/home\/wp-content\/uploads\/2019\/02\/logo.jpg\",\"width\":3000,\"height\":2072,\"caption\":\"Comisi\u00f3n de Derechos Humanos del Estado de Hidalgo\"},\"image\":{\"@id\":\"https:\/\/cdhhgo.org\/home\/#\/schema\/logo\/image\/\"}}]}<\/script>\n<!-- \/ Yoast SEO plugin. -->","yoast_head_json":{"title":"Recomendaciones 2011 - CDHEH","robots":{"index":"index","follow":"follow","max-snippet":"max-snippet:-1","max-image-preview":"max-image-preview:large","max-video-preview":"max-video-preview:-1"},"canonical":"https:\/\/cdhhgo.org\/home\/recomendaciones-2011\/","og_locale":"es_MX","og_type":"article","og_title":"Recomendaciones 2011 - CDHEH","og_description":"Recomendaciones 2011 R-DGJ-0011-11 Expediente:\u00a0CDHEH-DGJ-2174-11 Recomendada: Procuradur\u00eda General de Justicia del Estado de Hidalgo y Secretar\u00eda de Seguridad P\u00fablica del Estado de Hidalgo Visitadur\u00eda: Visitadur\u00eda Metropolitana [...]","og_url":"https:\/\/cdhhgo.org\/home\/recomendaciones-2011\/","og_site_name":"CDHEH","article_modified_time":"2020-09-28T20:35:36+00:00","twitter_card":"summary_large_image","twitter_misc":{"Tiempo de lectura":"1 minuto"},"schema":{"@context":"https:\/\/schema.org","@graph":[{"@type":"WebPage","@id":"https:\/\/cdhhgo.org\/home\/recomendaciones-2011\/","url":"https:\/\/cdhhgo.org\/home\/recomendaciones-2011\/","name":"Recomendaciones 2011 - CDHEH","isPartOf":{"@id":"https:\/\/cdhhgo.org\/home\/#website"},"datePublished":"2019-07-25T20:25:05+00:00","dateModified":"2020-09-28T20:35:36+00:00","breadcrumb":{"@id":"https:\/\/cdhhgo.org\/home\/recomendaciones-2011\/#breadcrumb"},"inLanguage":"es","potentialAction":[{"@type":"ReadAction","target":["https:\/\/cdhhgo.org\/home\/recomendaciones-2011\/"]}]},{"@type":"BreadcrumbList","@id":"https:\/\/cdhhgo.org\/home\/recomendaciones-2011\/#breadcrumb","itemListElement":[{"@type":"ListItem","position":1,"name":"Inicio","item":"https:\/\/cdhhgo.org\/home\/"},{"@type":"ListItem","position":2,"name":"Recomendaciones 2011"}]},{"@type":"WebSite","@id":"https:\/\/cdhhgo.org\/home\/#website","url":"https:\/\/cdhhgo.org\/home\/","name":"Comisi\u00f3n de Derechos Humanos del Estado de Hidalgo","description":"comision de derechos humanos del estado de hidalgo","publisher":{"@id":"https:\/\/cdhhgo.org\/home\/#organization"},"potentialAction":[{"@type":"SearchAction","target":{"@type":"EntryPoint","urlTemplate":"https:\/\/cdhhgo.org\/home\/?s={search_term_string}"},"query-input":{"@type":"PropertyValueSpecification","valueRequired":true,"valueName":"search_term_string"}}],"inLanguage":"es"},{"@type":"Organization","@id":"https:\/\/cdhhgo.org\/home\/#organization","name":"Comisi\u00f3n de Derechos Humanos del Estado de Hidalgo","url":"https:\/\/cdhhgo.org\/home\/","logo":{"@type":"ImageObject","inLanguage":"es","@id":"https:\/\/cdhhgo.org\/home\/#\/schema\/logo\/image\/","url":"https:\/\/cdhhgo.org\/home\/wp-content\/uploads\/2019\/02\/logo.jpg","contentUrl":"https:\/\/cdhhgo.org\/home\/wp-content\/uploads\/2019\/02\/logo.jpg","width":3000,"height":2072,"caption":"Comisi\u00f3n de Derechos Humanos del Estado de Hidalgo"},"image":{"@id":"https:\/\/cdhhgo.org\/home\/#\/schema\/logo\/image\/"}}]}},"_links":{"self":[{"href":"https:\/\/cdhhgo.org\/home\/wp-json\/wp\/v2\/pages\/367","targetHints":{"allow":["GET"]}}],"collection":[{"href":"https:\/\/cdhhgo.org\/home\/wp-json\/wp\/v2\/pages"}],"about":[{"href":"https:\/\/cdhhgo.org\/home\/wp-json\/wp\/v2\/types\/page"}],"author":[{"embeddable":true,"href":"https:\/\/cdhhgo.org\/home\/wp-json\/wp\/v2\/users\/1"}],"replies":[{"embeddable":true,"href":"https:\/\/cdhhgo.org\/home\/wp-json\/wp\/v2\/comments?post=367"}],"version-history":[{"count":30,"href":"https:\/\/cdhhgo.org\/home\/wp-json\/wp\/v2\/pages\/367\/revisions"}],"predecessor-version":[{"id":2811,"href":"https:\/\/cdhhgo.org\/home\/wp-json\/wp\/v2\/pages\/367\/revisions\/2811"}],"wp:attachment":[{"href":"https:\/\/cdhhgo.org\/home\/wp-json\/wp\/v2\/media?parent=367"}],"wp:term":[{"taxonomy":"wf_page_folders","embeddable":true,"href":"https:\/\/cdhhgo.org\/home\/wp-json\/wp\/v2\/wf_page_folders?post=367"}],"curies":[{"name":"wp","href":"https:\/\/api.w.org\/{rel}","templated":true}]}}