{"id":365,"date":"2019-07-25T20:24:23","date_gmt":"2019-07-25T20:24:23","guid":{"rendered":"https:\/\/cdhhgo.org\/home\/?page_id=365"},"modified":"2025-03-03T21:54:47","modified_gmt":"2025-03-03T21:54:47","slug":"directorio","status":"publish","type":"page","link":"https:\/\/cdhhgo.org\/home\/directorio\/","title":{"rendered":"Directorio"},"content":{"rendered":"\t\t<div data-elementor-type=\"wp-post\" data-elementor-id=\"365\" class=\"elementor elementor-365\">\n\t\t\t\t\t\t<section class=\"elementor-section elementor-top-section elementor-element elementor-element-c4619cf elementor-section-boxed elementor-section-height-default elementor-section-height-default\" data-id=\"c4619cf\" data-element_type=\"section\" data-e-type=\"section\">\n\t\t\t\t\t\t<div class=\"elementor-container elementor-column-gap-default\">\n\t\t\t\t\t<div class=\"elementor-column elementor-col-100 elementor-top-column elementor-element elementor-element-93e7087\" data-id=\"93e7087\" data-element_type=\"column\" data-e-type=\"column\">\n\t\t\t<div class=\"elementor-widget-wrap elementor-element-populated\">\n\t\t\t\t\t\t<div class=\"elementor-element elementor-element-72c7661 elementor-widget elementor-widget-image\" data-id=\"72c7661\" data-element_type=\"widget\" data-e-type=\"widget\" data-widget_type=\"image.default\">\n\t\t\t\t<div class=\"elementor-widget-container\">\n\t\t\t\t\t\t\t\t\t\t\t\t\t\t\t<img fetchpriority=\"high\" decoding=\"async\" width=\"678\" height=\"1549\" src=\"https:\/\/www.cdhhgo.org\/home\/wp-content\/uploads\/2025\/03\/Directorio-768x1755.jpg\" class=\"attachment-medium_large size-medium_large wp-image-8289\" alt=\"\" srcset=\"https:\/\/www.cdhhgo.org\/home\/wp-content\/uploads\/2025\/03\/Directorio-768x1755.jpg 768w, https:\/\/www.cdhhgo.org\/home\/wp-content\/uploads\/2025\/03\/Directorio-131x300.jpg 131w, https:\/\/www.cdhhgo.org\/home\/wp-content\/uploads\/2025\/03\/Directorio-448x1024.jpg 448w, https:\/\/www.cdhhgo.org\/home\/wp-content\/uploads\/2025\/03\/Directorio-672x1536.jpg 672w, https:\/\/www.cdhhgo.org\/home\/wp-content\/uploads\/2025\/03\/Directorio-896x2048.jpg 896w, https:\/\/www.cdhhgo.org\/home\/wp-content\/uploads\/2025\/03\/Directorio-scaled.jpg 1120w\" sizes=\"(max-width: 678px) 100vw, 678px\" \/>\t\t\t\t\t\t\t\t\t\t\t\t\t\t\t<\/div>\n\t\t\t\t<\/div>\n\t\t\t\t\t<\/div>\n\t\t<\/div>\n\t\t\t\t\t<\/div>\n\t\t<\/section>\n\t\t\t\t<section class=\"elementor-section elementor-top-section elementor-element elementor-element-da38265 elementor-section-boxed elementor-section-height-default elementor-section-height-default\" data-id=\"da38265\" data-element_type=\"section\" data-e-type=\"section\">\n\t\t\t\t\t\t<div class=\"elementor-container elementor-column-gap-default\">\n\t\t\t\t\t<div class=\"elementor-column elementor-col-100 elementor-top-column elementor-element elementor-element-762f134\" data-id=\"762f134\" data-element_type=\"column\" data-e-type=\"column\">\n\t\t\t<div class=\"elementor-widget-wrap elementor-element-populated\">\n\t\t\t\t\t\t<div class=\"elementor-element elementor-element-ce086e8 elementor-widget elementor-widget-text-editor\" data-id=\"ce086e8\" data-element_type=\"widget\" data-e-type=\"widget\" data-widget_type=\"text-editor.default\">\n\t\t\t\t<div class=\"elementor-widget-container\">\n\t\t\t\t\t\t\t\t\t<div id=\"auto\" class=\"auto\" style=\"display: none;\">Directorio<p>Presidente Alejandro Jabib Nicol\u00e1s<\/p><p>Visitador General Javier Ramiro Lara Salinas<\/p><p>Secretario Ejecutivo Javier Yair Garc\u00eda Soto<\/p><p>Oficial Mayor Miguel \u00d3scar de la Vega Bezies<\/p><p>Titular del \u00f3rgano Interno de Control Vania Tamara Vite Rangel<\/p><p>Titular de la Unidad T\u00e9cnica Francisco Jaime Hidalgo Gonz\u00e1lez<\/p><p>Visitador General Adjunto Especial Mauricio Macin T\u00e9llez<\/p><\/div>\t\t\t\t\t\t\t\t<\/div>\n\t\t\t\t<\/div>\n\t\t\t\t\t<\/div>\n\t\t<\/div>\n\t\t\t\t\t<\/div>\n\t\t<\/section>\n\t\t\t\t<\/div>\n\t\t","protected":false},"excerpt":{"rendered":"<div class=\"mh-excerpt\"><p>Directorio Presidente Alejandro Jabib Nicol\u00e1s Visitador General Javier Ramiro Lara Salinas Secretario Ejecutivo Javier Yair Garc\u00eda Soto Oficial Mayor Miguel \u00d3scar de la Vega Bezies <a class=\"mh-excerpt-more\" href=\"https:\/\/cdhhgo.org\/home\/directorio\/\" title=\"Directorio\">[&#8230;]<\/a><\/p>\n<\/div>","protected":false},"author":1,"featured_media":0,"parent":0,"menu_order":0,"comment_status":"closed","ping_status":"closed","template":"","meta":{"_monsterinsights_skip_tracking":false,"_monsterinsights_sitenote_active":false,"_monsterinsights_sitenote_note":"","_monsterinsights_sitenote_category":0,"footnotes":""},"wf_page_folders":[15],"class_list":["post-365","page","type-page","status-publish","hentry"],"aioseo_notices":[],"yoast_head":"<!-- This site is optimized with the Yoast SEO plugin v27.0 - https:\/\/yoast.com\/product\/yoast-seo-wordpress\/ -->\n<title>Directorio - CDHEH<\/title>\n<meta name=\"robots\" content=\"index, follow, max-snippet:-1, max-image-preview:large, max-video-preview:-1\" \/>\n<link rel=\"canonical\" href=\"https:\/\/cdhhgo.org\/home\/directorio\/\" \/>\n<meta property=\"og:locale\" content=\"es_MX\" \/>\n<meta property=\"og:type\" content=\"article\" \/>\n<meta property=\"og:title\" content=\"Directorio - CDHEH\" \/>\n<meta property=\"og:description\" content=\"Directorio Presidente Alejandro Jabib Nicol\u00e1s Visitador General Javier Ramiro Lara Salinas Secretario Ejecutivo Javier Yair Garc\u00eda Soto Oficial Mayor Miguel \u00d3scar de la Vega Bezies [...]\" \/>\n<meta property=\"og:url\" content=\"https:\/\/cdhhgo.org\/home\/directorio\/\" \/>\n<meta property=\"og:site_name\" content=\"CDHEH\" \/>\n<meta property=\"article:modified_time\" content=\"2025-03-03T21:54:47+00:00\" \/>\n<meta property=\"og:image\" content=\"https:\/\/www.cdhhgo.org\/home\/wp-content\/uploads\/2025\/03\/Directorio-768x1755.jpg\" \/>\n<meta name=\"twitter:card\" content=\"summary_large_image\" \/>\n<meta name=\"twitter:label1\" content=\"Tiempo de lectura\" \/>\n\t<meta name=\"twitter:data1\" content=\"1 minuto\" \/>\n<script type=\"application\/ld+json\" class=\"yoast-schema-graph\">{\"@context\":\"https:\/\/schema.org\",\"@graph\":[{\"@type\":\"WebPage\",\"@id\":\"https:\/\/cdhhgo.org\/home\/directorio\/\",\"url\":\"https:\/\/cdhhgo.org\/home\/directorio\/\",\"name\":\"Directorio - CDHEH\",\"isPartOf\":{\"@id\":\"https:\/\/cdhhgo.org\/home\/#website\"},\"primaryImageOfPage\":{\"@id\":\"https:\/\/cdhhgo.org\/home\/directorio\/#primaryimage\"},\"image\":{\"@id\":\"https:\/\/cdhhgo.org\/home\/directorio\/#primaryimage\"},\"thumbnailUrl\":\"https:\/\/www.cdhhgo.org\/home\/wp-content\/uploads\/2025\/03\/Directorio-768x1755.jpg\",\"datePublished\":\"2019-07-25T20:24:23+00:00\",\"dateModified\":\"2025-03-03T21:54:47+00:00\",\"breadcrumb\":{\"@id\":\"https:\/\/cdhhgo.org\/home\/directorio\/#breadcrumb\"},\"inLanguage\":\"es\",\"potentialAction\":[{\"@type\":\"ReadAction\",\"target\":[\"https:\/\/cdhhgo.org\/home\/directorio\/\"]}]},{\"@type\":\"ImageObject\",\"inLanguage\":\"es\",\"@id\":\"https:\/\/cdhhgo.org\/home\/directorio\/#primaryimage\",\"url\":\"https:\/\/www.cdhhgo.org\/home\/wp-content\/uploads\/2025\/03\/Directorio-768x1755.jpg\",\"contentUrl\":\"https:\/\/www.cdhhgo.org\/home\/wp-content\/uploads\/2025\/03\/Directorio-768x1755.jpg\"},{\"@type\":\"BreadcrumbList\",\"@id\":\"https:\/\/cdhhgo.org\/home\/directorio\/#breadcrumb\",\"itemListElement\":[{\"@type\":\"ListItem\",\"position\":1,\"name\":\"Inicio\",\"item\":\"https:\/\/cdhhgo.org\/home\/\"},{\"@type\":\"ListItem\",\"position\":2,\"name\":\"Directorio\"}]},{\"@type\":\"WebSite\",\"@id\":\"https:\/\/cdhhgo.org\/home\/#website\",\"url\":\"https:\/\/cdhhgo.org\/home\/\",\"name\":\"Comisi\u00f3n de Derechos Humanos del Estado de Hidalgo\",\"description\":\"comision de derechos humanos del estado de hidalgo\",\"publisher\":{\"@id\":\"https:\/\/cdhhgo.org\/home\/#organization\"},\"potentialAction\":[{\"@type\":\"SearchAction\",\"target\":{\"@type\":\"EntryPoint\",\"urlTemplate\":\"https:\/\/cdhhgo.org\/home\/?s={search_term_string}\"},\"query-input\":{\"@type\":\"PropertyValueSpecification\",\"valueRequired\":true,\"valueName\":\"search_term_string\"}}],\"inLanguage\":\"es\"},{\"@type\":\"Organization\",\"@id\":\"https:\/\/cdhhgo.org\/home\/#organization\",\"name\":\"Comisi\u00f3n de Derechos Humanos del Estado de Hidalgo\",\"url\":\"https:\/\/cdhhgo.org\/home\/\",\"logo\":{\"@type\":\"ImageObject\",\"inLanguage\":\"es\",\"@id\":\"https:\/\/cdhhgo.org\/home\/#\/schema\/logo\/image\/\",\"url\":\"https:\/\/cdhhgo.org\/home\/wp-content\/uploads\/2019\/02\/logo.jpg\",\"contentUrl\":\"https:\/\/cdhhgo.org\/home\/wp-content\/uploads\/2019\/02\/logo.jpg\",\"width\":3000,\"height\":2072,\"caption\":\"Comisi\u00f3n de Derechos Humanos del Estado de Hidalgo\"},\"image\":{\"@id\":\"https:\/\/cdhhgo.org\/home\/#\/schema\/logo\/image\/\"}}]}<\/script>\n<!-- \/ Yoast SEO plugin. -->","yoast_head_json":{"title":"Directorio - CDHEH","robots":{"index":"index","follow":"follow","max-snippet":"max-snippet:-1","max-image-preview":"max-image-preview:large","max-video-preview":"max-video-preview:-1"},"canonical":"https:\/\/cdhhgo.org\/home\/directorio\/","og_locale":"es_MX","og_type":"article","og_title":"Directorio - CDHEH","og_description":"Directorio Presidente Alejandro Jabib Nicol\u00e1s Visitador General Javier Ramiro Lara Salinas Secretario Ejecutivo Javier Yair Garc\u00eda Soto Oficial Mayor Miguel \u00d3scar de la Vega Bezies [...]","og_url":"https:\/\/cdhhgo.org\/home\/directorio\/","og_site_name":"CDHEH","article_modified_time":"2025-03-03T21:54:47+00:00","og_image":[{"url":"https:\/\/www.cdhhgo.org\/home\/wp-content\/uploads\/2025\/03\/Directorio-768x1755.jpg","type":"","width":"","height":""}],"twitter_card":"summary_large_image","twitter_misc":{"Tiempo de lectura":"1 minuto"},"schema":{"@context":"https:\/\/schema.org","@graph":[{"@type":"WebPage","@id":"https:\/\/cdhhgo.org\/home\/directorio\/","url":"https:\/\/cdhhgo.org\/home\/directorio\/","name":"Directorio - CDHEH","isPartOf":{"@id":"https:\/\/cdhhgo.org\/home\/#website"},"primaryImageOfPage":{"@id":"https:\/\/cdhhgo.org\/home\/directorio\/#primaryimage"},"image":{"@id":"https:\/\/cdhhgo.org\/home\/directorio\/#primaryimage"},"thumbnailUrl":"https:\/\/www.cdhhgo.org\/home\/wp-content\/uploads\/2025\/03\/Directorio-768x1755.jpg","datePublished":"2019-07-25T20:24:23+00:00","dateModified":"2025-03-03T21:54:47+00:00","breadcrumb":{"@id":"https:\/\/cdhhgo.org\/home\/directorio\/#breadcrumb"},"inLanguage":"es","potentialAction":[{"@type":"ReadAction","target":["https:\/\/cdhhgo.org\/home\/directorio\/"]}]},{"@type":"ImageObject","inLanguage":"es","@id":"https:\/\/cdhhgo.org\/home\/directorio\/#primaryimage","url":"https:\/\/www.cdhhgo.org\/home\/wp-content\/uploads\/2025\/03\/Directorio-768x1755.jpg","contentUrl":"https:\/\/www.cdhhgo.org\/home\/wp-content\/uploads\/2025\/03\/Directorio-768x1755.jpg"},{"@type":"BreadcrumbList","@id":"https:\/\/cdhhgo.org\/home\/directorio\/#breadcrumb","itemListElement":[{"@type":"ListItem","position":1,"name":"Inicio","item":"https:\/\/cdhhgo.org\/home\/"},{"@type":"ListItem","position":2,"name":"Directorio"}]},{"@type":"WebSite","@id":"https:\/\/cdhhgo.org\/home\/#website","url":"https:\/\/cdhhgo.org\/home\/","name":"Comisi\u00f3n de Derechos Humanos del Estado de Hidalgo","description":"comision de derechos humanos del estado de hidalgo","publisher":{"@id":"https:\/\/cdhhgo.org\/home\/#organization"},"potentialAction":[{"@type":"SearchAction","target":{"@type":"EntryPoint","urlTemplate":"https:\/\/cdhhgo.org\/home\/?s={search_term_string}"},"query-input":{"@type":"PropertyValueSpecification","valueRequired":true,"valueName":"search_term_string"}}],"inLanguage":"es"},{"@type":"Organization","@id":"https:\/\/cdhhgo.org\/home\/#organization","name":"Comisi\u00f3n de Derechos Humanos del Estado de Hidalgo","url":"https:\/\/cdhhgo.org\/home\/","logo":{"@type":"ImageObject","inLanguage":"es","@id":"https:\/\/cdhhgo.org\/home\/#\/schema\/logo\/image\/","url":"https:\/\/cdhhgo.org\/home\/wp-content\/uploads\/2019\/02\/logo.jpg","contentUrl":"https:\/\/cdhhgo.org\/home\/wp-content\/uploads\/2019\/02\/logo.jpg","width":3000,"height":2072,"caption":"Comisi\u00f3n de Derechos Humanos del Estado de Hidalgo"},"image":{"@id":"https:\/\/cdhhgo.org\/home\/#\/schema\/logo\/image\/"}}]}},"_links":{"self":[{"href":"https:\/\/cdhhgo.org\/home\/wp-json\/wp\/v2\/pages\/365","targetHints":{"allow":["GET"]}}],"collection":[{"href":"https:\/\/cdhhgo.org\/home\/wp-json\/wp\/v2\/pages"}],"about":[{"href":"https:\/\/cdhhgo.org\/home\/wp-json\/wp\/v2\/types\/page"}],"author":[{"embeddable":true,"href":"https:\/\/cdhhgo.org\/home\/wp-json\/wp\/v2\/users\/1"}],"replies":[{"embeddable":true,"href":"https:\/\/cdhhgo.org\/home\/wp-json\/wp\/v2\/comments?post=365"}],"version-history":[{"count":23,"href":"https:\/\/cdhhgo.org\/home\/wp-json\/wp\/v2\/pages\/365\/revisions"}],"predecessor-version":[{"id":8294,"href":"https:\/\/cdhhgo.org\/home\/wp-json\/wp\/v2\/pages\/365\/revisions\/8294"}],"wp:attachment":[{"href":"https:\/\/cdhhgo.org\/home\/wp-json\/wp\/v2\/media?parent=365"}],"wp:term":[{"taxonomy":"wf_page_folders","embeddable":true,"href":"https:\/\/cdhhgo.org\/home\/wp-json\/wp\/v2\/wf_page_folders?post=365"}],"curies":[{"name":"wp","href":"https:\/\/api.w.org\/{rel}","templated":true}]}}