{"id":361,"date":"2019-07-25T20:23:23","date_gmt":"2019-07-25T20:23:23","guid":{"rendered":"https:\/\/cdhhgo.org\/home\/?page_id=361"},"modified":"2025-03-03T21:47:47","modified_gmt":"2025-03-03T21:47:47","slug":"identidad-institucional","status":"publish","type":"page","link":"https:\/\/cdhhgo.org\/home\/identidad-institucional\/","title":{"rendered":"Identidad Institucional"},"content":{"rendered":"\t\t<div data-elementor-type=\"wp-post\" data-elementor-id=\"361\" class=\"elementor elementor-361\">\n\t\t\t\t\t\t<section class=\"elementor-section elementor-top-section elementor-element elementor-element-2012019 elementor-section-boxed elementor-section-height-default elementor-section-height-default\" data-id=\"2012019\" data-element_type=\"section\" data-e-type=\"section\">\n\t\t\t\t\t\t<div class=\"elementor-container elementor-column-gap-default\">\n\t\t\t\t\t<div class=\"elementor-column elementor-col-100 elementor-top-column elementor-element elementor-element-74db85f\" data-id=\"74db85f\" data-element_type=\"column\" data-e-type=\"column\">\n\t\t\t<div class=\"elementor-widget-wrap elementor-element-populated\">\n\t\t\t\t\t\t<div class=\"elementor-element elementor-element-ae8e238 elementor-widget elementor-widget-image\" data-id=\"ae8e238\" data-element_type=\"widget\" data-e-type=\"widget\" data-widget_type=\"image.default\">\n\t\t\t\t<div class=\"elementor-widget-container\">\n\t\t\t\t\t\t\t\t\t\t\t\t\t\t\t<img fetchpriority=\"high\" decoding=\"async\" width=\"678\" height=\"992\" src=\"https:\/\/www.cdhhgo.org\/home\/wp-content\/uploads\/2025\/03\/Mision-700x1024.jpg\" class=\"attachment-large size-large wp-image-8275\" alt=\"\" srcset=\"https:\/\/www.cdhhgo.org\/home\/wp-content\/uploads\/2025\/03\/Mision-700x1024.jpg 700w, https:\/\/www.cdhhgo.org\/home\/wp-content\/uploads\/2025\/03\/Mision-205x300.jpg 205w, https:\/\/www.cdhhgo.org\/home\/wp-content\/uploads\/2025\/03\/Mision-768x1123.jpg 768w, https:\/\/www.cdhhgo.org\/home\/wp-content\/uploads\/2025\/03\/Mision-1050x1536.jpg 1050w, https:\/\/www.cdhhgo.org\/home\/wp-content\/uploads\/2025\/03\/Mision-1400x2048.jpg 1400w, https:\/\/www.cdhhgo.org\/home\/wp-content\/uploads\/2025\/03\/Mision-scaled.jpg 1750w\" sizes=\"(max-width: 678px) 100vw, 678px\" \/>\t\t\t\t\t\t\t\t\t\t\t\t\t\t\t<\/div>\n\t\t\t\t<\/div>\n\t\t\t\t\t<\/div>\n\t\t<\/div>\n\t\t\t\t\t<\/div>\n\t\t<\/section>\n\t\t\t\t<section class=\"elementor-section elementor-top-section elementor-element elementor-element-d28e335 elementor-hidden-desktop elementor-hidden-tablet elementor-hidden-phone elementor-section-boxed elementor-section-height-default elementor-section-height-default\" data-id=\"d28e335\" data-element_type=\"section\" data-e-type=\"section\">\n\t\t\t\t\t\t<div class=\"elementor-container elementor-column-gap-default\">\n\t\t\t\t\t<div class=\"elementor-column elementor-col-100 elementor-top-column elementor-element elementor-element-3ef27f0\" data-id=\"3ef27f0\" data-element_type=\"column\" data-e-type=\"column\">\n\t\t\t<div class=\"elementor-widget-wrap elementor-element-populated\">\n\t\t\t\t\t\t<div class=\"elementor-element elementor-element-41077d8 elementor-widget elementor-widget-text-editor\" data-id=\"41077d8\" data-element_type=\"widget\" data-e-type=\"widget\" data-widget_type=\"text-editor.default\">\n\t\t\t\t<div class=\"elementor-widget-container\">\n\t\t\t\t\t\t\t\t\t<p>Misi\u00f3n<\/p><p>\u00a0<\/p><p>En un marco de actuar integral, desde un enfoque humanista y t\u00e9cnico, generar acciones afirmativas que tiendan a la defensa, observancia, promoci\u00f3n e investigaci\u00f3n acad\u00e9mica de los derechos humanos en el Estado de Hidalgo, con el objetivo de consolidar una cultura de la legalidad, teniendo, como eje principal, el reconocimiento pleno de la dignidad de las personas que conlleva la posibilidad del ejercicio de sus libertades y derechos, desde la m\u00e1xima \u201cTodas las personas, todos los derechos\u201d.<\/p><p>\u00a0<\/p><p>Visi\u00f3n<\/p><p>\u00a0<\/p><p>A trav\u00e9s del ejercicio pleno de su autonom\u00eda e independencia, jur\u00eddica y administrativa, en un marco de transparencia y rendici\u00f3n de cuentas, ser un \u00f3rgano consolidado en la defensa, protecci\u00f3n, promoci\u00f3n efectiva e investigaci\u00f3n acad\u00e9mica de los derechos humanos en el Estado de Hidalgo, haciendo \u00e9nfasis en la aplicaci\u00f3n de principios constitucionales y convencionales, para garantizar el ejercicio pleno de libertades y derechos de todas las personas y, con mayor intensidad, de las poblaciones en situaci\u00f3n de vulnerabilidad.<\/p><p>\u00a0<\/p><p>Valores institucionales<\/p><p>\u00a0<\/p><p>Respeto a la dignidad de las personas reconociendo su Igualdad Normativa, promoviendo el ejercicio de libertades y derechos con Equidad.<\/p><p>\u00a0<\/p><p>Acciones inclusivas en un marco de Integridad y Diversidad.<\/p><p>\u00a0<\/p><p>Autonom\u00eda e Independencia en su actuar integral.<\/p><p>\u00a0<\/p><p>B\u00fasqueda de la Justicia fomentando el respeto a la Legalidad.<\/p><p>\u00a0<\/p><p>Imparcialidad y Subsidiaridad en la protecci\u00f3n de derechos humanos.<\/p><p>\u00a0<\/p><p>Transparencia y Rendici\u00f3n de Cuentas.<\/p>\t\t\t\t\t\t\t\t<\/div>\n\t\t\t\t<\/div>\n\t\t\t\t\t<\/div>\n\t\t<\/div>\n\t\t\t\t\t<\/div>\n\t\t<\/section>\n\t\t\t\t<\/div>\n\t\t","protected":false},"excerpt":{"rendered":"<div class=\"mh-excerpt\"><p>Misi\u00f3n \u00a0 En un marco de actuar integral, desde un enfoque humanista y t\u00e9cnico, generar acciones afirmativas que tiendan a la defensa, observancia, promoci\u00f3n e <a class=\"mh-excerpt-more\" href=\"https:\/\/cdhhgo.org\/home\/identidad-institucional\/\" title=\"Identidad Institucional\">[&#8230;]<\/a><\/p>\n<\/div>","protected":false},"author":1,"featured_media":0,"parent":0,"menu_order":0,"comment_status":"closed","ping_status":"closed","template":"","meta":{"_monsterinsights_skip_tracking":false,"_monsterinsights_sitenote_active":false,"_monsterinsights_sitenote_note":"","_monsterinsights_sitenote_category":0,"footnotes":""},"wf_page_folders":[15],"class_list":["post-361","page","type-page","status-publish","hentry"],"aioseo_notices":[],"yoast_head":"<!-- This site is optimized with the Yoast SEO plugin v27.0 - https:\/\/yoast.com\/product\/yoast-seo-wordpress\/ -->\n<title>Identidad Institucional - CDHEH<\/title>\n<meta name=\"robots\" content=\"index, follow, max-snippet:-1, max-image-preview:large, max-video-preview:-1\" \/>\n<link rel=\"canonical\" href=\"https:\/\/cdhhgo.org\/home\/identidad-institucional\/\" \/>\n<meta property=\"og:locale\" content=\"es_MX\" \/>\n<meta property=\"og:type\" content=\"article\" \/>\n<meta property=\"og:title\" content=\"Identidad Institucional - CDHEH\" \/>\n<meta property=\"og:description\" content=\"Misi\u00f3n \u00a0 En un marco de actuar integral, desde un enfoque humanista y t\u00e9cnico, generar acciones afirmativas que tiendan a la defensa, observancia, promoci\u00f3n e [...]\" \/>\n<meta property=\"og:url\" content=\"https:\/\/cdhhgo.org\/home\/identidad-institucional\/\" \/>\n<meta property=\"og:site_name\" content=\"CDHEH\" \/>\n<meta property=\"article:modified_time\" content=\"2025-03-03T21:47:47+00:00\" \/>\n<meta property=\"og:image\" content=\"https:\/\/www.cdhhgo.org\/home\/wp-content\/uploads\/2025\/03\/Mision-700x1024.jpg\" \/>\n<meta name=\"twitter:card\" content=\"summary_large_image\" \/>\n<meta name=\"twitter:label1\" content=\"Tiempo de lectura\" \/>\n\t<meta name=\"twitter:data1\" content=\"2 minutos\" \/>\n<script type=\"application\/ld+json\" class=\"yoast-schema-graph\">{\"@context\":\"https:\/\/schema.org\",\"@graph\":[{\"@type\":\"WebPage\",\"@id\":\"https:\/\/cdhhgo.org\/home\/identidad-institucional\/\",\"url\":\"https:\/\/cdhhgo.org\/home\/identidad-institucional\/\",\"name\":\"Identidad Institucional - CDHEH\",\"isPartOf\":{\"@id\":\"https:\/\/cdhhgo.org\/home\/#website\"},\"primaryImageOfPage\":{\"@id\":\"https:\/\/cdhhgo.org\/home\/identidad-institucional\/#primaryimage\"},\"image\":{\"@id\":\"https:\/\/cdhhgo.org\/home\/identidad-institucional\/#primaryimage\"},\"thumbnailUrl\":\"https:\/\/www.cdhhgo.org\/home\/wp-content\/uploads\/2025\/03\/Mision-700x1024.jpg\",\"datePublished\":\"2019-07-25T20:23:23+00:00\",\"dateModified\":\"2025-03-03T21:47:47+00:00\",\"breadcrumb\":{\"@id\":\"https:\/\/cdhhgo.org\/home\/identidad-institucional\/#breadcrumb\"},\"inLanguage\":\"es\",\"potentialAction\":[{\"@type\":\"ReadAction\",\"target\":[\"https:\/\/cdhhgo.org\/home\/identidad-institucional\/\"]}]},{\"@type\":\"ImageObject\",\"inLanguage\":\"es\",\"@id\":\"https:\/\/cdhhgo.org\/home\/identidad-institucional\/#primaryimage\",\"url\":\"https:\/\/www.cdhhgo.org\/home\/wp-content\/uploads\/2025\/03\/Mision-700x1024.jpg\",\"contentUrl\":\"https:\/\/www.cdhhgo.org\/home\/wp-content\/uploads\/2025\/03\/Mision-700x1024.jpg\"},{\"@type\":\"BreadcrumbList\",\"@id\":\"https:\/\/cdhhgo.org\/home\/identidad-institucional\/#breadcrumb\",\"itemListElement\":[{\"@type\":\"ListItem\",\"position\":1,\"name\":\"Inicio\",\"item\":\"https:\/\/cdhhgo.org\/home\/\"},{\"@type\":\"ListItem\",\"position\":2,\"name\":\"Identidad Institucional\"}]},{\"@type\":\"WebSite\",\"@id\":\"https:\/\/cdhhgo.org\/home\/#website\",\"url\":\"https:\/\/cdhhgo.org\/home\/\",\"name\":\"Comisi\u00f3n de Derechos Humanos del Estado de Hidalgo\",\"description\":\"comision de derechos humanos del estado de hidalgo\",\"publisher\":{\"@id\":\"https:\/\/cdhhgo.org\/home\/#organization\"},\"potentialAction\":[{\"@type\":\"SearchAction\",\"target\":{\"@type\":\"EntryPoint\",\"urlTemplate\":\"https:\/\/cdhhgo.org\/home\/?s={search_term_string}\"},\"query-input\":{\"@type\":\"PropertyValueSpecification\",\"valueRequired\":true,\"valueName\":\"search_term_string\"}}],\"inLanguage\":\"es\"},{\"@type\":\"Organization\",\"@id\":\"https:\/\/cdhhgo.org\/home\/#organization\",\"name\":\"Comisi\u00f3n de Derechos Humanos del Estado de Hidalgo\",\"url\":\"https:\/\/cdhhgo.org\/home\/\",\"logo\":{\"@type\":\"ImageObject\",\"inLanguage\":\"es\",\"@id\":\"https:\/\/cdhhgo.org\/home\/#\/schema\/logo\/image\/\",\"url\":\"https:\/\/cdhhgo.org\/home\/wp-content\/uploads\/2019\/02\/logo.jpg\",\"contentUrl\":\"https:\/\/cdhhgo.org\/home\/wp-content\/uploads\/2019\/02\/logo.jpg\",\"width\":3000,\"height\":2072,\"caption\":\"Comisi\u00f3n de Derechos Humanos del Estado de Hidalgo\"},\"image\":{\"@id\":\"https:\/\/cdhhgo.org\/home\/#\/schema\/logo\/image\/\"}}]}<\/script>\n<!-- \/ Yoast SEO plugin. -->","yoast_head_json":{"title":"Identidad Institucional - CDHEH","robots":{"index":"index","follow":"follow","max-snippet":"max-snippet:-1","max-image-preview":"max-image-preview:large","max-video-preview":"max-video-preview:-1"},"canonical":"https:\/\/cdhhgo.org\/home\/identidad-institucional\/","og_locale":"es_MX","og_type":"article","og_title":"Identidad Institucional - CDHEH","og_description":"Misi\u00f3n \u00a0 En un marco de actuar integral, desde un enfoque humanista y t\u00e9cnico, generar acciones afirmativas que tiendan a la defensa, observancia, promoci\u00f3n e [...]","og_url":"https:\/\/cdhhgo.org\/home\/identidad-institucional\/","og_site_name":"CDHEH","article_modified_time":"2025-03-03T21:47:47+00:00","og_image":[{"url":"https:\/\/www.cdhhgo.org\/home\/wp-content\/uploads\/2025\/03\/Mision-700x1024.jpg","type":"","width":"","height":""}],"twitter_card":"summary_large_image","twitter_misc":{"Tiempo de lectura":"2 minutos"},"schema":{"@context":"https:\/\/schema.org","@graph":[{"@type":"WebPage","@id":"https:\/\/cdhhgo.org\/home\/identidad-institucional\/","url":"https:\/\/cdhhgo.org\/home\/identidad-institucional\/","name":"Identidad Institucional - CDHEH","isPartOf":{"@id":"https:\/\/cdhhgo.org\/home\/#website"},"primaryImageOfPage":{"@id":"https:\/\/cdhhgo.org\/home\/identidad-institucional\/#primaryimage"},"image":{"@id":"https:\/\/cdhhgo.org\/home\/identidad-institucional\/#primaryimage"},"thumbnailUrl":"https:\/\/www.cdhhgo.org\/home\/wp-content\/uploads\/2025\/03\/Mision-700x1024.jpg","datePublished":"2019-07-25T20:23:23+00:00","dateModified":"2025-03-03T21:47:47+00:00","breadcrumb":{"@id":"https:\/\/cdhhgo.org\/home\/identidad-institucional\/#breadcrumb"},"inLanguage":"es","potentialAction":[{"@type":"ReadAction","target":["https:\/\/cdhhgo.org\/home\/identidad-institucional\/"]}]},{"@type":"ImageObject","inLanguage":"es","@id":"https:\/\/cdhhgo.org\/home\/identidad-institucional\/#primaryimage","url":"https:\/\/www.cdhhgo.org\/home\/wp-content\/uploads\/2025\/03\/Mision-700x1024.jpg","contentUrl":"https:\/\/www.cdhhgo.org\/home\/wp-content\/uploads\/2025\/03\/Mision-700x1024.jpg"},{"@type":"BreadcrumbList","@id":"https:\/\/cdhhgo.org\/home\/identidad-institucional\/#breadcrumb","itemListElement":[{"@type":"ListItem","position":1,"name":"Inicio","item":"https:\/\/cdhhgo.org\/home\/"},{"@type":"ListItem","position":2,"name":"Identidad Institucional"}]},{"@type":"WebSite","@id":"https:\/\/cdhhgo.org\/home\/#website","url":"https:\/\/cdhhgo.org\/home\/","name":"Comisi\u00f3n de Derechos Humanos del Estado de Hidalgo","description":"comision de derechos humanos del estado de hidalgo","publisher":{"@id":"https:\/\/cdhhgo.org\/home\/#organization"},"potentialAction":[{"@type":"SearchAction","target":{"@type":"EntryPoint","urlTemplate":"https:\/\/cdhhgo.org\/home\/?s={search_term_string}"},"query-input":{"@type":"PropertyValueSpecification","valueRequired":true,"valueName":"search_term_string"}}],"inLanguage":"es"},{"@type":"Organization","@id":"https:\/\/cdhhgo.org\/home\/#organization","name":"Comisi\u00f3n de Derechos Humanos del Estado de Hidalgo","url":"https:\/\/cdhhgo.org\/home\/","logo":{"@type":"ImageObject","inLanguage":"es","@id":"https:\/\/cdhhgo.org\/home\/#\/schema\/logo\/image\/","url":"https:\/\/cdhhgo.org\/home\/wp-content\/uploads\/2019\/02\/logo.jpg","contentUrl":"https:\/\/cdhhgo.org\/home\/wp-content\/uploads\/2019\/02\/logo.jpg","width":3000,"height":2072,"caption":"Comisi\u00f3n de Derechos Humanos del Estado de Hidalgo"},"image":{"@id":"https:\/\/cdhhgo.org\/home\/#\/schema\/logo\/image\/"}}]}},"_links":{"self":[{"href":"https:\/\/cdhhgo.org\/home\/wp-json\/wp\/v2\/pages\/361","targetHints":{"allow":["GET"]}}],"collection":[{"href":"https:\/\/cdhhgo.org\/home\/wp-json\/wp\/v2\/pages"}],"about":[{"href":"https:\/\/cdhhgo.org\/home\/wp-json\/wp\/v2\/types\/page"}],"author":[{"embeddable":true,"href":"https:\/\/cdhhgo.org\/home\/wp-json\/wp\/v2\/users\/1"}],"replies":[{"embeddable":true,"href":"https:\/\/cdhhgo.org\/home\/wp-json\/wp\/v2\/comments?post=361"}],"version-history":[{"count":15,"href":"https:\/\/cdhhgo.org\/home\/wp-json\/wp\/v2\/pages\/361\/revisions"}],"predecessor-version":[{"id":8279,"href":"https:\/\/cdhhgo.org\/home\/wp-json\/wp\/v2\/pages\/361\/revisions\/8279"}],"wp:attachment":[{"href":"https:\/\/cdhhgo.org\/home\/wp-json\/wp\/v2\/media?parent=361"}],"wp:term":[{"taxonomy":"wf_page_folders","embeddable":true,"href":"https:\/\/cdhhgo.org\/home\/wp-json\/wp\/v2\/wf_page_folders?post=361"}],"curies":[{"name":"wp","href":"https:\/\/api.w.org\/{rel}","templated":true}]}}