{"id":2956,"date":"2021-02-17T22:50:15","date_gmt":"2021-02-17T22:50:15","guid":{"rendered":"https:\/\/cdhhgo.org\/home\/?page_id=2956"},"modified":"2026-03-09T20:05:59","modified_gmt":"2026-03-09T20:05:59","slug":"manuales","status":"publish","type":"page","link":"https:\/\/cdhhgo.org\/home\/manuales\/","title":{"rendered":"Manuales"},"content":{"rendered":"\t\t<div data-elementor-type=\"wp-post\" data-elementor-id=\"2956\" class=\"elementor elementor-2956\">\n\t\t\t\t\t\t<section class=\"elementor-section elementor-top-section elementor-element elementor-element-8dc321b elementor-section-boxed elementor-section-height-default elementor-section-height-default\" data-id=\"8dc321b\" data-element_type=\"section\" data-e-type=\"section\">\n\t\t\t\t\t\t<div class=\"elementor-container elementor-column-gap-default\">\n\t\t\t\t\t<div class=\"elementor-column elementor-col-100 elementor-top-column elementor-element elementor-element-f7f07b6\" data-id=\"f7f07b6\" data-element_type=\"column\" data-e-type=\"column\">\n\t\t\t<div class=\"elementor-widget-wrap elementor-element-populated\">\n\t\t\t\t\t\t<div class=\"elementor-element elementor-element-6469f79 elementor-widget elementor-widget-spacer\" data-id=\"6469f79\" data-element_type=\"widget\" data-e-type=\"widget\" data-widget_type=\"spacer.default\">\n\t\t\t\t<div class=\"elementor-widget-container\">\n\t\t\t\t\t\t\t<div class=\"elementor-spacer\">\n\t\t\t<div class=\"elementor-spacer-inner\"><\/div>\n\t\t<\/div>\n\t\t\t\t\t\t<\/div>\n\t\t\t\t<\/div>\n\t\t\t\t\t<\/div>\n\t\t<\/div>\n\t\t\t\t\t<\/div>\n\t\t<\/section>\n\t\t\t\t<section class=\"elementor-section elementor-top-section elementor-element elementor-element-0ea685d elementor-section-boxed elementor-section-height-default elementor-section-height-default\" data-id=\"0ea685d\" data-element_type=\"section\" data-e-type=\"section\">\n\t\t\t\t\t\t<div class=\"elementor-container elementor-column-gap-default\">\n\t\t\t\t\t<div class=\"elementor-column elementor-col-100 elementor-top-column elementor-element elementor-element-b7b0fc2\" data-id=\"b7b0fc2\" data-element_type=\"column\" data-e-type=\"column\">\n\t\t\t<div class=\"elementor-widget-wrap elementor-element-populated\">\n\t\t\t\t\t\t<div class=\"elementor-element elementor-element-6a3a76f elementor-widget elementor-widget-heading\" data-id=\"6a3a76f\" data-element_type=\"widget\" data-e-type=\"widget\" data-widget_type=\"heading.default\">\n\t\t\t\t<div class=\"elementor-widget-container\">\n\t\t\t\t\t<h2 class=\"elementor-heading-title elementor-size-default\">MANUALES<\/h2>\t\t\t\t<\/div>\n\t\t\t\t<\/div>\n\t\t\t\t\t<\/div>\n\t\t<\/div>\n\t\t\t\t\t<\/div>\n\t\t<\/section>\n\t\t\t\t<section class=\"elementor-section elementor-top-section elementor-element elementor-element-2f8d832 elementor-section-boxed elementor-section-height-default elementor-section-height-default\" data-id=\"2f8d832\" data-element_type=\"section\" data-e-type=\"section\">\n\t\t\t\t\t\t<div class=\"elementor-container elementor-column-gap-default\">\n\t\t\t\t\t<div class=\"elementor-column elementor-col-100 elementor-top-column elementor-element elementor-element-bedaf6b\" data-id=\"bedaf6b\" data-element_type=\"column\" data-e-type=\"column\">\n\t\t\t<div class=\"elementor-widget-wrap elementor-element-populated\">\n\t\t\t\t\t\t<div class=\"elementor-element elementor-element-d41ba00 elementor-tabs-view-vertical elementor-widget elementor-widget-tabs\" data-id=\"d41ba00\" data-element_type=\"widget\" data-e-type=\"widget\" data-widget_type=\"tabs.default\">\n\t\t\t\t<div class=\"elementor-widget-container\">\n\t\t\t\t\t\t\t<div class=\"elementor-tabs\">\n\t\t\t<div class=\"elementor-tabs-wrapper\" role=\"tablist\" >\n\t\t\t\t\t\t\t\t\t<div id=\"elementor-tab-title-2221\" class=\"elementor-tab-title elementor-tab-desktop-title\" aria-selected=\"true\" data-tab=\"1\" role=\"tab\" tabindex=\"0\" aria-controls=\"elementor-tab-content-2221\" aria-expanded=\"false\">2021<\/div>\n\t\t\t\t\t\t\t\t\t<div id=\"elementor-tab-title-2222\" class=\"elementor-tab-title elementor-tab-desktop-title\" aria-selected=\"false\" data-tab=\"2\" role=\"tab\" tabindex=\"-1\" aria-controls=\"elementor-tab-content-2222\" aria-expanded=\"false\">2020<\/div>\n\t\t\t\t\t\t\t\t\t<div id=\"elementor-tab-title-2223\" class=\"elementor-tab-title elementor-tab-desktop-title\" aria-selected=\"false\" data-tab=\"3\" role=\"tab\" tabindex=\"-1\" aria-controls=\"elementor-tab-content-2223\" aria-expanded=\"false\">2022<\/div>\n\t\t\t\t\t\t\t\t\t<div id=\"elementor-tab-title-2224\" class=\"elementor-tab-title elementor-tab-desktop-title\" aria-selected=\"false\" data-tab=\"4\" role=\"tab\" tabindex=\"-1\" aria-controls=\"elementor-tab-content-2224\" aria-expanded=\"false\">2023<\/div>\n\t\t\t\t\t\t\t\t\t<div id=\"elementor-tab-title-2225\" class=\"elementor-tab-title elementor-tab-desktop-title\" aria-selected=\"false\" data-tab=\"5\" role=\"tab\" tabindex=\"-1\" aria-controls=\"elementor-tab-content-2225\" aria-expanded=\"false\">2024<\/div>\n\t\t\t\t\t\t\t\t\t<div id=\"elementor-tab-title-2226\" class=\"elementor-tab-title elementor-tab-desktop-title\" aria-selected=\"false\" data-tab=\"6\" role=\"tab\" tabindex=\"-1\" aria-controls=\"elementor-tab-content-2226\" aria-expanded=\"false\">2025<\/div>\n\t\t\t\t\t\t\t<\/div>\n\t\t\t<div class=\"elementor-tabs-content-wrapper\" role=\"tablist\" aria-orientation=\"vertical\">\n\t\t\t\t\t\t\t\t\t<div class=\"elementor-tab-title elementor-tab-mobile-title\" aria-selected=\"true\" data-tab=\"1\" role=\"tab\" tabindex=\"0\" aria-controls=\"elementor-tab-content-2221\" aria-expanded=\"false\">2021<\/div>\n\t\t\t\t\t<div id=\"elementor-tab-content-2221\" class=\"elementor-tab-content elementor-clearfix\" data-tab=\"1\" role=\"tabpanel\" aria-labelledby=\"elementor-tab-title-2221\" tabindex=\"0\" hidden=\"false\"><p><a href=\"https:\/\/cdhhgo.org\/home\/images\/pdf\/transparencia\/Manuales\/MANUAL DEL GASTO DE OPERACI\u00d3N Y DISPOSICIONES DE AUSTERIDAD RACIONALIDAD Y DISCIPLINA PRESUPUESTAL 2021.pdf\" target=\"_blank\" rel=\"noopener\" data-wplink-url-error=\"true\" data-wplink-edit=\"true\">MANUAL DEL GASTO DE OPERACI\u00d3N Y DISPOSICIONES DE AUSTERIDAD, RACIONALIDAD Y DISCIPLINA PRESUPUESTAL<\/a><\/p><p><a href=\"https:\/\/cdhhgo.org\/home\/images\/pdf\/transparencia\/Manuales\/MANUAL QUE REGULA LAS PERCEPCIONES DE LAS Y LOS SERVIDORES P\u00daBLICOS DE LA CDHEH 2021.pdf\" target=\"_blank\" rel=\"noopener\" data-wplink-url-error=\"true\">MANUAL QUE REGULA LAS PERCEPCIONES DE LAS Y LOS SERVIDORES P\u00daBLICOS DE LA CDHEH<\/a><\/p><p><a href=\"https:\/\/cdhhgo.org\/home\/images\/pdf\/transparencia\/Manuales\/TABULADOR 2021.pdf\" target=\"_blank\" rel=\"noopener\" data-wplink-url-error=\"true\">TABULADOR Y REMUNERACIONES.<\/a><\/p><\/div>\n\t\t\t\t\t\t\t\t\t<div class=\"elementor-tab-title elementor-tab-mobile-title\" aria-selected=\"false\" data-tab=\"2\" role=\"tab\" tabindex=\"-1\" aria-controls=\"elementor-tab-content-2222\" aria-expanded=\"false\">2020<\/div>\n\t\t\t\t\t<div id=\"elementor-tab-content-2222\" class=\"elementor-tab-content elementor-clearfix\" data-tab=\"2\" role=\"tabpanel\" aria-labelledby=\"elementor-tab-title-2222\" tabindex=\"0\" hidden=\"hidden\"><p><a href=\"https:\/\/cdhhgo.org\/home\/images\/pdf\/transparencia\/Manuales\/MANUAL QUE REGULA LAS PERCEPCIONES DE LAS Y LOS TRABAJADORES DE LA CDHEH 2020.pdf\" target=\"_blank\" rel=\"noopener\" data-wplink-url-error=\"true\">MANUAL QUE REGULA LAS PERCEPCIONES DE LAS Y LOS TRABAJADORES DE LA CDHEH.<\/a><\/p><p><a href=\"https:\/\/cdhhgo.org\/home\/images\/pdf\/transparencia\/Manuales\/TABULADOR Y REMUNERACIONES 2020.pdf\" target=\"_blank\" rel=\"noopener\" data-wplink-url-error=\"true\">TABULADOR Y REMUNERACIONES.<\/a><\/p><\/div>\n\t\t\t\t\t\t\t\t\t<div class=\"elementor-tab-title elementor-tab-mobile-title\" aria-selected=\"false\" data-tab=\"3\" role=\"tab\" tabindex=\"-1\" aria-controls=\"elementor-tab-content-2223\" aria-expanded=\"false\">2022<\/div>\n\t\t\t\t\t<div id=\"elementor-tab-content-2223\" class=\"elementor-tab-content elementor-clearfix\" data-tab=\"3\" role=\"tabpanel\" aria-labelledby=\"elementor-tab-title-2223\" tabindex=\"0\" hidden=\"hidden\"><p><a href=\"https:\/\/cdhhgo.org\/home\/images\/pdf\/transparencia\/Manuales\/MANUAL DEL GASTO DE OPERACI\u00d3N Y DISPOSICIONES DE AUSTERIDAD, RACIONALIDAD Y DISIPLINA PRESUPUESTAL 2022.pdf\" target=\"_blank\" rel=\"noopener\">MANUAL DEL GASTO DE OPERACI\u00d3N Y DISPOSICIONES DE AUSTERIDAD, RACIONALIDAD Y DISIPLINA PRESUPUESTAL (PRIMER SEMESTRE)<\/a><\/p><p><a href=\"https:\/\/cdhhgo.org\/home\/images\/pdf\/transparencia\/Manuales\/MANUAL_GASTO_OPERACION_DISPOSICIONES_AUSTERIDAD_RACIONALIDAD_DISCIPLINA_2DO_TRIM.pdf\" target=\"_blank\" rel=\"noopener\">MANUAL DEL GASTO DE OPERACI\u00d3N Y DISPOSICIONES DE AUSTERIDAD, RACIONALIDAD Y DISIPLINA PRESUPUESTAL (SEGUNDO SEMESTRE)<\/a><\/p><p><a href=\"https:\/\/cdhhgo.org\/home\/wp-content\/uploads\/2022\/05\/TABULADOR-Y-REMUNERACIONES.pdf\" target=\"_blank\" rel=\"noopener\">TABULADOR Y REMUNERACIONES<\/a><\/p><\/div>\n\t\t\t\t\t\t\t\t\t<div class=\"elementor-tab-title elementor-tab-mobile-title\" aria-selected=\"false\" data-tab=\"4\" role=\"tab\" tabindex=\"-1\" aria-controls=\"elementor-tab-content-2224\" aria-expanded=\"false\">2023<\/div>\n\t\t\t\t\t<div id=\"elementor-tab-content-2224\" class=\"elementor-tab-content elementor-clearfix\" data-tab=\"4\" role=\"tabpanel\" aria-labelledby=\"elementor-tab-title-2224\" tabindex=\"0\" hidden=\"hidden\"><p><a href=\"https:\/\/cdhhgo.org\/home\/images\/pdf\/transparencia\/Manuales\/2023\/1_MANUAL_GASTO_OPERACION_DARDP_2023.pdf\" target=\"_blank\" rel=\"noopener\">MANUAL DEL GASTO DE OPERACI\u00d3N Y DISPOSICIONES DE AUSTERIDAD, RACIONALIDAD Y DISCIPLINA PRESUPUESTAL<\/a><\/p><p><a href=\"https:\/\/cdhhgo.org\/home\/images\/pdf\/transparencia\/Manuales\/2023\/2_TABULADOR_Y_MANUAL_PERCEPCIONES_Y_REMUNERACIONES_2023.pdf\" target=\"_blank\" rel=\"noopener\">TABULADOR Y MANUAL DE PERCEPCIONES Y REMUNERACIONES<\/a><\/p><p><a href=\"https:\/\/cdhhgo.org\/home\/images\/pdf\/transparencia\/Manuales\/2023\/3_MANUAL_ORGANIZACION .pdf\" target=\"_blank\" rel=\"noopener\">MANUAL DE ORGANIZACI\u00d3N<\/a><\/p><p><a href=\"https:\/\/cdhhgo.org\/home\/wp-content\/uploads\/2023\/06\/Comite_Etica_Protocolo_Intervencion_Hostigamiento.pdf\" target=\"_blank\" rel=\"nofollow noopener\">PROTOCOLO PARA LA INTERVENCI\u00d3N, ATENCI\u00d3N Y SANCI\u00d3N DEL HOSTIGAMIENTO Y ACOSO SEXUAL<\/a><\/p><\/div>\n\t\t\t\t\t\t\t\t\t<div class=\"elementor-tab-title elementor-tab-mobile-title\" aria-selected=\"false\" data-tab=\"5\" role=\"tab\" tabindex=\"-1\" aria-controls=\"elementor-tab-content-2225\" aria-expanded=\"false\">2024<\/div>\n\t\t\t\t\t<div id=\"elementor-tab-content-2225\" class=\"elementor-tab-content elementor-clearfix\" data-tab=\"5\" role=\"tabpanel\" aria-labelledby=\"elementor-tab-title-2225\" tabindex=\"0\" hidden=\"hidden\"><p><a href=\"https:\/\/cdhhgo.org\/home\/images\/pdf\/transparencia\/Manuales\/2024\/1_MANUAL_GASTO_OPERACION_DARDP_2024.pdf\" target=\"_blank\" rel=\"noopener\">MANUAL DEL GASTO DE OPERACI\u00d3N<\/a>.<\/p><p><a href=\"https:\/\/cdhhgo.org\/home\/images\/pdf\/transparencia\/Manuales\/2024\/MANUAL_DE_PERCEPCIONES_2024.pdf\" target=\"_blank\" rel=\"noopener\">MANUAL DE PERCEPCIONES Y REMUNERACIONES<\/a><\/p><\/div>\n\t\t\t\t\t\t\t\t\t<div class=\"elementor-tab-title elementor-tab-mobile-title\" aria-selected=\"false\" data-tab=\"6\" role=\"tab\" tabindex=\"-1\" aria-controls=\"elementor-tab-content-2226\" aria-expanded=\"false\">2025<\/div>\n\t\t\t\t\t<div id=\"elementor-tab-content-2226\" class=\"elementor-tab-content elementor-clearfix\" data-tab=\"6\" role=\"tabpanel\" aria-labelledby=\"elementor-tab-title-2226\" tabindex=\"0\" hidden=\"hidden\"><p><a href=\"https:\/\/cdhhgo.org\/home\/images\/pdf\/transparencia\/Manuales\/2025\/Manual_percepciones_2025.pdf\" target=\"_blank\" rel=\"noopener\">MANUAL DE PERCEPCIONES Y REMUNERACIONES<\/a><\/p><\/div>\n\t\t\t\t\t\t\t<\/div>\n\t\t<\/div>\n\t\t\t\t\t\t<\/div>\n\t\t\t\t<\/div>\n\t\t\t\t\t<\/div>\n\t\t<\/div>\n\t\t\t\t\t<\/div>\n\t\t<\/section>\n\t\t\t\t<\/div>\n\t\t","protected":false},"excerpt":{"rendered":"<div class=\"mh-excerpt\"><p>MANUALES 2021 2020 2022 2023 2024 2025 2021 MANUAL DEL GASTO DE OPERACI\u00d3N Y DISPOSICIONES DE AUSTERIDAD, RACIONALIDAD Y DISCIPLINA PRESUPUESTAL MANUAL QUE REGULA LAS <a class=\"mh-excerpt-more\" href=\"https:\/\/cdhhgo.org\/home\/manuales\/\" title=\"Manuales\">[&#8230;]<\/a><\/p>\n<\/div>","protected":false},"author":2,"featured_media":0,"parent":0,"menu_order":0,"comment_status":"closed","ping_status":"closed","template":"elementor_header_footer","meta":{"_monsterinsights_skip_tracking":false,"_monsterinsights_sitenote_active":false,"_monsterinsights_sitenote_note":"","_monsterinsights_sitenote_category":0,"footnotes":""},"wf_page_folders":[17],"class_list":["post-2956","page","type-page","status-publish","hentry"],"aioseo_notices":[],"yoast_head":"<!-- This site is optimized with the Yoast SEO plugin v27.0 - https:\/\/yoast.com\/product\/yoast-seo-wordpress\/ -->\n<title>Manuales - CDHEH<\/title>\n<meta name=\"robots\" content=\"index, follow, max-snippet:-1, max-image-preview:large, max-video-preview:-1\" \/>\n<link rel=\"canonical\" href=\"https:\/\/cdhhgo.org\/home\/manuales\/\" \/>\n<meta property=\"og:locale\" content=\"es_MX\" \/>\n<meta property=\"og:type\" content=\"article\" \/>\n<meta property=\"og:title\" content=\"Manuales - CDHEH\" \/>\n<meta property=\"og:description\" content=\"MANUALES 2021 2020 2022 2023 2024 2025 2021 MANUAL DEL GASTO DE OPERACI\u00d3N Y DISPOSICIONES DE AUSTERIDAD, RACIONALIDAD Y DISCIPLINA PRESUPUESTAL MANUAL QUE REGULA LAS [...]\" \/>\n<meta property=\"og:url\" content=\"https:\/\/cdhhgo.org\/home\/manuales\/\" \/>\n<meta property=\"og:site_name\" content=\"CDHEH\" \/>\n<meta property=\"article:modified_time\" content=\"2026-03-09T20:05:59+00:00\" \/>\n<meta name=\"twitter:card\" content=\"summary_large_image\" \/>\n<meta name=\"twitter:label1\" content=\"Tiempo de lectura\" \/>\n\t<meta name=\"twitter:data1\" content=\"1 minuto\" \/>\n<script type=\"application\/ld+json\" class=\"yoast-schema-graph\">{\"@context\":\"https:\/\/schema.org\",\"@graph\":[{\"@type\":\"WebPage\",\"@id\":\"https:\/\/cdhhgo.org\/home\/manuales\/\",\"url\":\"https:\/\/cdhhgo.org\/home\/manuales\/\",\"name\":\"Manuales - CDHEH\",\"isPartOf\":{\"@id\":\"https:\/\/cdhhgo.org\/home\/#website\"},\"datePublished\":\"2021-02-17T22:50:15+00:00\",\"dateModified\":\"2026-03-09T20:05:59+00:00\",\"breadcrumb\":{\"@id\":\"https:\/\/cdhhgo.org\/home\/manuales\/#breadcrumb\"},\"inLanguage\":\"es\",\"potentialAction\":[{\"@type\":\"ReadAction\",\"target\":[\"https:\/\/cdhhgo.org\/home\/manuales\/\"]}]},{\"@type\":\"BreadcrumbList\",\"@id\":\"https:\/\/cdhhgo.org\/home\/manuales\/#breadcrumb\",\"itemListElement\":[{\"@type\":\"ListItem\",\"position\":1,\"name\":\"Inicio\",\"item\":\"https:\/\/cdhhgo.org\/home\/\"},{\"@type\":\"ListItem\",\"position\":2,\"name\":\"Manuales\"}]},{\"@type\":\"WebSite\",\"@id\":\"https:\/\/cdhhgo.org\/home\/#website\",\"url\":\"https:\/\/cdhhgo.org\/home\/\",\"name\":\"Comisi\u00f3n de Derechos Humanos del Estado de Hidalgo\",\"description\":\"comision de derechos humanos del estado de hidalgo\",\"publisher\":{\"@id\":\"https:\/\/cdhhgo.org\/home\/#organization\"},\"potentialAction\":[{\"@type\":\"SearchAction\",\"target\":{\"@type\":\"EntryPoint\",\"urlTemplate\":\"https:\/\/cdhhgo.org\/home\/?s={search_term_string}\"},\"query-input\":{\"@type\":\"PropertyValueSpecification\",\"valueRequired\":true,\"valueName\":\"search_term_string\"}}],\"inLanguage\":\"es\"},{\"@type\":\"Organization\",\"@id\":\"https:\/\/cdhhgo.org\/home\/#organization\",\"name\":\"Comisi\u00f3n de Derechos Humanos del Estado de Hidalgo\",\"url\":\"https:\/\/cdhhgo.org\/home\/\",\"logo\":{\"@type\":\"ImageObject\",\"inLanguage\":\"es\",\"@id\":\"https:\/\/cdhhgo.org\/home\/#\/schema\/logo\/image\/\",\"url\":\"https:\/\/cdhhgo.org\/home\/wp-content\/uploads\/2019\/02\/logo.jpg\",\"contentUrl\":\"https:\/\/cdhhgo.org\/home\/wp-content\/uploads\/2019\/02\/logo.jpg\",\"width\":3000,\"height\":2072,\"caption\":\"Comisi\u00f3n de Derechos Humanos del Estado de Hidalgo\"},\"image\":{\"@id\":\"https:\/\/cdhhgo.org\/home\/#\/schema\/logo\/image\/\"}}]}<\/script>\n<!-- \/ Yoast SEO plugin. -->","yoast_head_json":{"title":"Manuales - CDHEH","robots":{"index":"index","follow":"follow","max-snippet":"max-snippet:-1","max-image-preview":"max-image-preview:large","max-video-preview":"max-video-preview:-1"},"canonical":"https:\/\/cdhhgo.org\/home\/manuales\/","og_locale":"es_MX","og_type":"article","og_title":"Manuales - CDHEH","og_description":"MANUALES 2021 2020 2022 2023 2024 2025 2021 MANUAL DEL GASTO DE OPERACI\u00d3N Y DISPOSICIONES DE AUSTERIDAD, RACIONALIDAD Y DISCIPLINA PRESUPUESTAL MANUAL QUE REGULA LAS [...]","og_url":"https:\/\/cdhhgo.org\/home\/manuales\/","og_site_name":"CDHEH","article_modified_time":"2026-03-09T20:05:59+00:00","twitter_card":"summary_large_image","twitter_misc":{"Tiempo de lectura":"1 minuto"},"schema":{"@context":"https:\/\/schema.org","@graph":[{"@type":"WebPage","@id":"https:\/\/cdhhgo.org\/home\/manuales\/","url":"https:\/\/cdhhgo.org\/home\/manuales\/","name":"Manuales - CDHEH","isPartOf":{"@id":"https:\/\/cdhhgo.org\/home\/#website"},"datePublished":"2021-02-17T22:50:15+00:00","dateModified":"2026-03-09T20:05:59+00:00","breadcrumb":{"@id":"https:\/\/cdhhgo.org\/home\/manuales\/#breadcrumb"},"inLanguage":"es","potentialAction":[{"@type":"ReadAction","target":["https:\/\/cdhhgo.org\/home\/manuales\/"]}]},{"@type":"BreadcrumbList","@id":"https:\/\/cdhhgo.org\/home\/manuales\/#breadcrumb","itemListElement":[{"@type":"ListItem","position":1,"name":"Inicio","item":"https:\/\/cdhhgo.org\/home\/"},{"@type":"ListItem","position":2,"name":"Manuales"}]},{"@type":"WebSite","@id":"https:\/\/cdhhgo.org\/home\/#website","url":"https:\/\/cdhhgo.org\/home\/","name":"Comisi\u00f3n de Derechos Humanos del Estado de Hidalgo","description":"comision de derechos humanos del estado de hidalgo","publisher":{"@id":"https:\/\/cdhhgo.org\/home\/#organization"},"potentialAction":[{"@type":"SearchAction","target":{"@type":"EntryPoint","urlTemplate":"https:\/\/cdhhgo.org\/home\/?s={search_term_string}"},"query-input":{"@type":"PropertyValueSpecification","valueRequired":true,"valueName":"search_term_string"}}],"inLanguage":"es"},{"@type":"Organization","@id":"https:\/\/cdhhgo.org\/home\/#organization","name":"Comisi\u00f3n de Derechos Humanos del Estado de Hidalgo","url":"https:\/\/cdhhgo.org\/home\/","logo":{"@type":"ImageObject","inLanguage":"es","@id":"https:\/\/cdhhgo.org\/home\/#\/schema\/logo\/image\/","url":"https:\/\/cdhhgo.org\/home\/wp-content\/uploads\/2019\/02\/logo.jpg","contentUrl":"https:\/\/cdhhgo.org\/home\/wp-content\/uploads\/2019\/02\/logo.jpg","width":3000,"height":2072,"caption":"Comisi\u00f3n de Derechos Humanos del Estado de Hidalgo"},"image":{"@id":"https:\/\/cdhhgo.org\/home\/#\/schema\/logo\/image\/"}}]}},"_links":{"self":[{"href":"https:\/\/cdhhgo.org\/home\/wp-json\/wp\/v2\/pages\/2956","targetHints":{"allow":["GET"]}}],"collection":[{"href":"https:\/\/cdhhgo.org\/home\/wp-json\/wp\/v2\/pages"}],"about":[{"href":"https:\/\/cdhhgo.org\/home\/wp-json\/wp\/v2\/types\/page"}],"author":[{"embeddable":true,"href":"https:\/\/cdhhgo.org\/home\/wp-json\/wp\/v2\/users\/2"}],"replies":[{"embeddable":true,"href":"https:\/\/cdhhgo.org\/home\/wp-json\/wp\/v2\/comments?post=2956"}],"version-history":[{"count":57,"href":"https:\/\/cdhhgo.org\/home\/wp-json\/wp\/v2\/pages\/2956\/revisions"}],"predecessor-version":[{"id":9207,"href":"https:\/\/cdhhgo.org\/home\/wp-json\/wp\/v2\/pages\/2956\/revisions\/9207"}],"wp:attachment":[{"href":"https:\/\/cdhhgo.org\/home\/wp-json\/wp\/v2\/media?parent=2956"}],"wp:term":[{"taxonomy":"wf_page_folders","embeddable":true,"href":"https:\/\/cdhhgo.org\/home\/wp-json\/wp\/v2\/wf_page_folders?post=2956"}],"curies":[{"name":"wp","href":"https:\/\/api.w.org\/{rel}","templated":true}]}}