{"id":2003,"date":"2019-11-13T22:30:06","date_gmt":"2019-11-13T22:30:06","guid":{"rendered":"https:\/\/cdhhgo.org\/home\/?page_id=2003"},"modified":"2019-11-15T18:18:04","modified_gmt":"2019-11-15T18:18:04","slug":"tarifas-autorizadas","status":"publish","type":"page","link":"https:\/\/cdhhgo.org\/home\/tarifas-autorizadas\/","title":{"rendered":"Tarifas autorizadas"},"content":{"rendered":"\t\t<div data-elementor-type=\"wp-post\" data-elementor-id=\"2003\" class=\"elementor elementor-2003 elementor-bc-flex-widget\">\n\t\t\t\t\t\t<section class=\"elementor-section elementor-top-section elementor-element elementor-element-a6d5727 elementor-section-boxed elementor-section-height-default elementor-section-height-default\" data-id=\"a6d5727\" data-element_type=\"section\" data-e-type=\"section\">\n\t\t\t\t\t\t<div class=\"elementor-container elementor-column-gap-default\">\n\t\t\t\t\t<div class=\"elementor-column elementor-col-100 elementor-top-column elementor-element elementor-element-d7c4c55\" data-id=\"d7c4c55\" data-element_type=\"column\" data-e-type=\"column\">\n\t\t\t<div class=\"elementor-widget-wrap elementor-element-populated\">\n\t\t\t\t\t\t<div class=\"elementor-element elementor-element-73d1a6c elementor-widget elementor-widget-heading\" data-id=\"73d1a6c\" data-element_type=\"widget\" data-e-type=\"widget\" data-widget_type=\"heading.default\">\n\t\t\t\t<div class=\"elementor-widget-container\">\n\t\t\t\t\t<h2 class=\"elementor-heading-title elementor-size-default\">Tarifas Autorizadas<\/h2>\t\t\t\t<\/div>\n\t\t\t\t<\/div>\n\t\t\t\t\t<\/div>\n\t\t<\/div>\n\t\t\t\t\t<\/div>\n\t\t<\/section>\n\t\t\t\t<section class=\"elementor-section elementor-top-section elementor-element elementor-element-bd97eb7 elementor-section-boxed elementor-section-height-default elementor-section-height-default\" data-id=\"bd97eb7\" data-element_type=\"section\" data-e-type=\"section\">\n\t\t\t\t\t\t<div class=\"elementor-container elementor-column-gap-default\">\n\t\t\t\t\t<div class=\"elementor-column elementor-col-100 elementor-top-column elementor-element elementor-element-0b75f33\" data-id=\"0b75f33\" data-element_type=\"column\" data-e-type=\"column\">\n\t\t\t<div class=\"elementor-widget-wrap elementor-element-populated\">\n\t\t\t\t\t\t<div class=\"elementor-element elementor-element-9f01ccc elementor-widget elementor-widget-spacer\" data-id=\"9f01ccc\" data-element_type=\"widget\" data-e-type=\"widget\" data-widget_type=\"spacer.default\">\n\t\t\t\t<div class=\"elementor-widget-container\">\n\t\t\t\t\t\t\t<div class=\"elementor-spacer\">\n\t\t\t<div class=\"elementor-spacer-inner\"><\/div>\n\t\t<\/div>\n\t\t\t\t\t\t<\/div>\n\t\t\t\t<\/div>\n\t\t\t\t\t<\/div>\n\t\t<\/div>\n\t\t\t\t\t<\/div>\n\t\t<\/section>\n\t\t\t\t<section class=\"elementor-section elementor-top-section elementor-element elementor-element-4e9c0a9 elementor-section-boxed elementor-section-height-default elementor-section-height-default\" data-id=\"4e9c0a9\" data-element_type=\"section\" data-e-type=\"section\">\n\t\t\t\t\t\t<div class=\"elementor-container elementor-column-gap-default\">\n\t\t\t\t\t<div class=\"elementor-column elementor-col-100 elementor-top-column elementor-element elementor-element-26987fb\" data-id=\"26987fb\" data-element_type=\"column\" data-e-type=\"column\">\n\t\t\t<div class=\"elementor-widget-wrap elementor-element-populated\">\n\t\t\t\t\t\t<div class=\"elementor-element elementor-element-08068a0 elementor-widget elementor-widget-text-editor\" data-id=\"08068a0\" data-element_type=\"widget\" data-e-type=\"widget\" data-widget_type=\"text-editor.default\">\n\t\t\t\t<div class=\"elementor-widget-container\">\n\t\t\t\t\t\t\t\t\t<p>En caso de existir costos para obtener la informaci\u00f3n, deber\u00e1n cubrirse de manera previa a la entrega.<\/p><p>\u00a0<\/p><p>Las cuotas de los derechos aplicables deber\u00e1n establecerse en la Ley Estatal de Derechos, los cuales se publicar\u00e1n en los sitios de Internet de los sujetos obligados.<\/p><p>\u00a0<\/p><p><strong>Ley Estatal de Derechos, determina los siguientes costos:<\/strong><\/p><p>\u00a0<\/p><table width=\"818\"><tbody><tr><td width=\"630\"><p>I.- Copia simple, por cada foja<\/p><\/td><td width=\"172\"><p>0.013 UMAs;<\/p><\/td><\/tr><tr><td width=\"630\"><p>II.- Copias certificadas, trat\u00e1ndose de resoluciones o documentos consistentes en una sola foja, o bien, cuando se trate de expedientes y otros documentos consistentes en m\u00e1s de una foja, por la primera foja y hasta 5 fojas<\/p><\/td><td width=\"172\"><p>1.3 UMAs;<\/p><\/td><\/tr><tr><td width=\"630\"><p>III.- Copia certificada de documentos o resoluciones que consten de m\u00e1s de 5 fojas, adem\u00e1s de la cantidad a que se refiere la fracci\u00f3n II inmediata anterior, se pagar\u00e1 por cada foja adicional:<\/p><\/td><td width=\"172\"><p>0.26 UMAs;<\/p><\/td><\/tr><tr><td width=\"630\"><p>IV.- Impresi\u00f3n o copia simple de planos 90 x 60, por plano<\/p><\/td><td width=\"172\"><p>0.78 UMAs;<\/p><\/td><\/tr><tr><td width=\"630\"><p>Certificaci\u00f3n de impresi\u00f3n o copia de planos 90 x 60, por plano<\/p><\/td><td width=\"172\"><p>1.56 UMAs;<\/p><\/td><\/tr><\/tbody><\/table><p>\u00a0<\/p><p><strong>VI.-<\/strong>Cuando la Dependencia o Entidad se encuentre en condiciones de otorgar los documentos solicitados en versiones digitales, el Estado percibir\u00e1 lo siguiente:<\/p><p>\u00a0<\/p><table width=\"522\"><tbody><tr><td width=\"273\"><p>a) Por cada foja digitalizada<\/p><\/td><td width=\"233\"><p>0.013 UMAs;<\/p><\/td><\/tr><tr><td width=\"273\"><p>b) Por cada plano digitalizado<\/p><\/td><td width=\"233\"><p>0.013 UMAs;<\/p><\/td><\/tr><tr><td width=\"273\"><p>c) Por cada archivo inform\u00e1tico<\/p><\/td><td width=\"233\"><p>0.013 UMAs<\/p><\/td><\/tr><\/tbody><\/table><p>\u00a0<\/p><p><strong>Por cada disco \u00f3ptico que se utilice para entregar los documentos a que se refieren las fracciones I <\/strong><\/p><p>\u00a0<\/p><p><strong>a III.- <\/strong>inmediatas anteriores\u2026\u2026\u2026\u2026\u2026\u2026\u2026\u2026\u2026\u2026\u2026\u2026..\u2026\u2026\u2026\u2026\u2026\u2026\u2026\u2026\u20260.19 UMAs.<br \/><br \/><\/p><p>Los titulares de los tr\u00e1mites y servicios, as\u00ed como los responsables del resguardo de informaci\u00f3n electr\u00f3nica en las dependencias y entidades de la administraci\u00f3n p\u00fablica podr\u00e1n recibir medios o dispositivos de almacenamiento de los ciudadanos con el objeto de entregar la informaci\u00f3n a que se refieren las fracciones I a IV inmediatas anteriores, siempre que las \u00e1reas responsables de los sistemas inform\u00e1ticos de la dependencia o entidad de que se trate revisen el medio de almacenamiento de que se trate, otorguen su visto bueno y se cuente con autorizaci\u00f3n por escrito del Titular de la Dependencia o Entidad de que se trate.<\/p><p>\u00a0<\/p><p>Asimismo, trat\u00e1ndose de archivos con dimensiones inferiores a los 10 megabytes, el ciudadano podr\u00e1 solicitar el env\u00edo de la informaci\u00f3n a la cuenta de correo electr\u00f3nico que para tales efectos proporcione en el formato o escrito de solicitud respectivo.<\/p><p>\u00a0<\/p><p>Los sujetos obligados a los que no les sea aplicable la Ley Estatal de Derechos deber\u00e1n establecer cuotas que no deber\u00e1n ser mayores a las dispuestas en dicha Ley.<\/p><p>\u00a0<\/p><p>La informaci\u00f3n deber\u00e1 ser entregada sin costo, cuando implique la entrega de no m\u00e1s de veinte hojas simples.<\/p><p>\u00a0<\/p><p>La Unidad de Transparencia, podr\u00e1 exceptuar el pago de reproducci\u00f3n y env\u00edo, atendiendo a las circunstancias socioecon\u00f3micas del solicitante.<\/p><p>\u00a0<\/p><p>En el supuesto de que los solicitantes requieran el env\u00edo de la informaci\u00f3n por correo certificado, mensajer\u00eda local o for\u00e1nea, la contrataci\u00f3n de dichos servicios y el costo de los mismo, deber\u00e1n ser contratados por el solicitante, con el prestador del servicio que m\u00e1s convenga a sus intereses, debiendo informar a la Unidad de Transparencia, los datos suficientes para poder realizar el env\u00edo.<\/p>\t\t\t\t\t\t\t\t<\/div>\n\t\t\t\t<\/div>\n\t\t\t\t\t<\/div>\n\t\t<\/div>\n\t\t\t\t\t<\/div>\n\t\t<\/section>\n\t\t\t\t<\/div>\n\t\t","protected":false},"excerpt":{"rendered":"<div class=\"mh-excerpt\"><p>Tarifas Autorizadas En caso de existir costos para obtener la informaci\u00f3n, deber\u00e1n cubrirse de manera previa a la entrega. Las cuotas de los derechos aplicables <a class=\"mh-excerpt-more\" href=\"https:\/\/cdhhgo.org\/home\/tarifas-autorizadas\/\" title=\"Tarifas autorizadas\">[&#8230;]<\/a><\/p>\n<\/div>","protected":false},"author":2,"featured_media":0,"parent":0,"menu_order":0,"comment_status":"closed","ping_status":"closed","template":"elementor_header_footer","meta":{"_monsterinsights_skip_tracking":false,"_monsterinsights_sitenote_active":false,"_monsterinsights_sitenote_note":"","_monsterinsights_sitenote_category":0,"footnotes":""},"wf_page_folders":[17],"class_list":["post-2003","page","type-page","status-publish","hentry"],"aioseo_notices":[],"yoast_head":"<!-- This site is optimized with the Yoast SEO plugin v27.0 - https:\/\/yoast.com\/product\/yoast-seo-wordpress\/ -->\n<title>Tarifas autorizadas - CDHEH<\/title>\n<meta name=\"robots\" content=\"index, follow, max-snippet:-1, max-image-preview:large, max-video-preview:-1\" \/>\n<link rel=\"canonical\" href=\"https:\/\/cdhhgo.org\/home\/tarifas-autorizadas\/\" \/>\n<meta property=\"og:locale\" content=\"es_MX\" \/>\n<meta property=\"og:type\" content=\"article\" \/>\n<meta property=\"og:title\" content=\"Tarifas autorizadas - CDHEH\" \/>\n<meta property=\"og:description\" content=\"Tarifas Autorizadas En caso de existir costos para obtener la informaci\u00f3n, deber\u00e1n cubrirse de manera previa a la entrega. Las cuotas de los derechos aplicables [...]\" \/>\n<meta property=\"og:url\" content=\"https:\/\/cdhhgo.org\/home\/tarifas-autorizadas\/\" \/>\n<meta property=\"og:site_name\" content=\"CDHEH\" \/>\n<meta property=\"article:modified_time\" content=\"2019-11-15T18:18:04+00:00\" \/>\n<meta name=\"twitter:card\" content=\"summary_large_image\" \/>\n<meta name=\"twitter:label1\" content=\"Tiempo de lectura\" \/>\n\t<meta name=\"twitter:data1\" content=\"3 minutos\" \/>\n<script type=\"application\/ld+json\" class=\"yoast-schema-graph\">{\"@context\":\"https:\/\/schema.org\",\"@graph\":[{\"@type\":\"WebPage\",\"@id\":\"https:\/\/cdhhgo.org\/home\/tarifas-autorizadas\/\",\"url\":\"https:\/\/cdhhgo.org\/home\/tarifas-autorizadas\/\",\"name\":\"Tarifas autorizadas - CDHEH\",\"isPartOf\":{\"@id\":\"https:\/\/cdhhgo.org\/home\/#website\"},\"datePublished\":\"2019-11-13T22:30:06+00:00\",\"dateModified\":\"2019-11-15T18:18:04+00:00\",\"breadcrumb\":{\"@id\":\"https:\/\/cdhhgo.org\/home\/tarifas-autorizadas\/#breadcrumb\"},\"inLanguage\":\"es\",\"potentialAction\":[{\"@type\":\"ReadAction\",\"target\":[\"https:\/\/cdhhgo.org\/home\/tarifas-autorizadas\/\"]}]},{\"@type\":\"BreadcrumbList\",\"@id\":\"https:\/\/cdhhgo.org\/home\/tarifas-autorizadas\/#breadcrumb\",\"itemListElement\":[{\"@type\":\"ListItem\",\"position\":1,\"name\":\"Inicio\",\"item\":\"https:\/\/cdhhgo.org\/home\/\"},{\"@type\":\"ListItem\",\"position\":2,\"name\":\"Tarifas autorizadas\"}]},{\"@type\":\"WebSite\",\"@id\":\"https:\/\/cdhhgo.org\/home\/#website\",\"url\":\"https:\/\/cdhhgo.org\/home\/\",\"name\":\"Comisi\u00f3n de Derechos Humanos del Estado de Hidalgo\",\"description\":\"comision de derechos humanos del estado de hidalgo\",\"publisher\":{\"@id\":\"https:\/\/cdhhgo.org\/home\/#organization\"},\"potentialAction\":[{\"@type\":\"SearchAction\",\"target\":{\"@type\":\"EntryPoint\",\"urlTemplate\":\"https:\/\/cdhhgo.org\/home\/?s={search_term_string}\"},\"query-input\":{\"@type\":\"PropertyValueSpecification\",\"valueRequired\":true,\"valueName\":\"search_term_string\"}}],\"inLanguage\":\"es\"},{\"@type\":\"Organization\",\"@id\":\"https:\/\/cdhhgo.org\/home\/#organization\",\"name\":\"Comisi\u00f3n de Derechos Humanos del Estado de Hidalgo\",\"url\":\"https:\/\/cdhhgo.org\/home\/\",\"logo\":{\"@type\":\"ImageObject\",\"inLanguage\":\"es\",\"@id\":\"https:\/\/cdhhgo.org\/home\/#\/schema\/logo\/image\/\",\"url\":\"https:\/\/cdhhgo.org\/home\/wp-content\/uploads\/2019\/02\/logo.jpg\",\"contentUrl\":\"https:\/\/cdhhgo.org\/home\/wp-content\/uploads\/2019\/02\/logo.jpg\",\"width\":3000,\"height\":2072,\"caption\":\"Comisi\u00f3n de Derechos Humanos del Estado de Hidalgo\"},\"image\":{\"@id\":\"https:\/\/cdhhgo.org\/home\/#\/schema\/logo\/image\/\"}}]}<\/script>\n<!-- \/ Yoast SEO plugin. -->","yoast_head_json":{"title":"Tarifas autorizadas - CDHEH","robots":{"index":"index","follow":"follow","max-snippet":"max-snippet:-1","max-image-preview":"max-image-preview:large","max-video-preview":"max-video-preview:-1"},"canonical":"https:\/\/cdhhgo.org\/home\/tarifas-autorizadas\/","og_locale":"es_MX","og_type":"article","og_title":"Tarifas autorizadas - CDHEH","og_description":"Tarifas Autorizadas En caso de existir costos para obtener la informaci\u00f3n, deber\u00e1n cubrirse de manera previa a la entrega. Las cuotas de los derechos aplicables [...]","og_url":"https:\/\/cdhhgo.org\/home\/tarifas-autorizadas\/","og_site_name":"CDHEH","article_modified_time":"2019-11-15T18:18:04+00:00","twitter_card":"summary_large_image","twitter_misc":{"Tiempo de lectura":"3 minutos"},"schema":{"@context":"https:\/\/schema.org","@graph":[{"@type":"WebPage","@id":"https:\/\/cdhhgo.org\/home\/tarifas-autorizadas\/","url":"https:\/\/cdhhgo.org\/home\/tarifas-autorizadas\/","name":"Tarifas autorizadas - CDHEH","isPartOf":{"@id":"https:\/\/cdhhgo.org\/home\/#website"},"datePublished":"2019-11-13T22:30:06+00:00","dateModified":"2019-11-15T18:18:04+00:00","breadcrumb":{"@id":"https:\/\/cdhhgo.org\/home\/tarifas-autorizadas\/#breadcrumb"},"inLanguage":"es","potentialAction":[{"@type":"ReadAction","target":["https:\/\/cdhhgo.org\/home\/tarifas-autorizadas\/"]}]},{"@type":"BreadcrumbList","@id":"https:\/\/cdhhgo.org\/home\/tarifas-autorizadas\/#breadcrumb","itemListElement":[{"@type":"ListItem","position":1,"name":"Inicio","item":"https:\/\/cdhhgo.org\/home\/"},{"@type":"ListItem","position":2,"name":"Tarifas autorizadas"}]},{"@type":"WebSite","@id":"https:\/\/cdhhgo.org\/home\/#website","url":"https:\/\/cdhhgo.org\/home\/","name":"Comisi\u00f3n de Derechos Humanos del Estado de Hidalgo","description":"comision de derechos humanos del estado de hidalgo","publisher":{"@id":"https:\/\/cdhhgo.org\/home\/#organization"},"potentialAction":[{"@type":"SearchAction","target":{"@type":"EntryPoint","urlTemplate":"https:\/\/cdhhgo.org\/home\/?s={search_term_string}"},"query-input":{"@type":"PropertyValueSpecification","valueRequired":true,"valueName":"search_term_string"}}],"inLanguage":"es"},{"@type":"Organization","@id":"https:\/\/cdhhgo.org\/home\/#organization","name":"Comisi\u00f3n de Derechos Humanos del Estado de Hidalgo","url":"https:\/\/cdhhgo.org\/home\/","logo":{"@type":"ImageObject","inLanguage":"es","@id":"https:\/\/cdhhgo.org\/home\/#\/schema\/logo\/image\/","url":"https:\/\/cdhhgo.org\/home\/wp-content\/uploads\/2019\/02\/logo.jpg","contentUrl":"https:\/\/cdhhgo.org\/home\/wp-content\/uploads\/2019\/02\/logo.jpg","width":3000,"height":2072,"caption":"Comisi\u00f3n de Derechos Humanos del Estado de Hidalgo"},"image":{"@id":"https:\/\/cdhhgo.org\/home\/#\/schema\/logo\/image\/"}}]}},"_links":{"self":[{"href":"https:\/\/cdhhgo.org\/home\/wp-json\/wp\/v2\/pages\/2003","targetHints":{"allow":["GET"]}}],"collection":[{"href":"https:\/\/cdhhgo.org\/home\/wp-json\/wp\/v2\/pages"}],"about":[{"href":"https:\/\/cdhhgo.org\/home\/wp-json\/wp\/v2\/types\/page"}],"author":[{"embeddable":true,"href":"https:\/\/cdhhgo.org\/home\/wp-json\/wp\/v2\/users\/2"}],"replies":[{"embeddable":true,"href":"https:\/\/cdhhgo.org\/home\/wp-json\/wp\/v2\/comments?post=2003"}],"version-history":[{"count":3,"href":"https:\/\/cdhhgo.org\/home\/wp-json\/wp\/v2\/pages\/2003\/revisions"}],"predecessor-version":[{"id":2023,"href":"https:\/\/cdhhgo.org\/home\/wp-json\/wp\/v2\/pages\/2003\/revisions\/2023"}],"wp:attachment":[{"href":"https:\/\/cdhhgo.org\/home\/wp-json\/wp\/v2\/media?parent=2003"}],"wp:term":[{"taxonomy":"wf_page_folders","embeddable":true,"href":"https:\/\/cdhhgo.org\/home\/wp-json\/wp\/v2\/wf_page_folders?post=2003"}],"curies":[{"name":"wp","href":"https:\/\/api.w.org\/{rel}","templated":true}]}}